{"id":16488,"date":"2024-07-01T23:32:13","date_gmt":"2024-07-02T02:32:13","guid":{"rendered":"https:\/\/farmaciadagostino.com.ar\/sitio\/producto\/edp-las-pepas-ninfa-x-100-ml\/"},"modified":"2026-03-09T10:10:32","modified_gmt":"2026-03-09T13:10:32","slug":"edp-las-pepas-ninfa-x-100-ml","status":"publish","type":"product","link":"https:\/\/farmaciadagostino.com.ar\/sitio\/producto\/edp-las-pepas-ninfa-x-100-ml\/","title":{"rendered":"Edp Las Pepas Ninfa x 100 ml"},"content":{"rendered":"<p>Las ninfas, muy agradecidas con la diosa Pepa por haberles entregado el perfume Mito, decidieron ofrendarle una esencia tambi\u00e9n a ella para honrar su generosidad y su belleza. Pasaron a\u00f1os seleccionando los aromas m\u00e1s exquisitos de sus tierras: peon\u00edas, magnolias, kiwis y frutos rojos. Tambi\u00e9n a\u00f1adieron notas de madera, \u00e1mbar y musgo a la esencia. Cuenta la leyenda, que la fragancia NINFA era tan perfecta que gener\u00f3 el revuelo de todos los pueblos.<\/p>\n","protected":false},"excerpt":{"rendered":"<p>Las ninfas, muy agradecidas con la diosa Pepa por haberles entregado el perfume Mito, decidieron ofrendarle una esencia tambi\u00e9n a ella para honrar su generosidad y su belleza<\/p>\n","protected":false},"featured_media":10952,"comment_status":"open","ping_status":"closed","template":"","meta":[],"product_brand":[],"product_cat":[237],"product_tag":[],"class_list":{"0":"post-16488","1":"product","2":"type-product","3":"status-publish","4":"has-post-thumbnail","6":"product_cat-belleza","8":"first","9":"instock","10":"shipping-taxable","11":"purchasable","12":"product-type-simple"},"_links":{"self":[{"href":"https:\/\/farmaciadagostino.com.ar\/sitio\/wp-json\/wp\/v2\/product\/16488","targetHints":{"allow":["GET"]}}],"collection":[{"href":"https:\/\/farmaciadagostino.com.ar\/sitio\/wp-json\/wp\/v2\/product"}],"about":[{"href":"https:\/\/farmaciadagostino.com.ar\/sitio\/wp-json\/wp\/v2\/types\/product"}],"replies":[{"embeddable":true,"href":"https:\/\/farmaciadagostino.com.ar\/sitio\/wp-json\/wp\/v2\/comments?post=16488"}],"wp:featuredmedia":[{"embeddable":true,"href":"https:\/\/farmaciadagostino.com.ar\/sitio\/wp-json\/wp\/v2\/media\/10952"}],"wp:attachment":[{"href":"https:\/\/farmaciadagostino.com.ar\/sitio\/wp-json\/wp\/v2\/media?parent=16488"}],"wp:term":[{"taxonomy":"product_brand","embeddable":true,"href":"https:\/\/farmaciadagostino.com.ar\/sitio\/wp-json\/wp\/v2\/product_brand?post=16488"},{"taxonomy":"product_cat","embeddable":true,"href":"https:\/\/farmaciadagostino.com.ar\/sitio\/wp-json\/wp\/v2\/product_cat?post=16488"},{"taxonomy":"product_tag","embeddable":true,"href":"https:\/\/farmaciadagostino.com.ar\/sitio\/wp-json\/wp\/v2\/product_tag?post=16488"}],"curies":[{"name":"wp","href":"https:\/\/api.w.org\/{rel}","templated":true}]}}