{"id":16504,"date":"2024-07-01T23:32:18","date_gmt":"2024-07-02T02:32:18","guid":{"rendered":"https:\/\/farmaciadagostino.com.ar\/sitio\/producto\/shampoo-dove-nutritive-secrets-ritual-de-crecimiento-x-400-ml\/"},"modified":"2026-03-09T10:25:45","modified_gmt":"2026-03-09T13:25:45","slug":"shampoo-dove-nutritive-secrets-ritual-de-crecimiento-x-400-ml","status":"publish","type":"product","link":"https:\/\/farmaciadagostino.com.ar\/sitio\/producto\/shampoo-dove-nutritive-secrets-ritual-de-crecimiento-x-400-ml\/","title":{"rendered":"Shampoo Dove Nutritive Secrets Ritual de Crecimiento x 400 ml"},"content":{"rendered":"<p>Si est\u00e1s buscando una respuesta para reparar tu pelo, descubr\u00ed los secretos de las mujeres de la India. El shampoo Dove Ritual de Crecimiento, fue inspirado en los rituales de belleza de la India para tratar el cabello da\u00f1ado con equinacea y t\u00e9 blanco: ricos ingredientes conocidos por sus propiedades reparadoras. Los productos para el pelo de la l\u00ednea Dove Ritual de Crecimiento revelan los secretos de un cabello m\u00e1s fuerte y resistentes al da\u00f1o. Un shampoo para cabello m\u00e1s fuerte y resistente a los da\u00f1os. Es nutritivo gracias a que contiene aceite de equinacea y t\u00e9 blanco. F\u00f3rmula que nutre, da suavidad y limpia el cabello. A veces no hay nada mejor que nutrir tu pelo con el mejor shampoo que puedas tener en tus manos y contar los minutos hasta develar los resultados, sabiendo que al final de tu rutina vas a tener un cabello que se vea sano y con cuerpo. Los shampoos Dove ayudan a mantener tu pelo hidratado sin dejarlo pesado, d\u00e1ndote un cabello hermoso, brillante y nutrido. Aptos para: pelo corto, pelo largo y cabellos te\u00f1idos. Es de uso diario. Para un resultado m\u00e1s \u00f3ptimo masajear sobre el cabello mojado y enjuagar. Si es necesario aplicar nuevamente. Para conseguir un mejor efecto en el pelo usar toda la l\u00ednea Dove Ritual de Crecimiento.<\/p>\n<h5>Beneficios:<\/h5>\n<p>Dove Ritual de Crecimiento te ayuda a tener un pelo m\u00e1s fuerte y resistente al da\u00f1o Los shampoos Dove Ritual de Crecimiento Inmunizan el cabello contra rutinas estresantes que causan quiebre y limitan su crecimiento. Es un tratamiento capilar que posee una f\u00f3rmula que nutre, suaviza y limpia el cabello. Deja tu cabello m\u00e1s nutrido de la ra\u00edz hasta las puntas. Utiliza el Shampoo Crecimiento para un pelo con brillo y suavidad. Dove fortalece el cabello eliminando el frizz, da\u00f1os y puntas abiertas.<\/p>\n","protected":false},"excerpt":{"rendered":"<p>Si est\u00e1s buscando una respuesta para reparar tu pelo, descubr\u00ed los secretos de las mujeres de la India<\/p>\n","protected":false},"featured_media":10653,"comment_status":"open","ping_status":"closed","template":"","meta":[],"product_brand":[],"product_cat":[237,262,152,264],"product_tag":[],"class_list":{"0":"post-16504","1":"product","2":"type-product","3":"status-publish","4":"has-post-thumbnail","6":"product_cat-belleza","7":"product_cat-promo","8":"product_cat-cuidado-personal","9":"product_cat-ofertas","11":"first","12":"instock","13":"sale","14":"shipping-taxable","15":"purchasable","16":"product-type-simple"},"_links":{"self":[{"href":"https:\/\/farmaciadagostino.com.ar\/sitio\/wp-json\/wp\/v2\/product\/16504","targetHints":{"allow":["GET"]}}],"collection":[{"href":"https:\/\/farmaciadagostino.com.ar\/sitio\/wp-json\/wp\/v2\/product"}],"about":[{"href":"https:\/\/farmaciadagostino.com.ar\/sitio\/wp-json\/wp\/v2\/types\/product"}],"replies":[{"embeddable":true,"href":"https:\/\/farmaciadagostino.com.ar\/sitio\/wp-json\/wp\/v2\/comments?post=16504"}],"wp:featuredmedia":[{"embeddable":true,"href":"https:\/\/farmaciadagostino.com.ar\/sitio\/wp-json\/wp\/v2\/media\/10653"}],"wp:attachment":[{"href":"https:\/\/farmaciadagostino.com.ar\/sitio\/wp-json\/wp\/v2\/media?parent=16504"}],"wp:term":[{"taxonomy":"product_brand","embeddable":true,"href":"https:\/\/farmaciadagostino.com.ar\/sitio\/wp-json\/wp\/v2\/product_brand?post=16504"},{"taxonomy":"product_cat","embeddable":true,"href":"https:\/\/farmaciadagostino.com.ar\/sitio\/wp-json\/wp\/v2\/product_cat?post=16504"},{"taxonomy":"product_tag","embeddable":true,"href":"https:\/\/farmaciadagostino.com.ar\/sitio\/wp-json\/wp\/v2\/product_tag?post=16504"}],"curies":[{"name":"wp","href":"https:\/\/api.w.org\/{rel}","templated":true}]}}