{"id":16515,"date":"2024-07-01T23:32:19","date_gmt":"2024-07-02T02:32:19","guid":{"rendered":"https:\/\/farmaciadagostino.com.ar\/sitio\/producto\/paco-rabanne-fragancia-lady-million-edp-for-women-80-ml\/"},"modified":"2026-03-09T10:18:42","modified_gmt":"2026-03-09T13:18:42","slug":"paco-rabanne-fragancia-lady-million-edp-for-women-80-ml","status":"publish","type":"product","link":"https:\/\/farmaciadagostino.com.ar\/sitio\/producto\/paco-rabanne-fragancia-lady-million-edp-for-women-80-ml\/","title":{"rendered":"Paco Rabanne Fragancia Lady Million Edp For Women 80 ml"},"content":{"rendered":"<p>Juega con fuego y no obedezcas a nadie. Excepto por sus fantas\u00edas. Deslumbra como nada m\u00e1s. Y trae suerte. Lady Million crea una sensaci\u00f3n de v\u00e9rtigo. Un perfume para una chica descarada, bajo los reflectores &#8230; una ni\u00f1a dorada. Lady Million es una fragancia floral y amaderada que combina flores frescas pero carnales con pachul\u00ed sexy. Un aroma fresco y adictivo, seductor, sensual. \u00a1Encantador!<\/p>\n<p>Lady Million de Paco Rabanne es una fragancia de la familia olfativa floral frutal para mujeres. La calidez, dulzor de la miel y el patchuli la convierten en una fuerte alma de seducci\u00f3n. Es una fragancia impactante, voluptuosa y ultra femenina. Neroli, absoluto de azahar, jazmin sambac, patchuli y miel. Es una de las fragancias m\u00e1s vendidas en el mundo.<\/p>\n","protected":false},"excerpt":{"rendered":"<p>Juega con fuego y no obedezcas a nadie<\/p>\n","protected":false},"featured_media":7432,"comment_status":"open","ping_status":"closed","template":"","meta":[],"product_brand":[],"product_cat":[237],"product_tag":[],"class_list":{"0":"post-16515","1":"product","2":"type-product","3":"status-publish","4":"has-post-thumbnail","6":"product_cat-belleza","8":"first","9":"instock","10":"shipping-taxable","11":"purchasable","12":"product-type-simple"},"_links":{"self":[{"href":"https:\/\/farmaciadagostino.com.ar\/sitio\/wp-json\/wp\/v2\/product\/16515","targetHints":{"allow":["GET"]}}],"collection":[{"href":"https:\/\/farmaciadagostino.com.ar\/sitio\/wp-json\/wp\/v2\/product"}],"about":[{"href":"https:\/\/farmaciadagostino.com.ar\/sitio\/wp-json\/wp\/v2\/types\/product"}],"replies":[{"embeddable":true,"href":"https:\/\/farmaciadagostino.com.ar\/sitio\/wp-json\/wp\/v2\/comments?post=16515"}],"wp:featuredmedia":[{"embeddable":true,"href":"https:\/\/farmaciadagostino.com.ar\/sitio\/wp-json\/wp\/v2\/media\/7432"}],"wp:attachment":[{"href":"https:\/\/farmaciadagostino.com.ar\/sitio\/wp-json\/wp\/v2\/media?parent=16515"}],"wp:term":[{"taxonomy":"product_brand","embeddable":true,"href":"https:\/\/farmaciadagostino.com.ar\/sitio\/wp-json\/wp\/v2\/product_brand?post=16515"},{"taxonomy":"product_cat","embeddable":true,"href":"https:\/\/farmaciadagostino.com.ar\/sitio\/wp-json\/wp\/v2\/product_cat?post=16515"},{"taxonomy":"product_tag","embeddable":true,"href":"https:\/\/farmaciadagostino.com.ar\/sitio\/wp-json\/wp\/v2\/product_tag?post=16515"}],"curies":[{"name":"wp","href":"https:\/\/api.w.org\/{rel}","templated":true}]}}