{"id":16516,"date":"2024-07-01T23:32:19","date_gmt":"2024-07-02T02:32:19","guid":{"rendered":"https:\/\/farmaciadagostino.com.ar\/sitio\/producto\/shampoo-dove-ritual-de-reparacion-coco-y-curcuma-400-ml\/"},"modified":"2026-03-09T10:25:45","modified_gmt":"2026-03-09T13:25:45","slug":"shampoo-dove-ritual-de-reparacion-coco-y-curcuma-400-ml","status":"publish","type":"product","link":"https:\/\/farmaciadagostino.com.ar\/sitio\/producto\/shampoo-dove-ritual-de-reparacion-coco-y-curcuma-400-ml\/","title":{"rendered":"Shampoo Dove Ritual de Reparaci\u00f3n Coco Y C\u00farcuma 400 ml"},"content":{"rendered":"<p>El Shampoo Dove ayuda a reparar los da\u00f1os profundos desde el interior del pelo. <\/p>\n<h5>Beneficios:<\/h5>\n<p> Ritual de Reparaci\u00f3n es un shampoo nutritivo con aceite de coco y c\u00farcuma. Ayuda a conseguir un cabello m\u00e1s fuerte y resistente a los da\u00f1os y a los quiebres. Deja tu cabello nutrido y con suavidad. El tratamiento capilar que hidrata y fortalece desde la ra\u00edz hasta las puntas. Le brinda a tu cabello un brillo superior y ayuda a reducir el frizz. Repara visiblemente los signos superficiales del desgaste, da\u00f1os, puntas abiertas y pelo te\u00f1ido. <\/p>\n","protected":false},"excerpt":{"rendered":"<p>El Shampoo Dove ayuda a reparar los da\u00f1os profundos desde el interior del pelo<\/p>\n","protected":false},"featured_media":10646,"comment_status":"open","ping_status":"closed","template":"","meta":[],"product_brand":[],"product_cat":[237,262,152],"product_tag":[],"class_list":{"0":"post-16516","1":"product","2":"type-product","3":"status-publish","4":"has-post-thumbnail","6":"product_cat-belleza","7":"product_cat-promo","8":"product_cat-cuidado-personal","10":"first","11":"instock","12":"sale","13":"shipping-taxable","14":"purchasable","15":"product-type-simple"},"_links":{"self":[{"href":"https:\/\/farmaciadagostino.com.ar\/sitio\/wp-json\/wp\/v2\/product\/16516","targetHints":{"allow":["GET"]}}],"collection":[{"href":"https:\/\/farmaciadagostino.com.ar\/sitio\/wp-json\/wp\/v2\/product"}],"about":[{"href":"https:\/\/farmaciadagostino.com.ar\/sitio\/wp-json\/wp\/v2\/types\/product"}],"replies":[{"embeddable":true,"href":"https:\/\/farmaciadagostino.com.ar\/sitio\/wp-json\/wp\/v2\/comments?post=16516"}],"wp:featuredmedia":[{"embeddable":true,"href":"https:\/\/farmaciadagostino.com.ar\/sitio\/wp-json\/wp\/v2\/media\/10646"}],"wp:attachment":[{"href":"https:\/\/farmaciadagostino.com.ar\/sitio\/wp-json\/wp\/v2\/media?parent=16516"}],"wp:term":[{"taxonomy":"product_brand","embeddable":true,"href":"https:\/\/farmaciadagostino.com.ar\/sitio\/wp-json\/wp\/v2\/product_brand?post=16516"},{"taxonomy":"product_cat","embeddable":true,"href":"https:\/\/farmaciadagostino.com.ar\/sitio\/wp-json\/wp\/v2\/product_cat?post=16516"},{"taxonomy":"product_tag","embeddable":true,"href":"https:\/\/farmaciadagostino.com.ar\/sitio\/wp-json\/wp\/v2\/product_tag?post=16516"}],"curies":[{"name":"wp","href":"https:\/\/api.w.org\/{rel}","templated":true}]}}