{"id":16523,"date":"2024-07-01T23:32:20","date_gmt":"2024-07-02T02:32:20","guid":{"rendered":"https:\/\/farmaciadagostino.com.ar\/sitio\/producto\/elvive-shampoo-dream-long-liss-200-ml\/"},"modified":"2026-03-09T10:25:45","modified_gmt":"2026-03-09T13:25:45","slug":"elvive-shampoo-dream-long-liss-200-ml","status":"publish","type":"product","link":"https:\/\/farmaciadagostino.com.ar\/sitio\/producto\/elvive-shampoo-dream-long-liss-200-ml\/","title":{"rendered":"Elvive Shampoo Dream Long Liss 200 ml"},"content":{"rendered":"<p>Shampoo reconstructor con su poderosa f\u00f3rmula cremosa reparadora, es perfecto para decir adi\u00f3s a los largos que se afinan y se da\u00f1an. Su f\u00f3rmula est\u00e1 enriquecida con un poderoso c\u00f3ctel de: <\/p>\n<p>&#8211; ACEITE DE RICINO: nutre, aporta brillo y te ayuda a mantener el pelo largo.\n<\/p>\n<p>&#8211; QUERATINA VEGETAL: reconstituye tu pelo hasta las puntas.<\/p>\n<p>-VITAMINAS: mantienen tu pelo m\u00e1s fuerte.<\/p>\n","protected":false},"excerpt":{"rendered":"<p>Shampoo reconstructor con su poderosa f\u00f3rmula cremosa reparadora, es perfecto para decir adi\u00f3s a los largos que se afinan y se da\u00f1an<\/p>\n","protected":false},"featured_media":9563,"comment_status":"open","ping_status":"closed","template":"","meta":[],"product_brand":[],"product_cat":[237,262,152,264],"product_tag":[],"class_list":{"0":"post-16523","1":"product","2":"type-product","3":"status-publish","4":"has-post-thumbnail","6":"product_cat-belleza","7":"product_cat-promo","8":"product_cat-cuidado-personal","9":"product_cat-ofertas","11":"first","12":"instock","13":"sale","14":"shipping-taxable","15":"purchasable","16":"product-type-simple"},"_links":{"self":[{"href":"https:\/\/farmaciadagostino.com.ar\/sitio\/wp-json\/wp\/v2\/product\/16523","targetHints":{"allow":["GET"]}}],"collection":[{"href":"https:\/\/farmaciadagostino.com.ar\/sitio\/wp-json\/wp\/v2\/product"}],"about":[{"href":"https:\/\/farmaciadagostino.com.ar\/sitio\/wp-json\/wp\/v2\/types\/product"}],"replies":[{"embeddable":true,"href":"https:\/\/farmaciadagostino.com.ar\/sitio\/wp-json\/wp\/v2\/comments?post=16523"}],"wp:featuredmedia":[{"embeddable":true,"href":"https:\/\/farmaciadagostino.com.ar\/sitio\/wp-json\/wp\/v2\/media\/9563"}],"wp:attachment":[{"href":"https:\/\/farmaciadagostino.com.ar\/sitio\/wp-json\/wp\/v2\/media?parent=16523"}],"wp:term":[{"taxonomy":"product_brand","embeddable":true,"href":"https:\/\/farmaciadagostino.com.ar\/sitio\/wp-json\/wp\/v2\/product_brand?post=16523"},{"taxonomy":"product_cat","embeddable":true,"href":"https:\/\/farmaciadagostino.com.ar\/sitio\/wp-json\/wp\/v2\/product_cat?post=16523"},{"taxonomy":"product_tag","embeddable":true,"href":"https:\/\/farmaciadagostino.com.ar\/sitio\/wp-json\/wp\/v2\/product_tag?post=16523"}],"curies":[{"name":"wp","href":"https:\/\/api.w.org\/{rel}","templated":true}]}}