{"id":16534,"date":"2024-07-01T23:32:22","date_gmt":"2024-07-02T02:32:22","guid":{"rendered":"https:\/\/farmaciadagostino.com.ar\/sitio\/producto\/elvive-shampoo-kera-liso-brillo-y-suavidad-200-ml\/"},"modified":"2026-03-09T10:18:42","modified_gmt":"2026-03-09T13:18:42","slug":"elvive-shampoo-kera-liso-brillo-y-suavidad-200-ml","status":"publish","type":"product","link":"https:\/\/farmaciadagostino.com.ar\/sitio\/producto\/elvive-shampoo-kera-liso-brillo-y-suavidad-200-ml\/","title":{"rendered":"Elvive Shampoo Kera Liso Brillo Y Suavidad 200 ml."},"content":{"rendered":"<p> \u00bfQuieres un lacio perfecto? Nuestro Shampoo Perfeccionador, con Micro-Queratina + \u00d3leo de Jojoba y con efecto Anti-sal\u00b0, transforma tu cabello naturalmente lacio.Elvive Keraliso Brillo y Sedosidad para cabello lacio <\/p>\n<h5>Beneficios:<\/h5>\n<p>1. Hidrata el cabello sin dejarlo pesado. <\/p>\n<p>&#8211; 2. Alisa la superficie fibra a fibra y controla el frizz. <\/p>\n<p>-3. Tu cabello luce brillante y saludable. <\/p>\n<h5>Modo de uso:<\/h5>\n<p> Aplicar sobre el cabello h\u00famedo. <\/p>\n<p>&#8211; Masajear suavemente y enjuagar. <\/p>\n<p>&#8211; Para un cabello m\u00e1s lacio y perfecto, utilizar los otros productos de la l\u00ednea ELVIVE KERA-LISO BRILLO &amp; SEDOSIDAD. <\/p>\n<h5>Advertencias:<\/h5>\n<p> Ev\u00edtese el contacto con los ojos. <\/p>\n<p>-En caso de contacto con los ojos, enjuague inmediatamente. <\/p>\n<p>-Mant\u00e9ngase fuera del alcance de los ni\u00f1os. Si observa alguna reacci\u00f3n desfavorable suspenda su uso. <\/p>\n","protected":false},"excerpt":{"rendered":"<p> \u00bfQuieres un lacio perfecto? Nuestro Shampoo Perfeccionador, con Micro-Queratina + \u00d3leo de Jojoba y con efecto Anti-sal\u00b0, transforma tu cabello naturalmente lacio<\/p>\n","protected":false},"featured_media":9423,"comment_status":"open","ping_status":"closed","template":"","meta":[],"product_brand":[],"product_cat":[237,262,152,264],"product_tag":[],"class_list":{"0":"post-16534","1":"product","2":"type-product","3":"status-publish","4":"has-post-thumbnail","6":"product_cat-belleza","7":"product_cat-promo","8":"product_cat-cuidado-personal","9":"product_cat-ofertas","11":"first","12":"instock","13":"shipping-taxable","14":"purchasable","15":"product-type-simple"},"_links":{"self":[{"href":"https:\/\/farmaciadagostino.com.ar\/sitio\/wp-json\/wp\/v2\/product\/16534","targetHints":{"allow":["GET"]}}],"collection":[{"href":"https:\/\/farmaciadagostino.com.ar\/sitio\/wp-json\/wp\/v2\/product"}],"about":[{"href":"https:\/\/farmaciadagostino.com.ar\/sitio\/wp-json\/wp\/v2\/types\/product"}],"replies":[{"embeddable":true,"href":"https:\/\/farmaciadagostino.com.ar\/sitio\/wp-json\/wp\/v2\/comments?post=16534"}],"wp:featuredmedia":[{"embeddable":true,"href":"https:\/\/farmaciadagostino.com.ar\/sitio\/wp-json\/wp\/v2\/media\/9423"}],"wp:attachment":[{"href":"https:\/\/farmaciadagostino.com.ar\/sitio\/wp-json\/wp\/v2\/media?parent=16534"}],"wp:term":[{"taxonomy":"product_brand","embeddable":true,"href":"https:\/\/farmaciadagostino.com.ar\/sitio\/wp-json\/wp\/v2\/product_brand?post=16534"},{"taxonomy":"product_cat","embeddable":true,"href":"https:\/\/farmaciadagostino.com.ar\/sitio\/wp-json\/wp\/v2\/product_cat?post=16534"},{"taxonomy":"product_tag","embeddable":true,"href":"https:\/\/farmaciadagostino.com.ar\/sitio\/wp-json\/wp\/v2\/product_tag?post=16534"}],"curies":[{"name":"wp","href":"https:\/\/api.w.org\/{rel}","templated":true}]}}