{"id":16539,"date":"2024-07-01T23:32:27","date_gmt":"2024-07-02T02:32:27","guid":{"rendered":"https:\/\/farmaciadagostino.com.ar\/sitio\/producto\/elvive-shampoo-oleo-extraordinario-nutricion-profunda-200-ml\/"},"modified":"2026-03-09T10:18:42","modified_gmt":"2026-03-09T13:18:42","slug":"elvive-shampoo-oleo-extraordinario-nutricion-profunda-200-ml","status":"publish","type":"product","link":"https:\/\/farmaciadagostino.com.ar\/sitio\/producto\/elvive-shampoo-oleo-extraordinario-nutricion-profunda-200-ml\/","title":{"rendered":"Elvive Shampoo Oleo Extraordinario Nutrici\u00f3n Profunda 200 ml"},"content":{"rendered":"<p>\u00bfCabello muy seco? Tu cabello necesita una nutrici\u00f3n intensa. Nuestro Shampoo Nutrici\u00f3n Intensa, con \u00d3leo de Coco y con efecto Anti-Sal\u00b0, penetra en la fibra capilar para transformar tu cabello de forma extraordinaria.. Elvive \u00d3leo Extraordinario Coco para cabello muy seco.<\/p>\n<h5>Beneficios:<\/h5>\n<p>1. Suavidad y brillo incre\u00edble.<\/p>\n<p>2. Disciplina y control del frizz.<\/p>\n<p>3. Aplicar sobre el cabello h\u00famedo.<\/p>\n<\/p>\n<h5>Modo de uso:<\/h5>\n<p>Masajear suavemente y enjuagar. Para mejores resultados utilizar los otros productos de la l\u00ednea ELVIVE \u00d3LEO EXTRAORDINARIO COCO. Ev\u00edtese el contacto con los ojos. En caso de contacto con los ojos, enjuague inmediatamente. Mant\u00e9ngase fuera del alcance de los ni\u00f1os. Si observa alguna reacci\u00f3n desfavorable suspenda su uso.<\/p>\n","protected":false},"excerpt":{"rendered":"<p>\u00bfCabello muy seco? Tu cabello necesita una nutrici\u00f3n intensa<\/p>\n","protected":false},"featured_media":9432,"comment_status":"open","ping_status":"closed","template":"","meta":[],"product_brand":[],"product_cat":[237,262,152,264],"product_tag":[],"class_list":{"0":"post-16539","1":"product","2":"type-product","3":"status-publish","4":"has-post-thumbnail","6":"product_cat-belleza","7":"product_cat-promo","8":"product_cat-cuidado-personal","9":"product_cat-ofertas","11":"first","12":"instock","13":"sale","14":"shipping-taxable","15":"purchasable","16":"product-type-simple"},"_links":{"self":[{"href":"https:\/\/farmaciadagostino.com.ar\/sitio\/wp-json\/wp\/v2\/product\/16539","targetHints":{"allow":["GET"]}}],"collection":[{"href":"https:\/\/farmaciadagostino.com.ar\/sitio\/wp-json\/wp\/v2\/product"}],"about":[{"href":"https:\/\/farmaciadagostino.com.ar\/sitio\/wp-json\/wp\/v2\/types\/product"}],"replies":[{"embeddable":true,"href":"https:\/\/farmaciadagostino.com.ar\/sitio\/wp-json\/wp\/v2\/comments?post=16539"}],"wp:featuredmedia":[{"embeddable":true,"href":"https:\/\/farmaciadagostino.com.ar\/sitio\/wp-json\/wp\/v2\/media\/9432"}],"wp:attachment":[{"href":"https:\/\/farmaciadagostino.com.ar\/sitio\/wp-json\/wp\/v2\/media?parent=16539"}],"wp:term":[{"taxonomy":"product_brand","embeddable":true,"href":"https:\/\/farmaciadagostino.com.ar\/sitio\/wp-json\/wp\/v2\/product_brand?post=16539"},{"taxonomy":"product_cat","embeddable":true,"href":"https:\/\/farmaciadagostino.com.ar\/sitio\/wp-json\/wp\/v2\/product_cat?post=16539"},{"taxonomy":"product_tag","embeddable":true,"href":"https:\/\/farmaciadagostino.com.ar\/sitio\/wp-json\/wp\/v2\/product_tag?post=16539"}],"curies":[{"name":"wp","href":"https:\/\/api.w.org\/{rel}","templated":true}]}}