{"id":16545,"date":"2024-07-01T23:32:28","date_gmt":"2024-07-02T02:32:28","guid":{"rendered":"https:\/\/farmaciadagostino.com.ar\/sitio\/producto\/shampoo-elvive-hidra-hialuronico-x-200-ml\/"},"modified":"2026-03-09T10:18:42","modified_gmt":"2026-03-09T13:18:42","slug":"shampoo-elvive-hidra-hialuronico-x-200-ml","status":"publish","type":"product","link":"https:\/\/farmaciadagostino.com.ar\/sitio\/producto\/shampoo-elvive-hidra-hialuronico-x-200-ml\/","title":{"rendered":"Shampoo Elvive Hidra Hialur\u00f3nico x 200 ml"},"content":{"rendered":"<p>El shampoo Hidra rellenador, con \u00c1cido Hialur\u00f3nico y efecto Anti-Sal\u00b0, recarga la fibra con una hidrataci\u00f3n intensa para una transformaci\u00f3n instant\u00e1nea y un cabello suave, ligero y brillante. Elvive Hidra Hialur\u00f3nico para cabello deshidratado.<\/p>\n<h5>Beneficios:<\/h5>\n<p>1. 4x m\u00e1s hidrataci\u00f3n.<\/p>\n<p>2. Limpieza profunda.<\/p>\n<p>3. Suavidad y brillo intenso.<\/p>\n<h5>Modo de uso:<\/h5>\n<p>Aplicar sobre el cabello h\u00famedo. Masajear suavemente y enjuagar.<\/p>\n","protected":false},"excerpt":{"rendered":"<p>El shampoo Hidra rellenador, con \u00c1cido Hialur\u00f3nico y efecto Anti-Sal\u00b0, recarga la fibra con una hidrataci\u00f3n intensa para una transformaci\u00f3n instant\u00e1nea y un cabello suave, ligero y brillante<\/p>\n","protected":false},"featured_media":9706,"comment_status":"open","ping_status":"closed","template":"","meta":[],"product_brand":[],"product_cat":[237,262,152,264],"product_tag":[],"class_list":{"0":"post-16545","1":"product","2":"type-product","3":"status-publish","4":"has-post-thumbnail","6":"product_cat-belleza","7":"product_cat-promo","8":"product_cat-cuidado-personal","9":"product_cat-ofertas","11":"first","12":"instock","13":"sale","14":"shipping-taxable","15":"purchasable","16":"product-type-simple"},"_links":{"self":[{"href":"https:\/\/farmaciadagostino.com.ar\/sitio\/wp-json\/wp\/v2\/product\/16545","targetHints":{"allow":["GET"]}}],"collection":[{"href":"https:\/\/farmaciadagostino.com.ar\/sitio\/wp-json\/wp\/v2\/product"}],"about":[{"href":"https:\/\/farmaciadagostino.com.ar\/sitio\/wp-json\/wp\/v2\/types\/product"}],"replies":[{"embeddable":true,"href":"https:\/\/farmaciadagostino.com.ar\/sitio\/wp-json\/wp\/v2\/comments?post=16545"}],"wp:featuredmedia":[{"embeddable":true,"href":"https:\/\/farmaciadagostino.com.ar\/sitio\/wp-json\/wp\/v2\/media\/9706"}],"wp:attachment":[{"href":"https:\/\/farmaciadagostino.com.ar\/sitio\/wp-json\/wp\/v2\/media?parent=16545"}],"wp:term":[{"taxonomy":"product_brand","embeddable":true,"href":"https:\/\/farmaciadagostino.com.ar\/sitio\/wp-json\/wp\/v2\/product_brand?post=16545"},{"taxonomy":"product_cat","embeddable":true,"href":"https:\/\/farmaciadagostino.com.ar\/sitio\/wp-json\/wp\/v2\/product_cat?post=16545"},{"taxonomy":"product_tag","embeddable":true,"href":"https:\/\/farmaciadagostino.com.ar\/sitio\/wp-json\/wp\/v2\/product_tag?post=16545"}],"curies":[{"name":"wp","href":"https:\/\/api.w.org\/{rel}","templated":true}]}}