{"id":16569,"date":"2024-07-01T23:32:34","date_gmt":"2024-07-02T02:32:34","guid":{"rendered":"https:\/\/farmaciadagostino.com.ar\/sitio\/producto\/benito-fernandez-reina-eau-de-parfum-85-ml\/"},"modified":"2026-03-09T10:18:42","modified_gmt":"2026-03-09T13:18:42","slug":"benito-fernandez-reina-eau-de-parfum-85-ml","status":"publish","type":"product","link":"https:\/\/farmaciadagostino.com.ar\/sitio\/producto\/benito-fernandez-reina-eau-de-parfum-85-ml\/","title":{"rendered":"Benito Fernandez Reina Eau de Parfum 85 ml"},"content":{"rendered":"<p>BENITO FERNANDEZ presenta su segunda fragancia. Luego del gran \u00e9xito y repercusi\u00f3n, que obtuvo el dise\u00f1ador Benito Fern\u00e1ndez con su primer lanzamiento Benito Fern\u00e1ndez Perfume, llega el momento de presentar una nueva gran fragancia: REINA.<br \/>\nUn exquisito Eau de Parfum que simboliza el poder femenino, la elegancia, la sofisticaci\u00f3n e inteligencia que toda mujer lleva dentro. Moderno, no s\u00f3lo por la est\u00e9tica, sino tambi\u00e9n en su contenido, la pir\u00e1mide olfativa dar\u00e1 mucho que hablar. En sus notas de salida, REINA sorprende con delicadas fusiones florales de gardenia y nardo, un cuerpo dulce con cardamomo, jazmines y un toque de clavo de olor, y un fondo intenso, con madera de cedro, musk y \u00e1mbar.<br \/>\nDice Benito: \u201cREINA es un perfume para la mujer de hoy. Una mujer con personalidad, moderna y seductora. Una fragancia que cautiva. Su color y textura le da el concepto a esta m\u00e1gica sensaci\u00f3n de ser una REINA\u201d.<\/p>\n<p>Pir\u00e1mide Olfativa<br \/>\nSalida: Gardenia, Tuberose<br \/>\nCoraz\u00f3n: Jazm\u00edn Absolute, Clove Oil, Cardamomo<br \/>\nBase: Cedro, Ylang Ylang, Musk, Ambar<\/p>\n","protected":false},"excerpt":{"rendered":"<p>BENITO FERNANDEZ presenta su segunda fragancia<\/p>\n","protected":false},"featured_media":12224,"comment_status":"open","ping_status":"closed","template":"","meta":[],"product_brand":[],"product_cat":[237],"product_tag":[],"class_list":{"0":"post-16569","1":"product","2":"type-product","3":"status-publish","4":"has-post-thumbnail","6":"product_cat-belleza","8":"first","9":"instock","10":"shipping-taxable","11":"purchasable","12":"product-type-simple"},"_links":{"self":[{"href":"https:\/\/farmaciadagostino.com.ar\/sitio\/wp-json\/wp\/v2\/product\/16569","targetHints":{"allow":["GET"]}}],"collection":[{"href":"https:\/\/farmaciadagostino.com.ar\/sitio\/wp-json\/wp\/v2\/product"}],"about":[{"href":"https:\/\/farmaciadagostino.com.ar\/sitio\/wp-json\/wp\/v2\/types\/product"}],"replies":[{"embeddable":true,"href":"https:\/\/farmaciadagostino.com.ar\/sitio\/wp-json\/wp\/v2\/comments?post=16569"}],"wp:featuredmedia":[{"embeddable":true,"href":"https:\/\/farmaciadagostino.com.ar\/sitio\/wp-json\/wp\/v2\/media\/12224"}],"wp:attachment":[{"href":"https:\/\/farmaciadagostino.com.ar\/sitio\/wp-json\/wp\/v2\/media?parent=16569"}],"wp:term":[{"taxonomy":"product_brand","embeddable":true,"href":"https:\/\/farmaciadagostino.com.ar\/sitio\/wp-json\/wp\/v2\/product_brand?post=16569"},{"taxonomy":"product_cat","embeddable":true,"href":"https:\/\/farmaciadagostino.com.ar\/sitio\/wp-json\/wp\/v2\/product_cat?post=16569"},{"taxonomy":"product_tag","embeddable":true,"href":"https:\/\/farmaciadagostino.com.ar\/sitio\/wp-json\/wp\/v2\/product_tag?post=16569"}],"curies":[{"name":"wp","href":"https:\/\/api.w.org\/{rel}","templated":true}]}}