{"id":16586,"date":"2024-07-01T23:32:36","date_gmt":"2024-07-02T02:32:36","guid":{"rendered":"https:\/\/farmaciadagostino.com.ar\/sitio\/producto\/pantene-shampoo-prov-miracles-revitalizacion-400-ml\/"},"modified":"2026-03-09T10:25:45","modified_gmt":"2026-03-09T13:25:45","slug":"pantene-shampoo-prov-miracles-revitalizacion-400-ml","status":"publish","type":"product","link":"https:\/\/farmaciadagostino.com.ar\/sitio\/producto\/pantene-shampoo-prov-miracles-revitalizacion-400-ml\/","title":{"rendered":"Pantene Shampoo Prov Miracles Revitalizacion 400 ml"},"content":{"rendered":"<p>\u00bfTu pelo necesita una reparaci\u00f3n profunda? El Shampoo Pantene Pro-V Miracles Revitalizaci\u00f3n repara el da\u00f1o del pelo tratado qu\u00edmicamente desde el primer uso.Su nueva f\u00f3rmula con Antioxidante, Extracto de Frambuesa y Pro-Vitamina B5 funciona como un suplemento que penetra profundamente en tu pelo ayudando a reparar e hidratar desde la ra\u00edz incluso despu\u00e9s de tratamientos qu\u00edmicos.Para mejores resultados us\u00e1 el sistema de Shampoo y Acondicionador Pantene Revitalizaci\u00f3n. Usando sistema Pantene. Da\u00f1o al brillo y la suavidad. Usando sistema Pantene.<\/p>\n","protected":false},"excerpt":{"rendered":"<p>\u00bfTu pelo necesita una reparaci\u00f3n profunda? El Shampoo Pantene Pro-V Miracles Revitalizaci\u00f3n repara el da\u00f1o del pelo tratado qu\u00edmicamente desde el primer uso<\/p>\n","protected":false},"featured_media":8996,"comment_status":"open","ping_status":"closed","template":"","meta":[],"product_brand":[],"product_cat":[237,152],"product_tag":[],"class_list":{"0":"post-16586","1":"product","2":"type-product","3":"status-publish","4":"has-post-thumbnail","6":"product_cat-belleza","7":"product_cat-cuidado-personal","9":"first","10":"instock","11":"shipping-taxable","12":"purchasable","13":"product-type-simple"},"_links":{"self":[{"href":"https:\/\/farmaciadagostino.com.ar\/sitio\/wp-json\/wp\/v2\/product\/16586","targetHints":{"allow":["GET"]}}],"collection":[{"href":"https:\/\/farmaciadagostino.com.ar\/sitio\/wp-json\/wp\/v2\/product"}],"about":[{"href":"https:\/\/farmaciadagostino.com.ar\/sitio\/wp-json\/wp\/v2\/types\/product"}],"replies":[{"embeddable":true,"href":"https:\/\/farmaciadagostino.com.ar\/sitio\/wp-json\/wp\/v2\/comments?post=16586"}],"wp:featuredmedia":[{"embeddable":true,"href":"https:\/\/farmaciadagostino.com.ar\/sitio\/wp-json\/wp\/v2\/media\/8996"}],"wp:attachment":[{"href":"https:\/\/farmaciadagostino.com.ar\/sitio\/wp-json\/wp\/v2\/media?parent=16586"}],"wp:term":[{"taxonomy":"product_brand","embeddable":true,"href":"https:\/\/farmaciadagostino.com.ar\/sitio\/wp-json\/wp\/v2\/product_brand?post=16586"},{"taxonomy":"product_cat","embeddable":true,"href":"https:\/\/farmaciadagostino.com.ar\/sitio\/wp-json\/wp\/v2\/product_cat?post=16586"},{"taxonomy":"product_tag","embeddable":true,"href":"https:\/\/farmaciadagostino.com.ar\/sitio\/wp-json\/wp\/v2\/product_tag?post=16586"}],"curies":[{"name":"wp","href":"https:\/\/api.w.org\/{rel}","templated":true}]}}