{"id":16588,"date":"2024-07-01T23:32:36","date_gmt":"2024-07-02T02:32:36","guid":{"rendered":"https:\/\/farmaciadagostino.com.ar\/sitio\/producto\/pantene-shampoo-prov-miracles-volumen-200-ml\/"},"modified":"2026-03-09T10:18:42","modified_gmt":"2026-03-09T13:18:42","slug":"pantene-shampoo-prov-miracles-volumen-200-ml","status":"publish","type":"product","link":"https:\/\/farmaciadagostino.com.ar\/sitio\/producto\/pantene-shampoo-prov-miracles-volumen-200-ml\/","title":{"rendered":"Pantene Shampoo Prov Miracles Volumen 200 ml"},"content":{"rendered":"<p>\u00bfQuieres evitar la ca\u00edda de tu pelo? Pantene Pro-V Miracles Volumen previene la ca\u00edda debido al quiebre desde el primer uso. Su nueva f\u00f3rmula con Vitamina E, Antioxidante y Pro-Vitamina B5 funciona como un suplemento que penetra profundamente en tu pelo ayudando a reducir la ca\u00edda debido al quiebre, cubriendo cada hebra hasta las puntas como un escudo protector brind\u00e1ndole suavidad &amp; fuerza.<\/p>\n","protected":false},"excerpt":{"rendered":"<p>\u00bfQuieres evitar la ca\u00edda de tu pelo? Pantene Pro-V Miracles Volumen previene la ca\u00edda debido al quiebre desde el primer uso<\/p>\n","protected":false},"featured_media":8951,"comment_status":"open","ping_status":"closed","template":"","meta":[],"product_brand":[],"product_cat":[237,152],"product_tag":[],"class_list":{"0":"post-16588","1":"product","2":"type-product","3":"status-publish","4":"has-post-thumbnail","6":"product_cat-belleza","7":"product_cat-cuidado-personal","9":"first","10":"instock","11":"shipping-taxable","12":"purchasable","13":"product-type-simple"},"_links":{"self":[{"href":"https:\/\/farmaciadagostino.com.ar\/sitio\/wp-json\/wp\/v2\/product\/16588","targetHints":{"allow":["GET"]}}],"collection":[{"href":"https:\/\/farmaciadagostino.com.ar\/sitio\/wp-json\/wp\/v2\/product"}],"about":[{"href":"https:\/\/farmaciadagostino.com.ar\/sitio\/wp-json\/wp\/v2\/types\/product"}],"replies":[{"embeddable":true,"href":"https:\/\/farmaciadagostino.com.ar\/sitio\/wp-json\/wp\/v2\/comments?post=16588"}],"wp:featuredmedia":[{"embeddable":true,"href":"https:\/\/farmaciadagostino.com.ar\/sitio\/wp-json\/wp\/v2\/media\/8951"}],"wp:attachment":[{"href":"https:\/\/farmaciadagostino.com.ar\/sitio\/wp-json\/wp\/v2\/media?parent=16588"}],"wp:term":[{"taxonomy":"product_brand","embeddable":true,"href":"https:\/\/farmaciadagostino.com.ar\/sitio\/wp-json\/wp\/v2\/product_brand?post=16588"},{"taxonomy":"product_cat","embeddable":true,"href":"https:\/\/farmaciadagostino.com.ar\/sitio\/wp-json\/wp\/v2\/product_cat?post=16588"},{"taxonomy":"product_tag","embeddable":true,"href":"https:\/\/farmaciadagostino.com.ar\/sitio\/wp-json\/wp\/v2\/product_tag?post=16588"}],"curies":[{"name":"wp","href":"https:\/\/api.w.org\/{rel}","templated":true}]}}