{"id":16589,"date":"2024-07-01T23:32:36","date_gmt":"2024-07-02T02:32:36","guid":{"rendered":"https:\/\/farmaciadagostino.com.ar\/sitio\/producto\/cher-fragancia-dieciocho-edp-for-women-50-ml\/"},"modified":"2026-03-09T10:25:45","modified_gmt":"2026-03-09T13:25:45","slug":"cher-fragancia-dieciocho-edp-for-women-50-ml","status":"publish","type":"product","link":"https:\/\/farmaciadagostino.com.ar\/sitio\/producto\/cher-fragancia-dieciocho-edp-for-women-50-ml\/","title":{"rendered":"Cher Fragancia Dieciocho Edp For Women 50 ml"},"content":{"rendered":"<p>Un \u00edcono dentro de las fragancias Cher, constituye una fragancia protagonista y femenina. Su salida es floral frutada, con gardenias y mandarina sangu\u00ednea. Su cuerpo es poderoso y combina miel, azahar, durazno y jazm\u00edn. Provoca una explosi\u00f3n de femineidad distinguida. Dieciocho, una fragancia intensa, sensual y femenina inspirada en una de las ciudad musa de Mar\u00eda: Los \u00c1ngeles. Las playas californianas y el glamour de Hollywood, atravesados por la diversidad y la lucha, se transforman en una moda casual y despreocupada.<\/p>\n<p>Notas de salida:gardenia, naranja, mandarina<\/p>\n<p>Notas de coraz\u00f3n: miel, jazm\u00edn, flor azahar, durazno<\/p>\n<p>Notas de fondo: pachul\u00ed, cera de abeja, caramelo <\/p>\n<p>Aroma: Floral, Chipre, Golosa<\/p>\n","protected":false},"excerpt":{"rendered":"<p>Un \u00edcono dentro de las fragancias Cher, constituye una fragancia protagonista y femenina<\/p>\n","protected":false},"featured_media":19554,"comment_status":"open","ping_status":"closed","template":"","meta":[],"product_brand":[],"product_cat":[237],"product_tag":[],"class_list":{"0":"post-16589","1":"product","2":"type-product","3":"status-publish","4":"has-post-thumbnail","6":"product_cat-belleza","8":"first","9":"instock","10":"shipping-taxable","11":"purchasable","12":"product-type-simple"},"_links":{"self":[{"href":"https:\/\/farmaciadagostino.com.ar\/sitio\/wp-json\/wp\/v2\/product\/16589","targetHints":{"allow":["GET"]}}],"collection":[{"href":"https:\/\/farmaciadagostino.com.ar\/sitio\/wp-json\/wp\/v2\/product"}],"about":[{"href":"https:\/\/farmaciadagostino.com.ar\/sitio\/wp-json\/wp\/v2\/types\/product"}],"replies":[{"embeddable":true,"href":"https:\/\/farmaciadagostino.com.ar\/sitio\/wp-json\/wp\/v2\/comments?post=16589"}],"wp:featuredmedia":[{"embeddable":true,"href":"https:\/\/farmaciadagostino.com.ar\/sitio\/wp-json\/wp\/v2\/media\/19554"}],"wp:attachment":[{"href":"https:\/\/farmaciadagostino.com.ar\/sitio\/wp-json\/wp\/v2\/media?parent=16589"}],"wp:term":[{"taxonomy":"product_brand","embeddable":true,"href":"https:\/\/farmaciadagostino.com.ar\/sitio\/wp-json\/wp\/v2\/product_brand?post=16589"},{"taxonomy":"product_cat","embeddable":true,"href":"https:\/\/farmaciadagostino.com.ar\/sitio\/wp-json\/wp\/v2\/product_cat?post=16589"},{"taxonomy":"product_tag","embeddable":true,"href":"https:\/\/farmaciadagostino.com.ar\/sitio\/wp-json\/wp\/v2\/product_tag?post=16589"}],"curies":[{"name":"wp","href":"https:\/\/api.w.org\/{rel}","templated":true}]}}