{"id":16592,"date":"2024-07-01T23:32:36","date_gmt":"2024-07-02T02:32:36","guid":{"rendered":"https:\/\/farmaciadagostino.com.ar\/sitio\/producto\/shampoo-pantene-hidratacion-x-200-ml\/"},"modified":"2026-03-09T10:25:46","modified_gmt":"2026-03-09T13:25:46","slug":"shampoo-pantene-hidratacion-x-200-ml","status":"publish","type":"product","link":"https:\/\/farmaciadagostino.com.ar\/sitio\/producto\/shampoo-pantene-hidratacion-x-200-ml\/","title":{"rendered":"Shampoo Pantene Hidrataci\u00f3n x 200 ml"},"content":{"rendered":"<p>Nutr\u00ed tu pelo desde la ra\u00edz para que crezca largo y fuerte hasta las puntas con la f\u00f3rmula multivitaminas de Pantene Pro-V.El shampoo Hidrataci\u00f3n de Pantene Pro-V Essentials tiene glicerina, \u00f3leo de coco, Pro-Vitaminas y antioxidantes que penetran profundamente la fibra capilar, ayudando a remover impurezas y a fortalecer el pelo. Esta colecci\u00f3n hidrata cada hebra para evitar pelos rebeldes y darle un brillo luminoso.Para mejores resultados us\u00e1 el sistema de shampoo y acondicionador Pantene Pro-V Essentials.<\/p>\n","protected":false},"excerpt":{"rendered":"<p>Nutr\u00ed tu pelo desde la ra\u00edz para que crezca largo y fuerte hasta las puntas con la f\u00f3rmula multivitaminas de Pantene Pro-V<\/p>\n","protected":false},"featured_media":8845,"comment_status":"open","ping_status":"closed","template":"","meta":[],"product_brand":[],"product_cat":[237,152],"product_tag":[],"class_list":{"0":"post-16592","1":"product","2":"type-product","3":"status-publish","4":"has-post-thumbnail","6":"product_cat-belleza","7":"product_cat-cuidado-personal","9":"first","10":"instock","11":"shipping-taxable","12":"purchasable","13":"product-type-simple"},"_links":{"self":[{"href":"https:\/\/farmaciadagostino.com.ar\/sitio\/wp-json\/wp\/v2\/product\/16592","targetHints":{"allow":["GET"]}}],"collection":[{"href":"https:\/\/farmaciadagostino.com.ar\/sitio\/wp-json\/wp\/v2\/product"}],"about":[{"href":"https:\/\/farmaciadagostino.com.ar\/sitio\/wp-json\/wp\/v2\/types\/product"}],"replies":[{"embeddable":true,"href":"https:\/\/farmaciadagostino.com.ar\/sitio\/wp-json\/wp\/v2\/comments?post=16592"}],"wp:featuredmedia":[{"embeddable":true,"href":"https:\/\/farmaciadagostino.com.ar\/sitio\/wp-json\/wp\/v2\/media\/8845"}],"wp:attachment":[{"href":"https:\/\/farmaciadagostino.com.ar\/sitio\/wp-json\/wp\/v2\/media?parent=16592"}],"wp:term":[{"taxonomy":"product_brand","embeddable":true,"href":"https:\/\/farmaciadagostino.com.ar\/sitio\/wp-json\/wp\/v2\/product_brand?post=16592"},{"taxonomy":"product_cat","embeddable":true,"href":"https:\/\/farmaciadagostino.com.ar\/sitio\/wp-json\/wp\/v2\/product_cat?post=16592"},{"taxonomy":"product_tag","embeddable":true,"href":"https:\/\/farmaciadagostino.com.ar\/sitio\/wp-json\/wp\/v2\/product_tag?post=16592"}],"curies":[{"name":"wp","href":"https:\/\/api.w.org\/{rel}","templated":true}]}}