{"id":16593,"date":"2024-07-01T23:32:36","date_gmt":"2024-07-02T02:32:36","guid":{"rendered":"https:\/\/farmaciadagostino.com.ar\/sitio\/producto\/shampoo-pantene-nutrient-blends-rose-x-270-ml\/"},"modified":"2026-03-09T10:10:32","modified_gmt":"2026-03-09T13:10:32","slug":"shampoo-pantene-nutrient-blends-rose-x-270-ml","status":"publish","type":"product","link":"https:\/\/farmaciadagostino.com.ar\/sitio\/producto\/shampoo-pantene-nutrient-blends-rose-x-270-ml\/","title":{"rendered":"Shampoo Pantene Nutrient Blends Rose x 270 ml"},"content":{"rendered":"<p>\u00bfTu pelo se siente \u00e1spero, duro y lleno de frizz? El shampoo anti frizz  control instantaneo de frizz con col\u00e1geno, pantenol y extracto de agua de rosas es ideal para vos.<\/p>\n<p>Su Complejo Pro-V penetra profundamente alineando cada fibra capilar, controlando el frizz para un pelo con brillo y hasta 3 veces m\u00e1s sedoso*.<\/p>\n<p>Adem\u00e1s, su f\u00f3rmula de shampoo sin sulfatos, parabenos y siliconas es ideal para pelo te\u00f1ido, ya que remueve impurezas con delicadeza y sin agresiones.<\/p>\n<p>*usando el sistema Pantene vs shampoo sin ingredientes acondicionantes.<\/p>\n<h5>Caracter\u00edsticas: <\/h5>\n<p>Shampoo para pelo con frizz, pelo seco y pelo duro con frizz<\/p>\n<p>Shampoo control instantaneo de frizz con col\u00e1geno, pantenol y extracto de agua de rosas<\/p>\n<p>Shampoo sin sulfatos, parabenos y colorantes<\/p>\n<p>Su f\u00f3rmula sin sulfatos es ideal para pelo te\u00f1ido, ya que remueve impurezas con delicadeza y sin agresiones, hidratando el pelo maltratado<\/p>\n<p>Su Complejo Pro-V penetra profundamente alineando cada fibra capilar, controlando el frizz para un pelo con brillo y hasta 3 veces m\u00e1s sedoso*<\/p>\n<p>*Usando el sistema Pantene vs shampoo sin ingredientes acondicionantes<\/p>\n<h5>INDICACIONES<\/h5>\n<p>Ev\u00edtese el contacto con los ojos, suspenda su uso si observa alguna reacci\u00f3n desfavorable, mant\u00e9ngase fuera del alcance de los ni\u00f1os.&nbsp;<\/p>\n<h5>ADVERTENCIAS<\/h5>\n<p>Aplique sobre el cabello mojado, masajee suavemente el cuero cabelludo con las puntas de los dedos de forma circular, enjuague y repita si es necesario.<\/p>\n<h5>INGREDIENTES<\/h5>\n<p>Agua, alcohol estear\u00edlico, alcohol cet\u00edlico, estearamidopropil dimetilamina, fragancia, alcohol benc\u00edlico, cloruro de dicotildimonio, \u00e1cido glut\u00e1mico, macrogol, edetato dis\u00f3dico, \u00e1cido c\u00edtrico, linalol, histidina, hexyl cinnamal, panthenol, panthenyl ethyl ether, dextrolimonene, extracto de brotes de bambusa vulgaris, etilcloroisotiazolinona methylisothiazolinone, extracto de semilla de vitis vinifera, col\u00e1geno&nbsp;<\/p>\n","protected":false},"excerpt":{"rendered":"<p>\u00bfTu pelo se siente \u00e1spero, duro y lleno de frizz? El shampoo anti frizz  control instantaneo de frizz con col\u00e1geno, pantenol y extracto de agua de rosas es ideal para vos<\/p>\n","protected":false},"featured_media":8717,"comment_status":"open","ping_status":"closed","template":"","meta":[],"product_brand":[],"product_cat":[237,152],"product_tag":[],"class_list":{"0":"post-16593","1":"product","2":"type-product","3":"status-publish","4":"has-post-thumbnail","6":"product_cat-belleza","7":"product_cat-cuidado-personal","9":"first","10":"instock","11":"shipping-taxable","12":"purchasable","13":"product-type-simple"},"_links":{"self":[{"href":"https:\/\/farmaciadagostino.com.ar\/sitio\/wp-json\/wp\/v2\/product\/16593","targetHints":{"allow":["GET"]}}],"collection":[{"href":"https:\/\/farmaciadagostino.com.ar\/sitio\/wp-json\/wp\/v2\/product"}],"about":[{"href":"https:\/\/farmaciadagostino.com.ar\/sitio\/wp-json\/wp\/v2\/types\/product"}],"replies":[{"embeddable":true,"href":"https:\/\/farmaciadagostino.com.ar\/sitio\/wp-json\/wp\/v2\/comments?post=16593"}],"wp:featuredmedia":[{"embeddable":true,"href":"https:\/\/farmaciadagostino.com.ar\/sitio\/wp-json\/wp\/v2\/media\/8717"}],"wp:attachment":[{"href":"https:\/\/farmaciadagostino.com.ar\/sitio\/wp-json\/wp\/v2\/media?parent=16593"}],"wp:term":[{"taxonomy":"product_brand","embeddable":true,"href":"https:\/\/farmaciadagostino.com.ar\/sitio\/wp-json\/wp\/v2\/product_brand?post=16593"},{"taxonomy":"product_cat","embeddable":true,"href":"https:\/\/farmaciadagostino.com.ar\/sitio\/wp-json\/wp\/v2\/product_cat?post=16593"},{"taxonomy":"product_tag","embeddable":true,"href":"https:\/\/farmaciadagostino.com.ar\/sitio\/wp-json\/wp\/v2\/product_tag?post=16593"}],"curies":[{"name":"wp","href":"https:\/\/api.w.org\/{rel}","templated":true}]}}