{"id":16597,"date":"2024-07-01T23:32:36","date_gmt":"2024-07-02T02:32:36","guid":{"rendered":"https:\/\/farmaciadagostino.com.ar\/sitio\/producto\/shampoo-pantene-pro-v-solution-fuerza-y-reconstruccion-x-400-ml\/"},"modified":"2026-03-09T10:18:43","modified_gmt":"2026-03-09T13:18:43","slug":"shampoo-pantene-pro-v-solution-fuerza-y-reconstruccion-x-400-ml","status":"publish","type":"product","link":"https:\/\/farmaciadagostino.com.ar\/sitio\/producto\/shampoo-pantene-pro-v-solution-fuerza-y-reconstruccion-x-400-ml\/","title":{"rendered":"Shampoo Pantene Pro-V Solution Fuerza Y Reconstrucci\u00f3n x 400 ml"},"content":{"rendered":"<p>El shampoo Pantene Fuerza y Reconstrucci\u00f3n con su f\u00f3rmula multivitaminas nutre tu cabello desde la ra\u00edz para que crezca largo y fuerte hasta las puntas. Con su nueva tecnologia llamadas reposici\u00f3n de l\u00edpidos fortalecen el cabello para darle el poder de combatir el estr\u00e9s diario, ahora nuestros shampoos no solo limpian, sus f\u00f3rmulas tambi\u00e9n pueden brindarle al cabello una suavidad y una fortaleza extraordinaria. 400 ml.<\/p>\n<h5>Beneficios:<\/h5>\n<p>La colecci\u00f3n Fuerza y Reconstrucci\u00f3n incluye prote\u00ednas, aceite de arg\u00e1n y Pro-Vitamina. ?Cada producto est\u00e1 dise\u00f1ado para proporcionar una incre\u00edble fuerza al cabello, desde la ra\u00edz hasta las puntas.<\/p>\n<h5>Modo de Uso:<\/h5>\n<p>Aplique sobre el cabello mojado, masajee suavemente el cuero cabelludo con las puntas de los dedos de forma circular, enjuague y repita si es necesario.<\/p>\n","protected":false},"excerpt":{"rendered":"<p>El shampoo Pantene Fuerza y Reconstrucci\u00f3n con su f\u00f3rmula multivitaminas nutre tu cabello desde la ra\u00edz para que crezca largo y fuerte hasta las puntas<\/p>\n","protected":false},"featured_media":8843,"comment_status":"open","ping_status":"closed","template":"","meta":[],"product_brand":[],"product_cat":[237,152],"product_tag":[],"class_list":{"0":"post-16597","1":"product","2":"type-product","3":"status-publish","4":"has-post-thumbnail","6":"product_cat-belleza","7":"product_cat-cuidado-personal","9":"first","10":"instock","11":"shipping-taxable","12":"purchasable","13":"product-type-simple"},"_links":{"self":[{"href":"https:\/\/farmaciadagostino.com.ar\/sitio\/wp-json\/wp\/v2\/product\/16597","targetHints":{"allow":["GET"]}}],"collection":[{"href":"https:\/\/farmaciadagostino.com.ar\/sitio\/wp-json\/wp\/v2\/product"}],"about":[{"href":"https:\/\/farmaciadagostino.com.ar\/sitio\/wp-json\/wp\/v2\/types\/product"}],"replies":[{"embeddable":true,"href":"https:\/\/farmaciadagostino.com.ar\/sitio\/wp-json\/wp\/v2\/comments?post=16597"}],"wp:featuredmedia":[{"embeddable":true,"href":"https:\/\/farmaciadagostino.com.ar\/sitio\/wp-json\/wp\/v2\/media\/8843"}],"wp:attachment":[{"href":"https:\/\/farmaciadagostino.com.ar\/sitio\/wp-json\/wp\/v2\/media?parent=16597"}],"wp:term":[{"taxonomy":"product_brand","embeddable":true,"href":"https:\/\/farmaciadagostino.com.ar\/sitio\/wp-json\/wp\/v2\/product_brand?post=16597"},{"taxonomy":"product_cat","embeddable":true,"href":"https:\/\/farmaciadagostino.com.ar\/sitio\/wp-json\/wp\/v2\/product_cat?post=16597"},{"taxonomy":"product_tag","embeddable":true,"href":"https:\/\/farmaciadagostino.com.ar\/sitio\/wp-json\/wp\/v2\/product_tag?post=16597"}],"curies":[{"name":"wp","href":"https:\/\/api.w.org\/{rel}","templated":true}]}}