{"id":16599,"date":"2024-07-01T23:32:36","date_gmt":"2024-07-02T02:32:36","guid":{"rendered":"https:\/\/farmaciadagostino.com.ar\/sitio\/producto\/shampoo-pantene-rizos-definidos-x-400-ml\/"},"modified":"2026-03-09T10:10:33","modified_gmt":"2026-03-09T13:10:33","slug":"shampoo-pantene-rizos-definidos-x-400-ml","status":"publish","type":"product","link":"https:\/\/farmaciadagostino.com.ar\/sitio\/producto\/shampoo-pantene-rizos-definidos-x-400-ml\/","title":{"rendered":"Shampoo Pantene Rizos Definidos x 400 ml"},"content":{"rendered":"<p>Nutr\u00ed tu pelo desde la ra\u00edz para que crezca largo y fuerte hasta las puntas con la f\u00f3rmula multivitaminas de Pantene.El shampoo Rizos Definidos de Pantene Pro-V Essentials con \u00f3leo de coco, omega 9, antioxidante y Pro-Vitaminas mantiene la estructura de tus rizos para que queden definidos tanto de d\u00eda como de noche.Nuestros shampoos no solo limpian, sus f\u00f3rmulas tambi\u00e9n pueden brindarle al pelo una suavidad y una fortaleza extraordinaria.Para mejores resultados us\u00e1 el sistema de shampoo y acondicionador Pantene Pro-V Essentials.<\/p>\n","protected":false},"excerpt":{"rendered":"<p>Nutr\u00ed tu pelo desde la ra\u00edz para que crezca largo y fuerte hasta las puntas con la f\u00f3rmula multivitaminas de Pantene<\/p>\n","protected":false},"featured_media":8854,"comment_status":"open","ping_status":"closed","template":"","meta":[],"product_brand":[],"product_cat":[237,152],"product_tag":[],"class_list":{"0":"post-16599","1":"product","2":"type-product","3":"status-publish","4":"has-post-thumbnail","6":"product_cat-belleza","7":"product_cat-cuidado-personal","9":"first","10":"instock","11":"shipping-taxable","12":"purchasable","13":"product-type-simple"},"_links":{"self":[{"href":"https:\/\/farmaciadagostino.com.ar\/sitio\/wp-json\/wp\/v2\/product\/16599","targetHints":{"allow":["GET"]}}],"collection":[{"href":"https:\/\/farmaciadagostino.com.ar\/sitio\/wp-json\/wp\/v2\/product"}],"about":[{"href":"https:\/\/farmaciadagostino.com.ar\/sitio\/wp-json\/wp\/v2\/types\/product"}],"replies":[{"embeddable":true,"href":"https:\/\/farmaciadagostino.com.ar\/sitio\/wp-json\/wp\/v2\/comments?post=16599"}],"wp:featuredmedia":[{"embeddable":true,"href":"https:\/\/farmaciadagostino.com.ar\/sitio\/wp-json\/wp\/v2\/media\/8854"}],"wp:attachment":[{"href":"https:\/\/farmaciadagostino.com.ar\/sitio\/wp-json\/wp\/v2\/media?parent=16599"}],"wp:term":[{"taxonomy":"product_brand","embeddable":true,"href":"https:\/\/farmaciadagostino.com.ar\/sitio\/wp-json\/wp\/v2\/product_brand?post=16599"},{"taxonomy":"product_cat","embeddable":true,"href":"https:\/\/farmaciadagostino.com.ar\/sitio\/wp-json\/wp\/v2\/product_cat?post=16599"},{"taxonomy":"product_tag","embeddable":true,"href":"https:\/\/farmaciadagostino.com.ar\/sitio\/wp-json\/wp\/v2\/product_tag?post=16599"}],"curies":[{"name":"wp","href":"https:\/\/api.w.org\/{rel}","templated":true}]}}