{"id":16603,"date":"2024-07-01T23:32:37","date_gmt":"2024-07-02T02:32:37","guid":{"rendered":"https:\/\/farmaciadagostino.com.ar\/sitio\/producto\/sedal-shampoo-prebioticos-biotina-190-ml\/"},"modified":"2026-03-09T10:18:43","modified_gmt":"2026-03-09T13:18:43","slug":"sedal-shampoo-prebioticos-biotina-190-ml","status":"publish","type":"product","link":"https:\/\/farmaciadagostino.com.ar\/sitio\/producto\/sedal-shampoo-prebioticos-biotina-190-ml\/","title":{"rendered":"Sedal Shampoo Prebioticos + Biotina 190 ml"},"content":{"rendered":"<p>El nuevo Shampoo Sedal Prebi\u00f3ticos + Biotina revitaliza el cuero cabelludo y ayuda a reducir la ca\u00edda* del pelo. Su exclusiva f\u00f3rmula combina Prebi\u00f3ticos + Biotina, para darle a tu cabello un cuidado profundo, ayudando a fortalecer la fibra capilar. Los prebi\u00f3ticos son conocidos por ayudar a mejorar la salud y bienestar general de la piel del cuero cabelludo y la Biotina es conocida por ayudar al crecimiento saludable y fuerte del cabello. *Ca\u00edda debido al quiebre con el uso de shampoo y tratamiento acondicionador de la l\u00ednea.<\/p>\n","protected":false},"excerpt":{"rendered":"<p>El nuevo Shampoo Sedal Prebi\u00f3ticos + Biotina revitaliza el cuero cabelludo y ayuda a reducir la ca\u00edda* del pelo<\/p>\n","protected":false},"featured_media":10798,"comment_status":"open","ping_status":"closed","template":"","meta":[],"product_brand":[],"product_cat":[237,152],"product_tag":[],"class_list":{"0":"post-16603","1":"product","2":"type-product","3":"status-publish","4":"has-post-thumbnail","6":"product_cat-belleza","7":"product_cat-cuidado-personal","9":"first","10":"instock","11":"shipping-taxable","12":"purchasable","13":"product-type-simple"},"_links":{"self":[{"href":"https:\/\/farmaciadagostino.com.ar\/sitio\/wp-json\/wp\/v2\/product\/16603","targetHints":{"allow":["GET"]}}],"collection":[{"href":"https:\/\/farmaciadagostino.com.ar\/sitio\/wp-json\/wp\/v2\/product"}],"about":[{"href":"https:\/\/farmaciadagostino.com.ar\/sitio\/wp-json\/wp\/v2\/types\/product"}],"replies":[{"embeddable":true,"href":"https:\/\/farmaciadagostino.com.ar\/sitio\/wp-json\/wp\/v2\/comments?post=16603"}],"wp:featuredmedia":[{"embeddable":true,"href":"https:\/\/farmaciadagostino.com.ar\/sitio\/wp-json\/wp\/v2\/media\/10798"}],"wp:attachment":[{"href":"https:\/\/farmaciadagostino.com.ar\/sitio\/wp-json\/wp\/v2\/media?parent=16603"}],"wp:term":[{"taxonomy":"product_brand","embeddable":true,"href":"https:\/\/farmaciadagostino.com.ar\/sitio\/wp-json\/wp\/v2\/product_brand?post=16603"},{"taxonomy":"product_cat","embeddable":true,"href":"https:\/\/farmaciadagostino.com.ar\/sitio\/wp-json\/wp\/v2\/product_cat?post=16603"},{"taxonomy":"product_tag","embeddable":true,"href":"https:\/\/farmaciadagostino.com.ar\/sitio\/wp-json\/wp\/v2\/product_tag?post=16603"}],"curies":[{"name":"wp","href":"https:\/\/api.w.org\/{rel}","templated":true}]}}