{"id":16604,"date":"2024-07-01T23:32:37","date_gmt":"2024-07-02T02:32:37","guid":{"rendered":"https:\/\/farmaciadagostino.com.ar\/sitio\/producto\/shampoo-sedal-acido-hialuronico-vitamina-a-x-190-ml\/"},"modified":"2026-03-09T10:25:46","modified_gmt":"2026-03-09T13:25:46","slug":"shampoo-sedal-acido-hialuronico-vitamina-a-x-190-ml","status":"publish","type":"product","link":"https:\/\/farmaciadagostino.com.ar\/sitio\/producto\/shampoo-sedal-acido-hialuronico-vitamina-a-x-190-ml\/","title":{"rendered":"Shampoo Sedal \u00c1cido Hialur\u00f3nico + Vitamina a x 190 ml"},"content":{"rendered":"<p>Nuevo Shampoo Sedal \u00c1cido Hialur\u00f3nico + Vitamina A. Descubr\u00ed los ingredientes expertos en el cuidado de la piel, \u00a1ahora en tu pelo!<\/p>\n<h5>Beneficios:<\/h5>\n<p> Nuestra exclusiva f\u00f3rmula combina \u00c1cido Hialur\u00f3nico y Vitamina A, para darle a tu cabello una hidrataci\u00f3n profunda que ayuda a combatir el frizz, logrando un lacio que se siente suave y saludable* El \u00c1cido Hialur\u00f3nico es conocido por aportar una hidrataci\u00f3n profunda. Mientras que la Vitamina A es conocido por promover la producci\u00f3n de col\u00e1geno, ayudando a mantener un cabello saludable. En un mundo vibrante y en constante cambio, podemos celebrar cada desaf\u00edo con un cabello protegido, reparado, fuerte y bien cuidado. Con d\u00e9cadas de experiencia en cada envase, pod\u00e9s contar con nosotros para lograr el objetivo en esta tarea. \u00a1Prob\u00e1 el nuevo shampoo Sedal \u00c1cido Hialur\u00f3nico + Vitamina A y not\u00e1 la diferencia! Viene en sus tres formatos: 190 ml, 340 ml y 650 ml.<\/p>\n<h5>Modo de Uso:<\/h5>\n<p>Col\u00f3calo en la mano, apl\u00edcalo sobre el cabello, masajea suavemente y luego enjuaga.<\/p>\n<h5>Advertencias:<\/h5>\n<p>No ingerir. Evite el contacto con los ojos. En caso de contacto accidental, enju\u00e1guelos con abundante agua fr\u00eda. Discontinuar el uso del champ\u00fa si aparecen s\u00edntomas de irritaci\u00f3n u otra reacci\u00f3n desfavorable. Este producto tiene la certificaci\u00f3n PETA: Globalmente Sedal no testea en animales. *Con el uso de la l\u00ednea completa.<\/p>\n","protected":false},"excerpt":{"rendered":"<p>Nuevo Shampoo Sedal \u00c1cido Hialur\u00f3nico + Vitamina A<\/p>\n","protected":false},"featured_media":10582,"comment_status":"open","ping_status":"closed","template":"","meta":[],"product_brand":[],"product_cat":[237,152],"product_tag":[],"class_list":{"0":"post-16604","1":"product","2":"type-product","3":"status-publish","4":"has-post-thumbnail","6":"product_cat-belleza","7":"product_cat-cuidado-personal","9":"first","10":"instock","11":"shipping-taxable","12":"purchasable","13":"product-type-simple"},"_links":{"self":[{"href":"https:\/\/farmaciadagostino.com.ar\/sitio\/wp-json\/wp\/v2\/product\/16604","targetHints":{"allow":["GET"]}}],"collection":[{"href":"https:\/\/farmaciadagostino.com.ar\/sitio\/wp-json\/wp\/v2\/product"}],"about":[{"href":"https:\/\/farmaciadagostino.com.ar\/sitio\/wp-json\/wp\/v2\/types\/product"}],"replies":[{"embeddable":true,"href":"https:\/\/farmaciadagostino.com.ar\/sitio\/wp-json\/wp\/v2\/comments?post=16604"}],"wp:featuredmedia":[{"embeddable":true,"href":"https:\/\/farmaciadagostino.com.ar\/sitio\/wp-json\/wp\/v2\/media\/10582"}],"wp:attachment":[{"href":"https:\/\/farmaciadagostino.com.ar\/sitio\/wp-json\/wp\/v2\/media?parent=16604"}],"wp:term":[{"taxonomy":"product_brand","embeddable":true,"href":"https:\/\/farmaciadagostino.com.ar\/sitio\/wp-json\/wp\/v2\/product_brand?post=16604"},{"taxonomy":"product_cat","embeddable":true,"href":"https:\/\/farmaciadagostino.com.ar\/sitio\/wp-json\/wp\/v2\/product_cat?post=16604"},{"taxonomy":"product_tag","embeddable":true,"href":"https:\/\/farmaciadagostino.com.ar\/sitio\/wp-json\/wp\/v2\/product_tag?post=16604"}],"curies":[{"name":"wp","href":"https:\/\/api.w.org\/{rel}","templated":true}]}}