{"id":16605,"date":"2024-07-01T23:32:37","date_gmt":"2024-07-02T02:32:37","guid":{"rendered":"https:\/\/farmaciadagostino.com.ar\/sitio\/producto\/shampoo-sedal-bomba-argan-x-340-ml\/"},"modified":"2026-03-09T10:10:33","modified_gmt":"2026-03-09T13:10:33","slug":"shampoo-sedal-bomba-argan-x-340-ml","status":"publish","type":"product","link":"https:\/\/farmaciadagostino.com.ar\/sitio\/producto\/shampoo-sedal-bomba-argan-x-340-ml\/","title":{"rendered":"Shampoo Sedal Bomba Arg\u00e1n x 340 ml"},"content":{"rendered":"<p>Nuevo Shampoo Sedal Bomba Arg\u00e1n. Descubr\u00ed los ingredientes expertos en el cuidado de la piel, \u00a1ahora en tu pelo!<\/p>\n<h5>Beneficios:<\/h5>\n<p>Nuestro tratamiento para el pelo, combina vitamina E y antioxidantes, para un cabello fuerte, suave y brillante. \u00a1Logrando una luminosidad, restauraci\u00f3n y fortalecimiento incre\u00edble! El Shampoo Sedal Bomba Arg\u00e1n posee Ingredientes de 92% origen natural* en su f\u00f3rmula. Con su nueva f\u00f3rmula con Infusi\u00f3n Activa, el Shampoo para el cabello Sedal Bomba Arg\u00e1n permite generar la fortaleza y suavidad de los cabellos En un mundo vibrante y en constante cambio, podemos celebrar cada desaf\u00edo con un cabello protegido, reparado, fuerte y bien cuidado. Con d\u00e9cadas de experiencia en cada envase, el Shampoo Sedal Bomba Arg\u00e1n posee un envase botella 100% reciclable y hecha con pl\u00e1stico reciclado**, el mismo viene en sus tres formatos: 190 ml, 340 ml y 650 ml. Los productos para el pelo Sedal tienen la certificaci\u00f3n PETA: Globalmente, Sedal no testea en animales.<\/p>\n<p>*Incluyendo el agua. **Al menos 50% pl\u00e1stico reciclado.<\/p>\n<h5>Modo de Uso:<\/h5>\n<p>Colocalo en la mano, apl\u00edcalo sobre el cabello, masaje\u00e1 suavemente, luego enjuaga. No ingerir. Evite el contacto con los ojos. En caso de contacto accidental, enju\u00e1guelos con abundante agua fr\u00eda. \u00a1Prob\u00e1 los productos para el cabello Sedal y sent\u00ed tu pelo fuerte, luminoso y restaurado!<\/p>\n","protected":false},"excerpt":{"rendered":"<p>Nuevo Shampoo Sedal Bomba Arg\u00e1n<\/p>\n","protected":false},"featured_media":10693,"comment_status":"open","ping_status":"closed","template":"","meta":[],"product_brand":[],"product_cat":[237,152],"product_tag":[],"class_list":{"0":"post-16605","1":"product","2":"type-product","3":"status-publish","4":"has-post-thumbnail","6":"product_cat-belleza","7":"product_cat-cuidado-personal","9":"first","10":"instock","11":"shipping-taxable","12":"purchasable","13":"product-type-simple"},"_links":{"self":[{"href":"https:\/\/farmaciadagostino.com.ar\/sitio\/wp-json\/wp\/v2\/product\/16605","targetHints":{"allow":["GET"]}}],"collection":[{"href":"https:\/\/farmaciadagostino.com.ar\/sitio\/wp-json\/wp\/v2\/product"}],"about":[{"href":"https:\/\/farmaciadagostino.com.ar\/sitio\/wp-json\/wp\/v2\/types\/product"}],"replies":[{"embeddable":true,"href":"https:\/\/farmaciadagostino.com.ar\/sitio\/wp-json\/wp\/v2\/comments?post=16605"}],"wp:featuredmedia":[{"embeddable":true,"href":"https:\/\/farmaciadagostino.com.ar\/sitio\/wp-json\/wp\/v2\/media\/10693"}],"wp:attachment":[{"href":"https:\/\/farmaciadagostino.com.ar\/sitio\/wp-json\/wp\/v2\/media?parent=16605"}],"wp:term":[{"taxonomy":"product_brand","embeddable":true,"href":"https:\/\/farmaciadagostino.com.ar\/sitio\/wp-json\/wp\/v2\/product_brand?post=16605"},{"taxonomy":"product_cat","embeddable":true,"href":"https:\/\/farmaciadagostino.com.ar\/sitio\/wp-json\/wp\/v2\/product_cat?post=16605"},{"taxonomy":"product_tag","embeddable":true,"href":"https:\/\/farmaciadagostino.com.ar\/sitio\/wp-json\/wp\/v2\/product_tag?post=16605"}],"curies":[{"name":"wp","href":"https:\/\/api.w.org\/{rel}","templated":true}]}}