{"id":16611,"date":"2024-07-01T23:32:38","date_gmt":"2024-07-02T02:32:38","guid":{"rendered":"https:\/\/farmaciadagostino.com.ar\/sitio\/producto\/shampoo-sedal-ceramidas-x-190-ml\/"},"modified":"2026-03-09T10:25:46","modified_gmt":"2026-03-09T13:25:46","slug":"shampoo-sedal-ceramidas-x-190-ml","status":"publish","type":"product","link":"https:\/\/farmaciadagostino.com.ar\/sitio\/producto\/shampoo-sedal-ceramidas-x-190-ml\/","title":{"rendered":"Shampoo Sedal Ceramidas x 190 ml"},"content":{"rendered":"<p>Shampoo Sedal Ceramidas, har\u00e1 que tu cabello luzca siempre vivo, suave y principalmente intacto y radiante. Ahora con su nueva f\u00f3rmula con ceramidas, retinol y col\u00e1geno.<\/p>\n<h5>Beneficios:<\/h5>\n<p>El Shampoo Sedal Ceramidas, gracias a esta nueva f\u00f3rmula y el proceso de Infusi\u00f3n Activa, una combinaci\u00f3n exclusiva de un \u00f3leo, una prote\u00edna y una vitamina, pensada para las necesidades de tu cabello, que fusiona: ceramidas (conocidas por fortalecer el cabello), retinol (conocido por sus propiedades que nutren desde la ra\u00edz hasta las puntas) y col\u00e1geno (conocido por hidratar el cabello). Esta f\u00f3rmula con poderosos ingredientes ayuda a hidratar y nutrir tu cabello desde la ra\u00edz hasta la punta, as\u00ed como lograr generar una fuerte y duradera hidrataci\u00f3n y el fortalecimiento de las fibras capilares de tu cabello. Record\u00e1 usar la l\u00ednea completa de Sedal Ceramidas para un mejor rendimiento de los efectos de la nueva f\u00f3rmula con infusi\u00f3n activa: Sedal Shampoo Ceramidas, Sedal Acondicionador Ceramidas y Sedal Crema para peinar Ceramidas. No dejes de probar nuestra gran variedad l\u00edneas de Shampoo, Acondicionador y Tratamiento como lo son Ceramidas, Crema Balance, Liso Perfecto, Col\u00e1geno, Hialur\u00f3nico, Control Caspa y Rizos Definidos. Cada l\u00ednea cumple un tratamiento diferente seg\u00fan tus necesidades, lo \u00fanico en com\u00fan: tu cabello siempre se ver\u00e1 espl\u00e9ndido. Certificaci\u00f3n PETA: Globalmente, Sedal no testea en animales.<\/p>\n<p>Modo de Uso:<\/p>\n<p>Despu\u00e9s del shampoo, apl\u00edcalo sobre el cabello de medios a puntas, y masajea suavemente.si quieres, puedes enjuagarlo solo durante 30 segundos.<\/p>\n","protected":false},"excerpt":{"rendered":"<p>Shampoo Sedal Ceramidas, har\u00e1 que tu cabello luzca siempre vivo, suave y principalmente intacto y radiante<\/p>\n","protected":false},"featured_media":10526,"comment_status":"open","ping_status":"closed","template":"","meta":[],"product_brand":[],"product_cat":[237,152],"product_tag":[],"class_list":{"0":"post-16611","1":"product","2":"type-product","3":"status-publish","4":"has-post-thumbnail","6":"product_cat-belleza","7":"product_cat-cuidado-personal","9":"first","10":"instock","11":"shipping-taxable","12":"purchasable","13":"product-type-simple"},"_links":{"self":[{"href":"https:\/\/farmaciadagostino.com.ar\/sitio\/wp-json\/wp\/v2\/product\/16611","targetHints":{"allow":["GET"]}}],"collection":[{"href":"https:\/\/farmaciadagostino.com.ar\/sitio\/wp-json\/wp\/v2\/product"}],"about":[{"href":"https:\/\/farmaciadagostino.com.ar\/sitio\/wp-json\/wp\/v2\/types\/product"}],"replies":[{"embeddable":true,"href":"https:\/\/farmaciadagostino.com.ar\/sitio\/wp-json\/wp\/v2\/comments?post=16611"}],"wp:featuredmedia":[{"embeddable":true,"href":"https:\/\/farmaciadagostino.com.ar\/sitio\/wp-json\/wp\/v2\/media\/10526"}],"wp:attachment":[{"href":"https:\/\/farmaciadagostino.com.ar\/sitio\/wp-json\/wp\/v2\/media?parent=16611"}],"wp:term":[{"taxonomy":"product_brand","embeddable":true,"href":"https:\/\/farmaciadagostino.com.ar\/sitio\/wp-json\/wp\/v2\/product_brand?post=16611"},{"taxonomy":"product_cat","embeddable":true,"href":"https:\/\/farmaciadagostino.com.ar\/sitio\/wp-json\/wp\/v2\/product_cat?post=16611"},{"taxonomy":"product_tag","embeddable":true,"href":"https:\/\/farmaciadagostino.com.ar\/sitio\/wp-json\/wp\/v2\/product_tag?post=16611"}],"curies":[{"name":"wp","href":"https:\/\/api.w.org\/{rel}","templated":true}]}}