{"id":16614,"date":"2024-07-01T23:32:38","date_gmt":"2024-07-02T02:32:38","guid":{"rendered":"https:\/\/farmaciadagostino.com.ar\/sitio\/producto\/cher-fragancia-zarci-edp-for-woman-100-ml\/"},"modified":"2026-03-09T10:25:46","modified_gmt":"2026-03-09T13:25:46","slug":"cher-fragancia-zarci-edp-for-woman-100-ml","status":"publish","type":"product","link":"https:\/\/farmaciadagostino.com.ar\/sitio\/producto\/cher-fragancia-zarci-edp-for-woman-100-ml\/","title":{"rendered":"Cher Fragancia Zarci Edp For Woman 100 ml"},"content":{"rendered":"<p>Zarci representa la delicadeza extrema de una nueva etapa. Una fragancia luminosa poderosa y cautivante de la familia floral frutada. Una composici\u00f3n de ingredientes delicados, opulentos y extraordinariamente lujosos. Las 4 aristas del frasco representan una ventana como apertura hacia una nueva etapa de descubrimiento, mostrando con ellas las diferentes facetas, momentos y etapas de cada mujer. Manifiestan los elementos, dignos de la conexi\u00f3n con lo inherente a nuestros comportamientos, siendo las cuatro partes de un todo. La conexi\u00f3n en estas fragancias con los elementos de la Naturaleza hace que todas las mujeres puedan identificarse con Zarci. Creadas bajo un nuevo concepto, DUAL SCENTED\u2122?, la alquimia perfecta que crea una estela envolvente proyectando de manera magn\u00edfica.<\/p>\n<p>Notas de salida: pera, bergamota de Italia<\/p>\n<p>Notas de coraz\u00f3n: p\u00e9talos de rosa de Mai, notas de miel, jazm\u00edn belle<\/p>\n<p>Notas de fondo: vainilla, caramelo, almizcles blancos<\/p>\n<p>Aroma: Floral Frutada<\/p>\n","protected":false},"excerpt":{"rendered":"<p>Zarci representa la delicadeza extrema de una nueva etapa<\/p>\n","protected":false},"featured_media":13192,"comment_status":"open","ping_status":"closed","template":"","meta":[],"product_brand":[],"product_cat":[237],"product_tag":[],"class_list":{"0":"post-16614","1":"product","2":"type-product","3":"status-publish","4":"has-post-thumbnail","6":"product_cat-belleza","8":"first","9":"instock","10":"shipping-taxable","11":"purchasable","12":"product-type-simple"},"_links":{"self":[{"href":"https:\/\/farmaciadagostino.com.ar\/sitio\/wp-json\/wp\/v2\/product\/16614","targetHints":{"allow":["GET"]}}],"collection":[{"href":"https:\/\/farmaciadagostino.com.ar\/sitio\/wp-json\/wp\/v2\/product"}],"about":[{"href":"https:\/\/farmaciadagostino.com.ar\/sitio\/wp-json\/wp\/v2\/types\/product"}],"replies":[{"embeddable":true,"href":"https:\/\/farmaciadagostino.com.ar\/sitio\/wp-json\/wp\/v2\/comments?post=16614"}],"wp:featuredmedia":[{"embeddable":true,"href":"https:\/\/farmaciadagostino.com.ar\/sitio\/wp-json\/wp\/v2\/media\/13192"}],"wp:attachment":[{"href":"https:\/\/farmaciadagostino.com.ar\/sitio\/wp-json\/wp\/v2\/media?parent=16614"}],"wp:term":[{"taxonomy":"product_brand","embeddable":true,"href":"https:\/\/farmaciadagostino.com.ar\/sitio\/wp-json\/wp\/v2\/product_brand?post=16614"},{"taxonomy":"product_cat","embeddable":true,"href":"https:\/\/farmaciadagostino.com.ar\/sitio\/wp-json\/wp\/v2\/product_cat?post=16614"},{"taxonomy":"product_tag","embeddable":true,"href":"https:\/\/farmaciadagostino.com.ar\/sitio\/wp-json\/wp\/v2\/product_tag?post=16614"}],"curies":[{"name":"wp","href":"https:\/\/api.w.org\/{rel}","templated":true}]}}