{"id":16615,"date":"2024-07-01T23:32:38","date_gmt":"2024-07-02T02:32:38","guid":{"rendered":"https:\/\/farmaciadagostino.com.ar\/sitio\/producto\/shampoo-sedal-colageno-vitamina-c-x-190-ml\/"},"modified":"2026-03-09T10:10:33","modified_gmt":"2026-03-09T13:10:33","slug":"shampoo-sedal-colageno-vitamina-c-x-190-ml","status":"publish","type":"product","link":"https:\/\/farmaciadagostino.com.ar\/sitio\/producto\/shampoo-sedal-colageno-vitamina-c-x-190-ml\/","title":{"rendered":"Shampoo Sedal Col\u00e1geno + Vitamina C x 190 ml"},"content":{"rendered":"<p>Nuevo Shampoo Sedal Col\u00e1geno + Vitamina C. Descubr\u00ed los ingredientes expertos en el cuidado de la piel, \u00a1ahora en tu pelo!<\/p>\n<h5>Beneficios:<\/h5>\n<p>Nuestra exclusiva f\u00f3rmula, combina Col\u00e1geno y Vitamina C, para un cuidado profundo de tu cabello \u00a1Logrando una regeneraci\u00f3n* y luminosidad incre\u00edble! El Col\u00e1geno es conocido por aportar firmeza ayudando en la regeneraci\u00f3n de las fibras capilares debilitadas. Mientras que la vitamina C es un experto antioxidante, esencial para la producci\u00f3n de col\u00e1geno y potenciador de la luminosidad. En un mundo vibrante y en constante cambio, podemos celebrar cada desaf\u00edo con un cabello protegido, reparado, fuerte y bien cuidado. Con d\u00e9cadas de experiencia en cada envase, pod\u00e9s contar con nosotros para lograr el objetivo en esta tarea. Viene en sus tres formatos: 190 ml, 340 ml y 650 ml.<\/p>\n<h5>Modo de Uso: col\u00f3calo en la mano, apl\u00edcalo sobre el cabello, masajea suavemente y luego enjuaga.<\/p>\n<\/h5>\n<h5>Advertencias:<\/h5>\n<p> No ingerir. Evite el contacto con los ojos. En caso de contacto accidental, enju\u00e1guelos con abundante agua fr\u00eda. Discontinuar su uso si aparecen s\u00edntomas de irritaci\u00f3n u otra reacci\u00f3n desfavorable. Regeneraci\u00f3n de la suavidad, brillo y fuerza debido al quiebre, con el uso de la l\u00ednea completa. Este producto tiene la certificaci\u00f3n PETA: Globalmente, Sedal no testea en animales. *Regeneraci\u00f3n de la suavidad, brillo y fuerza debido al quiebre, con el uso de la l\u00ednea completa.<\/p>\n","protected":false},"excerpt":{"rendered":"<p>Nuevo Shampoo Sedal Col\u00e1geno + Vitamina C<\/p>\n","protected":false},"featured_media":10586,"comment_status":"open","ping_status":"closed","template":"","meta":[],"product_brand":[],"product_cat":[237,152],"product_tag":[],"class_list":{"0":"post-16615","1":"product","2":"type-product","3":"status-publish","4":"has-post-thumbnail","6":"product_cat-belleza","7":"product_cat-cuidado-personal","9":"first","10":"instock","11":"shipping-taxable","12":"purchasable","13":"product-type-simple"},"_links":{"self":[{"href":"https:\/\/farmaciadagostino.com.ar\/sitio\/wp-json\/wp\/v2\/product\/16615","targetHints":{"allow":["GET"]}}],"collection":[{"href":"https:\/\/farmaciadagostino.com.ar\/sitio\/wp-json\/wp\/v2\/product"}],"about":[{"href":"https:\/\/farmaciadagostino.com.ar\/sitio\/wp-json\/wp\/v2\/types\/product"}],"replies":[{"embeddable":true,"href":"https:\/\/farmaciadagostino.com.ar\/sitio\/wp-json\/wp\/v2\/comments?post=16615"}],"wp:featuredmedia":[{"embeddable":true,"href":"https:\/\/farmaciadagostino.com.ar\/sitio\/wp-json\/wp\/v2\/media\/10586"}],"wp:attachment":[{"href":"https:\/\/farmaciadagostino.com.ar\/sitio\/wp-json\/wp\/v2\/media?parent=16615"}],"wp:term":[{"taxonomy":"product_brand","embeddable":true,"href":"https:\/\/farmaciadagostino.com.ar\/sitio\/wp-json\/wp\/v2\/product_brand?post=16615"},{"taxonomy":"product_cat","embeddable":true,"href":"https:\/\/farmaciadagostino.com.ar\/sitio\/wp-json\/wp\/v2\/product_cat?post=16615"},{"taxonomy":"product_tag","embeddable":true,"href":"https:\/\/farmaciadagostino.com.ar\/sitio\/wp-json\/wp\/v2\/product_tag?post=16615"}],"curies":[{"name":"wp","href":"https:\/\/api.w.org\/{rel}","templated":true}]}}