{"id":16619,"date":"2024-07-01T23:32:38","date_gmt":"2024-07-02T02:32:38","guid":{"rendered":"https:\/\/farmaciadagostino.com.ar\/sitio\/producto\/ciel-fragancia-crystal-edt-for-women-80-ml\/"},"modified":"2026-03-09T10:18:44","modified_gmt":"2026-03-09T13:18:44","slug":"ciel-fragancia-crystal-edt-for-women-80-ml","status":"publish","type":"product","link":"https:\/\/farmaciadagostino.com.ar\/sitio\/producto\/ciel-fragancia-crystal-edt-for-women-80-ml\/","title":{"rendered":"Ciel Fragancia Crystal Edt For Women 80 ml"},"content":{"rendered":"<p>Una joya transparente que contiene naranjas dulces y lim\u00f3n de Italia. La fragancia Crystal a\u00fana de manera \u00fanica un racimo de notas de azahar, flor de loto, rosas y p\u00e9talos de nerol\u00ed. Belleza resumida en r\u00e1fagas sutiles del mejor aroma.<\/p>\n","protected":false},"excerpt":{"rendered":"<p>Una joya transparente que contiene naranjas dulces y lim\u00f3n de Italia<\/p>\n","protected":false},"featured_media":10875,"comment_status":"open","ping_status":"closed","template":"","meta":[],"product_brand":[],"product_cat":[237],"product_tag":[],"class_list":{"0":"post-16619","1":"product","2":"type-product","3":"status-publish","4":"has-post-thumbnail","6":"product_cat-belleza","8":"first","9":"instock","10":"shipping-taxable","11":"purchasable","12":"product-type-simple"},"_links":{"self":[{"href":"https:\/\/farmaciadagostino.com.ar\/sitio\/wp-json\/wp\/v2\/product\/16619","targetHints":{"allow":["GET"]}}],"collection":[{"href":"https:\/\/farmaciadagostino.com.ar\/sitio\/wp-json\/wp\/v2\/product"}],"about":[{"href":"https:\/\/farmaciadagostino.com.ar\/sitio\/wp-json\/wp\/v2\/types\/product"}],"replies":[{"embeddable":true,"href":"https:\/\/farmaciadagostino.com.ar\/sitio\/wp-json\/wp\/v2\/comments?post=16619"}],"wp:featuredmedia":[{"embeddable":true,"href":"https:\/\/farmaciadagostino.com.ar\/sitio\/wp-json\/wp\/v2\/media\/10875"}],"wp:attachment":[{"href":"https:\/\/farmaciadagostino.com.ar\/sitio\/wp-json\/wp\/v2\/media?parent=16619"}],"wp:term":[{"taxonomy":"product_brand","embeddable":true,"href":"https:\/\/farmaciadagostino.com.ar\/sitio\/wp-json\/wp\/v2\/product_brand?post=16619"},{"taxonomy":"product_cat","embeddable":true,"href":"https:\/\/farmaciadagostino.com.ar\/sitio\/wp-json\/wp\/v2\/product_cat?post=16619"},{"taxonomy":"product_tag","embeddable":true,"href":"https:\/\/farmaciadagostino.com.ar\/sitio\/wp-json\/wp\/v2\/product_tag?post=16619"}],"curies":[{"name":"wp","href":"https:\/\/api.w.org\/{rel}","templated":true}]}}