{"id":16677,"date":"2024-07-01T23:32:48","date_gmt":"2024-07-02T02:32:48","guid":{"rendered":"https:\/\/farmaciadagostino.com.ar\/sitio\/producto\/opti-free-solucion-desinfectante-pure-moist-300-ml\/"},"modified":"2026-03-09T10:25:47","modified_gmt":"2026-03-09T13:25:47","slug":"opti-free-solucion-desinfectante-pure-moist-300-ml","status":"publish","type":"product","link":"https:\/\/farmaciadagostino.com.ar\/sitio\/producto\/opti-free-solucion-desinfectante-pure-moist-300-ml\/","title":{"rendered":"Opti Free Soluci\u00f3n Desinfectante Pure Moist 300 ml"},"content":{"rendered":"<p>Soluci\u00f3n de desinfecci\u00f3n multiprop\u00f3sito para lentes de contacto blandas, con Hydraglyde\u00ae matriz de humectaci\u00f3n, la cual permite: <\/p>\n<p>&#8211; Brindar 16 horas de humectaci\u00f3n <\/p>\n<p>&#8211; Remover l\u00edpidos y prote\u00ednas diariamente para una visi\u00f3n n\u00edtida <\/p>\n<p>&#8211; F\u00f3rmula suave y efectiva que elimina los g\u00e9rmenes<\/p>\n<h5>Recomendaciones:<\/h5>\n<p>Una vez abierto, utilizar en un plazo de 6 meses.<\/p>\n","protected":false},"excerpt":{"rendered":"<p>Soluci\u00f3n de desinfecci\u00f3n multiprop\u00f3sito para lentes de contacto blandas, con Hydraglyde\u00ae matriz de humectaci\u00f3n, la cual permite: <\/p>\n<p>&#8211; Brindar 16 horas de humectaci\u00f3n<br \/>\n&#8211; Remover l\u00edpidos y prote\u00ednas diariamente para una visi\u00f3n n\u00edtida<br \/>\n&#8211; F\u00f3rmula suave y efectiva que elimina los g\u00e9rmenes<\/p>\n<p>Recomendaciones:<br \/>\nUna vez abierto, utilizar en un plazo de 6 meses<\/p>\n","protected":false},"featured_media":7221,"comment_status":"open","ping_status":"closed","template":"","meta":[],"product_brand":[],"product_cat":[149],"product_tag":[],"class_list":{"0":"post-16677","1":"product","2":"type-product","3":"status-publish","4":"has-post-thumbnail","6":"product_cat-farmacia","8":"first","9":"instock","10":"shipping-taxable","11":"purchasable","12":"product-type-simple"},"_links":{"self":[{"href":"https:\/\/farmaciadagostino.com.ar\/sitio\/wp-json\/wp\/v2\/product\/16677","targetHints":{"allow":["GET"]}}],"collection":[{"href":"https:\/\/farmaciadagostino.com.ar\/sitio\/wp-json\/wp\/v2\/product"}],"about":[{"href":"https:\/\/farmaciadagostino.com.ar\/sitio\/wp-json\/wp\/v2\/types\/product"}],"replies":[{"embeddable":true,"href":"https:\/\/farmaciadagostino.com.ar\/sitio\/wp-json\/wp\/v2\/comments?post=16677"}],"wp:featuredmedia":[{"embeddable":true,"href":"https:\/\/farmaciadagostino.com.ar\/sitio\/wp-json\/wp\/v2\/media\/7221"}],"wp:attachment":[{"href":"https:\/\/farmaciadagostino.com.ar\/sitio\/wp-json\/wp\/v2\/media?parent=16677"}],"wp:term":[{"taxonomy":"product_brand","embeddable":true,"href":"https:\/\/farmaciadagostino.com.ar\/sitio\/wp-json\/wp\/v2\/product_brand?post=16677"},{"taxonomy":"product_cat","embeddable":true,"href":"https:\/\/farmaciadagostino.com.ar\/sitio\/wp-json\/wp\/v2\/product_cat?post=16677"},{"taxonomy":"product_tag","embeddable":true,"href":"https:\/\/farmaciadagostino.com.ar\/sitio\/wp-json\/wp\/v2\/product_tag?post=16677"}],"curies":[{"name":"wp","href":"https:\/\/api.w.org\/{rel}","templated":true}]}}