{"id":16678,"date":"2024-07-01T23:32:49","date_gmt":"2024-07-02T02:32:49","guid":{"rendered":"https:\/\/farmaciadagostino.com.ar\/sitio\/producto\/triatop-shampoo-para-la-caspa-limpieza-intensa-165-ml\/"},"modified":"2026-03-09T10:10:34","modified_gmt":"2026-03-09T13:10:34","slug":"triatop-shampoo-para-la-caspa-limpieza-intensa-165-ml","status":"publish","type":"product","link":"https:\/\/farmaciadagostino.com.ar\/sitio\/producto\/triatop-shampoo-para-la-caspa-limpieza-intensa-165-ml\/","title":{"rendered":"Triatop Shampoo Para La Caspa Limpieza Intensa 165 ml"},"content":{"rendered":"<p>El mismo Triatop de siempre se renov\u00f3 para traerte un nuevo shampoo anticaspa con Ketoconazol, el activo m\u00e1s eficaz contra la caspa, que adem\u00e1s da una limpieza intensiva y sensaci\u00f3n de frescura.<\/p>\n<h5>Beneficios:<\/h5>\n<p>&#8211; CASPA: Ayuda a eliminar la caspa desde el primer uso.<\/p>\n<p>&#8211; LIMPIEZA: Proporciona una limpieza intensiva, con sensaci\u00f3n de frescura y alivio. <\/p>\n<p>&#8211; KETOCONAZOL: Ketoconazol, el activo m\u00e1s eficaz contra la caspa.<\/p>\n<p>&#8211; ANTI CASPA: Anticaspa, pelo limpio y sensaci\u00f3n de frescura.<\/p>\n<h5>Modo de Uso:<\/h5>\n<p>Aplique sobre el pelo mojado dando un ligero masaje. Enjuague con abundante agua. Repita si es necesario. Uso diario.<\/p>\n<h5>Presentaci\u00f3n:<\/h5>\n<p>165 ml.<\/p>\n","protected":false},"excerpt":{"rendered":"<p>El mismo Triatop de siempre se renov\u00f3 para traerte un nuevo shampoo anticaspa con Ketoconazol, el activo m\u00e1s eficaz contra la caspa, que adem\u00e1s da una limpieza intensiva y sensaci\u00f3n de frescura<\/p>\n","protected":false},"featured_media":12735,"comment_status":"open","ping_status":"closed","template":"","meta":[],"product_brand":[],"product_cat":[237,152],"product_tag":[],"class_list":{"0":"post-16678","1":"product","2":"type-product","3":"status-publish","4":"has-post-thumbnail","6":"product_cat-belleza","7":"product_cat-cuidado-personal","9":"first","10":"instock","11":"shipping-taxable","12":"purchasable","13":"product-type-simple"},"_links":{"self":[{"href":"https:\/\/farmaciadagostino.com.ar\/sitio\/wp-json\/wp\/v2\/product\/16678","targetHints":{"allow":["GET"]}}],"collection":[{"href":"https:\/\/farmaciadagostino.com.ar\/sitio\/wp-json\/wp\/v2\/product"}],"about":[{"href":"https:\/\/farmaciadagostino.com.ar\/sitio\/wp-json\/wp\/v2\/types\/product"}],"replies":[{"embeddable":true,"href":"https:\/\/farmaciadagostino.com.ar\/sitio\/wp-json\/wp\/v2\/comments?post=16678"}],"wp:featuredmedia":[{"embeddable":true,"href":"https:\/\/farmaciadagostino.com.ar\/sitio\/wp-json\/wp\/v2\/media\/12735"}],"wp:attachment":[{"href":"https:\/\/farmaciadagostino.com.ar\/sitio\/wp-json\/wp\/v2\/media?parent=16678"}],"wp:term":[{"taxonomy":"product_brand","embeddable":true,"href":"https:\/\/farmaciadagostino.com.ar\/sitio\/wp-json\/wp\/v2\/product_brand?post=16678"},{"taxonomy":"product_cat","embeddable":true,"href":"https:\/\/farmaciadagostino.com.ar\/sitio\/wp-json\/wp\/v2\/product_cat?post=16678"},{"taxonomy":"product_tag","embeddable":true,"href":"https:\/\/farmaciadagostino.com.ar\/sitio\/wp-json\/wp\/v2\/product_tag?post=16678"}],"curies":[{"name":"wp","href":"https:\/\/api.w.org\/{rel}","templated":true}]}}