{"id":16683,"date":"2024-07-01T23:32:49","date_gmt":"2024-07-02T02:32:49","guid":{"rendered":"https:\/\/farmaciadagostino.com.ar\/sitio\/producto\/dove-2en1-fuerza-extrema-shampoo-x-400-ml\/"},"modified":"2026-03-09T10:25:47","modified_gmt":"2026-03-09T13:25:47","slug":"dove-2en1-fuerza-extrema-shampoo-x-400-ml","status":"publish","type":"product","link":"https:\/\/farmaciadagostino.com.ar\/sitio\/producto\/dove-2en1-fuerza-extrema-shampoo-x-400-ml\/","title":{"rendered":"Dove 2En1 Fuerza Extrema Shampoo x 400 ml"},"content":{"rendered":"<p>El shampoo Dove Men 2 en 1 Fuerza Extrema, contiene en su composici\u00f3n calcio y cafe\u00edna, deja el cabello m\u00e1s fuerte y visiblemente m\u00e1s saludable, volvi\u00e9ndolo m\u00e1s resistente al quiebre.<\/p>\n","protected":false},"excerpt":{"rendered":"<p>El shampoo Dove Men 2 en 1 Fuerza Extrema, contiene en su composici\u00f3n calcio y cafe\u00edna, deja el cabello m\u00e1s fuerte y visiblemente m\u00e1s saludable, volvi\u00e9ndolo m\u00e1s resistente al quiebre<\/p>\n","protected":false},"featured_media":10518,"comment_status":"open","ping_status":"closed","template":"","meta":[],"product_brand":[],"product_cat":[237,152],"product_tag":[],"class_list":{"0":"post-16683","1":"product","2":"type-product","3":"status-publish","4":"has-post-thumbnail","6":"product_cat-belleza","7":"product_cat-cuidado-personal","9":"first","10":"instock","11":"shipping-taxable","12":"purchasable","13":"product-type-simple"},"_links":{"self":[{"href":"https:\/\/farmaciadagostino.com.ar\/sitio\/wp-json\/wp\/v2\/product\/16683","targetHints":{"allow":["GET"]}}],"collection":[{"href":"https:\/\/farmaciadagostino.com.ar\/sitio\/wp-json\/wp\/v2\/product"}],"about":[{"href":"https:\/\/farmaciadagostino.com.ar\/sitio\/wp-json\/wp\/v2\/types\/product"}],"replies":[{"embeddable":true,"href":"https:\/\/farmaciadagostino.com.ar\/sitio\/wp-json\/wp\/v2\/comments?post=16683"}],"wp:featuredmedia":[{"embeddable":true,"href":"https:\/\/farmaciadagostino.com.ar\/sitio\/wp-json\/wp\/v2\/media\/10518"}],"wp:attachment":[{"href":"https:\/\/farmaciadagostino.com.ar\/sitio\/wp-json\/wp\/v2\/media?parent=16683"}],"wp:term":[{"taxonomy":"product_brand","embeddable":true,"href":"https:\/\/farmaciadagostino.com.ar\/sitio\/wp-json\/wp\/v2\/product_brand?post=16683"},{"taxonomy":"product_cat","embeddable":true,"href":"https:\/\/farmaciadagostino.com.ar\/sitio\/wp-json\/wp\/v2\/product_cat?post=16683"},{"taxonomy":"product_tag","embeddable":true,"href":"https:\/\/farmaciadagostino.com.ar\/sitio\/wp-json\/wp\/v2\/product_tag?post=16683"}],"curies":[{"name":"wp","href":"https:\/\/api.w.org\/{rel}","templated":true}]}}