{"id":16686,"date":"2024-07-01T23:32:50","date_gmt":"2024-07-02T02:32:50","guid":{"rendered":"https:\/\/farmaciadagostino.com.ar\/sitio\/producto\/shampoo-pantene-hidratacion-extrema-x-400-ml\/"},"modified":"2026-03-09T10:25:47","modified_gmt":"2026-03-09T13:25:47","slug":"shampoo-pantene-hidratacion-extrema-x-400-ml","status":"publish","type":"product","link":"https:\/\/farmaciadagostino.com.ar\/sitio\/producto\/shampoo-pantene-hidratacion-extrema-x-400-ml\/","title":{"rendered":"Shampoo Pantene Hidrataci\u00f3n Extrema x 400 ml"},"content":{"rendered":"<p>Pantene con su f\u00f3rmula multivitaminas nutre tu pelo desde la ra\u00edz para que crezca largo y fuerte hasta las puntas. <\/p>\n<h5>Beneficios:<\/h5>\n<p>La colecci\u00f3n Hidrataci\u00f3n Extrema de Pantene est\u00e1 dise\u00f1ada para pelo da\u00f1ado y tratado qu\u00edmicamente. Su f\u00f3rmula con Pro-Vitaminas, amino\u00e1cido, \u00f3leo de arg\u00e1n y antioxidante ayuda a devolverle la suavidad perdida a tu cabello para dejarlo m\u00e1s brillante, hidratado y resistente al quiebre. El shampoo con su tecnolog\u00eda llamada reposici\u00f3n de l\u00edpidos fortalece el pelo para darle el poder de combatir el estr\u00e9s diario, pueden brindarle al pelo una suavidad y fuerza extraordinaria. <\/p>\n<h5>Modo de Uso:<\/h5>\n<p>Aplique sobre el cabello mojado, masajee suavemente el cuero cabelludo con las puntas de los dedos de forma circular, enjuague y repita si es necesario. <\/p>\n","protected":false},"excerpt":{"rendered":"<p>Pantene con su f\u00f3rmula multivitaminas nutre tu pelo desde la ra\u00edz para que crezca largo y fuerte hasta las puntas<\/p>\n","protected":false},"featured_media":8851,"comment_status":"open","ping_status":"closed","template":"","meta":[],"product_brand":[],"product_cat":[237,152],"product_tag":[],"class_list":{"0":"post-16686","1":"product","2":"type-product","3":"status-publish","4":"has-post-thumbnail","6":"product_cat-belleza","7":"product_cat-cuidado-personal","9":"first","10":"instock","11":"shipping-taxable","12":"purchasable","13":"product-type-simple"},"_links":{"self":[{"href":"https:\/\/farmaciadagostino.com.ar\/sitio\/wp-json\/wp\/v2\/product\/16686","targetHints":{"allow":["GET"]}}],"collection":[{"href":"https:\/\/farmaciadagostino.com.ar\/sitio\/wp-json\/wp\/v2\/product"}],"about":[{"href":"https:\/\/farmaciadagostino.com.ar\/sitio\/wp-json\/wp\/v2\/types\/product"}],"replies":[{"embeddable":true,"href":"https:\/\/farmaciadagostino.com.ar\/sitio\/wp-json\/wp\/v2\/comments?post=16686"}],"wp:featuredmedia":[{"embeddable":true,"href":"https:\/\/farmaciadagostino.com.ar\/sitio\/wp-json\/wp\/v2\/media\/8851"}],"wp:attachment":[{"href":"https:\/\/farmaciadagostino.com.ar\/sitio\/wp-json\/wp\/v2\/media?parent=16686"}],"wp:term":[{"taxonomy":"product_brand","embeddable":true,"href":"https:\/\/farmaciadagostino.com.ar\/sitio\/wp-json\/wp\/v2\/product_brand?post=16686"},{"taxonomy":"product_cat","embeddable":true,"href":"https:\/\/farmaciadagostino.com.ar\/sitio\/wp-json\/wp\/v2\/product_cat?post=16686"},{"taxonomy":"product_tag","embeddable":true,"href":"https:\/\/farmaciadagostino.com.ar\/sitio\/wp-json\/wp\/v2\/product_tag?post=16686"}],"curies":[{"name":"wp","href":"https:\/\/api.w.org\/{rel}","templated":true}]}}