{"id":16734,"date":"2024-07-01T23:32:55","date_gmt":"2024-07-02T02:32:55","guid":{"rendered":"https:\/\/farmaciadagostino.com.ar\/sitio\/producto\/antitranspirante-dove-men-invisible-dry-en-aerosol-x-150-ml\/"},"modified":"2026-03-09T10:25:48","modified_gmt":"2026-03-09T13:25:48","slug":"antitranspirante-dove-men-invisible-dry-en-aerosol-x-150-ml","status":"publish","type":"product","link":"https:\/\/farmaciadagostino.com.ar\/sitio\/producto\/antitranspirante-dove-men-invisible-dry-en-aerosol-x-150-ml\/","title":{"rendered":"Antitranspirante Dove Men Invisible Dry en Aerosol x 150 ml"},"content":{"rendered":"<p>Con este antitranspirante para hombre no tendr\u00e1s que preocuparte de arruinar tus camisas favoritas. Su f\u00f3rmula sin manchas protege la ropa de manchas blancas y amarillas. Dove Men+Care Invisible Dry est\u00e1 dise\u00f1ado para combatir las manchas y protegerte ante cualquier situaci\u00f3n. La protecci\u00f3n de tus axilas tambi\u00e9n es una prioridad de este antitranspirante. El clima c\u00e1lido no es problema para nuestra tecnolog\u00eda triple acci\u00f3n, ya que te protege de la transpiraci\u00f3n y mal olor por hasta 72 horas. Adem\u00e1s, su aroma duradero te brinda una sensaci\u00f3n de frescura en las axilas desde la primera aplicaci\u00f3n. Tus axilas necesitan cuidado y protecci\u00f3n diaria para que siempre se sientan mejor. Enriquecido con \u00bc de crema humectante, el objetivo de este antitranspirante es hidratar tu piel. Dejar\u00e1s la piel de tus axilas con una sensaci\u00f3n de humectaci\u00f3n y cuidado.<\/p>\n<h5>Modo de uso:<\/h5>\n<p>Solo necesit\u00e1s agitar el antitranspirante y sostenerlo a 15 cm de distancia de tu piel antes de rociarlo sobre las axilas limpias y secas. \u00a1Y ya pod\u00e9s disfrutar de la frescura perdurable y protecci\u00f3n contra la transpiraci\u00f3n y el mal olor hasta por 72 horas! Los productos Dove Men+Care no testea en animales en ning\u00fan lugar del mundo (Cruelty Free).<\/p>\n","protected":false},"excerpt":{"rendered":"<p>Con este antitranspirante para hombre no tendr\u00e1s que preocuparte de arruinar tus camisas favoritas<\/p>\n","protected":false},"featured_media":10705,"comment_status":"open","ping_status":"closed","template":"","meta":[],"product_brand":[],"product_cat":[152],"product_tag":[],"class_list":{"0":"post-16734","1":"product","2":"type-product","3":"status-publish","4":"has-post-thumbnail","6":"product_cat-cuidado-personal","8":"first","9":"instock","10":"shipping-taxable","11":"purchasable","12":"product-type-simple"},"_links":{"self":[{"href":"https:\/\/farmaciadagostino.com.ar\/sitio\/wp-json\/wp\/v2\/product\/16734","targetHints":{"allow":["GET"]}}],"collection":[{"href":"https:\/\/farmaciadagostino.com.ar\/sitio\/wp-json\/wp\/v2\/product"}],"about":[{"href":"https:\/\/farmaciadagostino.com.ar\/sitio\/wp-json\/wp\/v2\/types\/product"}],"replies":[{"embeddable":true,"href":"https:\/\/farmaciadagostino.com.ar\/sitio\/wp-json\/wp\/v2\/comments?post=16734"}],"wp:featuredmedia":[{"embeddable":true,"href":"https:\/\/farmaciadagostino.com.ar\/sitio\/wp-json\/wp\/v2\/media\/10705"}],"wp:attachment":[{"href":"https:\/\/farmaciadagostino.com.ar\/sitio\/wp-json\/wp\/v2\/media?parent=16734"}],"wp:term":[{"taxonomy":"product_brand","embeddable":true,"href":"https:\/\/farmaciadagostino.com.ar\/sitio\/wp-json\/wp\/v2\/product_brand?post=16734"},{"taxonomy":"product_cat","embeddable":true,"href":"https:\/\/farmaciadagostino.com.ar\/sitio\/wp-json\/wp\/v2\/product_cat?post=16734"},{"taxonomy":"product_tag","embeddable":true,"href":"https:\/\/farmaciadagostino.com.ar\/sitio\/wp-json\/wp\/v2\/product_tag?post=16734"}],"curies":[{"name":"wp","href":"https:\/\/api.w.org\/{rel}","templated":true}]}}