{"id":16761,"date":"2024-07-01T23:33:00","date_gmt":"2024-07-02T02:33:00","guid":{"rendered":"https:\/\/farmaciadagostino.com.ar\/sitio\/producto\/estrella-baby-12hs-panal-grande-x-40-unidades\/"},"modified":"2026-03-09T10:10:35","modified_gmt":"2026-03-09T13:10:35","slug":"estrella-baby-12hs-panal-grande-x-40-unidades","status":"publish","type":"product","link":"https:\/\/farmaciadagostino.com.ar\/sitio\/producto\/estrella-baby-12hs-panal-grande-x-40-unidades\/","title":{"rendered":"Estrella Baby 12Hs Pa\u00f1al Grande x 40 Unidades"},"content":{"rendered":"<p>Pa\u00f1ales Premium Caricias De Algod\u00f3n.<\/p>\n<p>Tan suaves como una Caricia de algod\u00f3n, los pa\u00f1ales Premium de Estrella baby aseguran hasta 12 hs. de protecci\u00f3n continua.<br \/>\nSu cintura elastizada flexiconfort brinda la m\u00e1xima comodidad, suavidad y absorci\u00f3n para tu beb\u00e9.<\/p>\n","protected":false},"excerpt":{"rendered":"<p>Pa\u00f1ales Premium Caricias De Algod\u00f3n<\/p>\n","protected":false},"featured_media":10008,"comment_status":"open","ping_status":"closed","template":"","meta":[],"product_brand":[],"product_cat":[177,152,149],"product_tag":[],"class_list":{"0":"post-16761","1":"product","2":"type-product","3":"status-publish","4":"has-post-thumbnail","6":"product_cat-bebe-maternidad","7":"product_cat-cuidado-personal","8":"product_cat-farmacia","10":"first","11":"instock","12":"shipping-taxable","13":"purchasable","14":"product-type-simple"},"_links":{"self":[{"href":"https:\/\/farmaciadagostino.com.ar\/sitio\/wp-json\/wp\/v2\/product\/16761","targetHints":{"allow":["GET"]}}],"collection":[{"href":"https:\/\/farmaciadagostino.com.ar\/sitio\/wp-json\/wp\/v2\/product"}],"about":[{"href":"https:\/\/farmaciadagostino.com.ar\/sitio\/wp-json\/wp\/v2\/types\/product"}],"replies":[{"embeddable":true,"href":"https:\/\/farmaciadagostino.com.ar\/sitio\/wp-json\/wp\/v2\/comments?post=16761"}],"wp:featuredmedia":[{"embeddable":true,"href":"https:\/\/farmaciadagostino.com.ar\/sitio\/wp-json\/wp\/v2\/media\/10008"}],"wp:attachment":[{"href":"https:\/\/farmaciadagostino.com.ar\/sitio\/wp-json\/wp\/v2\/media?parent=16761"}],"wp:term":[{"taxonomy":"product_brand","embeddable":true,"href":"https:\/\/farmaciadagostino.com.ar\/sitio\/wp-json\/wp\/v2\/product_brand?post=16761"},{"taxonomy":"product_cat","embeddable":true,"href":"https:\/\/farmaciadagostino.com.ar\/sitio\/wp-json\/wp\/v2\/product_cat?post=16761"},{"taxonomy":"product_tag","embeddable":true,"href":"https:\/\/farmaciadagostino.com.ar\/sitio\/wp-json\/wp\/v2\/product_tag?post=16761"}],"curies":[{"name":"wp","href":"https:\/\/api.w.org\/{rel}","templated":true}]}}