{"id":16823,"date":"2024-07-01T23:33:12","date_gmt":"2024-07-02T02:33:12","guid":{"rendered":"https:\/\/farmaciadagostino.com.ar\/sitio\/producto\/panal-huggies-jumbo-protect-plus-m\/"},"modified":"2026-03-09T10:25:48","modified_gmt":"2026-03-09T13:25:48","slug":"panal-huggies-jumbo-protect-plus-m","status":"publish","type":"product","link":"https:\/\/farmaciadagostino.com.ar\/sitio\/producto\/panal-huggies-jumbo-protect-plus-m\/","title":{"rendered":"Pa\u00f1al Huggies Jumbo Protect Plus m"},"content":{"rendered":"<p> El nuevo Huggies\u00ae Protect Plus tiene burbujitas que absorben la caquita liquida, posee gel super absorbente y mejores barreras anti filtraciones que mantienen a tu beb\u00e9 3 veces m\u00e1s seco por m\u00e1s tiempo. \u00a1Adem\u00e1s, viene con divertidos dise\u00f1os de Mickey y sus amigos! <\/p>\n","protected":false},"excerpt":{"rendered":"<p> El nuevo Huggies\u00ae Protect Plus tiene burbujitas que absorben la caquita liquida, posee gel super absorbente y mejores barreras anti filtraciones que mantienen a tu beb\u00e9 3 veces m\u00e1s seco por m\u00e1s tiempo<\/p>\n","protected":false},"featured_media":11756,"comment_status":"open","ping_status":"closed","template":"","meta":[],"product_brand":[],"product_cat":[177],"product_tag":[],"class_list":{"0":"post-16823","1":"product","2":"type-product","3":"status-publish","4":"has-post-thumbnail","6":"product_cat-bebe-maternidad","8":"first","9":"instock","10":"shipping-taxable","11":"purchasable","12":"product-type-simple"},"_links":{"self":[{"href":"https:\/\/farmaciadagostino.com.ar\/sitio\/wp-json\/wp\/v2\/product\/16823","targetHints":{"allow":["GET"]}}],"collection":[{"href":"https:\/\/farmaciadagostino.com.ar\/sitio\/wp-json\/wp\/v2\/product"}],"about":[{"href":"https:\/\/farmaciadagostino.com.ar\/sitio\/wp-json\/wp\/v2\/types\/product"}],"replies":[{"embeddable":true,"href":"https:\/\/farmaciadagostino.com.ar\/sitio\/wp-json\/wp\/v2\/comments?post=16823"}],"wp:featuredmedia":[{"embeddable":true,"href":"https:\/\/farmaciadagostino.com.ar\/sitio\/wp-json\/wp\/v2\/media\/11756"}],"wp:attachment":[{"href":"https:\/\/farmaciadagostino.com.ar\/sitio\/wp-json\/wp\/v2\/media?parent=16823"}],"wp:term":[{"taxonomy":"product_brand","embeddable":true,"href":"https:\/\/farmaciadagostino.com.ar\/sitio\/wp-json\/wp\/v2\/product_brand?post=16823"},{"taxonomy":"product_cat","embeddable":true,"href":"https:\/\/farmaciadagostino.com.ar\/sitio\/wp-json\/wp\/v2\/product_cat?post=16823"},{"taxonomy":"product_tag","embeddable":true,"href":"https:\/\/farmaciadagostino.com.ar\/sitio\/wp-json\/wp\/v2\/product_tag?post=16823"}],"curies":[{"name":"wp","href":"https:\/\/api.w.org\/{rel}","templated":true}]}}