{"id":16837,"date":"2024-07-01T23:33:14","date_gmt":"2024-07-02T02:33:14","guid":{"rendered":"https:\/\/farmaciadagostino.com.ar\/sitio\/producto\/panales-huggies-flexi-comfort-disney-talle-rn-x-34-unidades\/"},"modified":"2026-03-09T10:18:46","modified_gmt":"2026-03-09T13:18:46","slug":"panales-huggies-flexi-comfort-disney-talle-rn-x-34-unidades","status":"publish","type":"product","link":"https:\/\/farmaciadagostino.com.ar\/sitio\/producto\/panales-huggies-flexi-comfort-disney-talle-rn-x-34-unidades\/","title":{"rendered":"Pa\u00f1ales Huggies Flexi Comfort Disney Talle Rn x 34 Unidades"},"content":{"rendered":"<p>Pa\u00f1ales Huggies\u00ae Flexi Comfort Reci\u00e9n Nacido le dan a tu beb\u00e9 una absorci\u00f3n mejorada para caquita l\u00edquida, brindando una Protecci\u00f3n total y comfort. Esta dermatol\u00f3gicamente comprobado y cuenta con cintura y barreras el\u00e1sticas. Ahora con nuevos y dievertidos dise\u00f1os de Mickey y Minnie.<\/p>\n","protected":false},"excerpt":{"rendered":"<p>Pa\u00f1ales Huggies\u00ae Flexi Comfort Reci\u00e9n Nacido le dan a tu beb\u00e9 una absorci\u00f3n mejorada para caquita l\u00edquida, brindando una Protecci\u00f3n total y comfort<\/p>\n","protected":false},"featured_media":11777,"comment_status":"open","ping_status":"closed","template":"","meta":[],"product_brand":[],"product_cat":[177],"product_tag":[],"class_list":{"0":"post-16837","1":"product","2":"type-product","3":"status-publish","4":"has-post-thumbnail","6":"product_cat-bebe-maternidad","8":"first","9":"instock","10":"shipping-taxable","11":"purchasable","12":"product-type-simple"},"_links":{"self":[{"href":"https:\/\/farmaciadagostino.com.ar\/sitio\/wp-json\/wp\/v2\/product\/16837","targetHints":{"allow":["GET"]}}],"collection":[{"href":"https:\/\/farmaciadagostino.com.ar\/sitio\/wp-json\/wp\/v2\/product"}],"about":[{"href":"https:\/\/farmaciadagostino.com.ar\/sitio\/wp-json\/wp\/v2\/types\/product"}],"replies":[{"embeddable":true,"href":"https:\/\/farmaciadagostino.com.ar\/sitio\/wp-json\/wp\/v2\/comments?post=16837"}],"wp:featuredmedia":[{"embeddable":true,"href":"https:\/\/farmaciadagostino.com.ar\/sitio\/wp-json\/wp\/v2\/media\/11777"}],"wp:attachment":[{"href":"https:\/\/farmaciadagostino.com.ar\/sitio\/wp-json\/wp\/v2\/media?parent=16837"}],"wp:term":[{"taxonomy":"product_brand","embeddable":true,"href":"https:\/\/farmaciadagostino.com.ar\/sitio\/wp-json\/wp\/v2\/product_brand?post=16837"},{"taxonomy":"product_cat","embeddable":true,"href":"https:\/\/farmaciadagostino.com.ar\/sitio\/wp-json\/wp\/v2\/product_cat?post=16837"},{"taxonomy":"product_tag","embeddable":true,"href":"https:\/\/farmaciadagostino.com.ar\/sitio\/wp-json\/wp\/v2\/product_tag?post=16837"}],"curies":[{"name":"wp","href":"https:\/\/api.w.org\/{rel}","templated":true}]}}