{"id":16840,"date":"2024-07-01T23:33:17","date_gmt":"2024-07-02T02:33:17","guid":{"rendered":"https:\/\/farmaciadagostino.com.ar\/sitio\/producto\/panales-huggies-flexi-confort-disney-jumbo-m\/"},"modified":"2026-03-09T10:10:37","modified_gmt":"2026-03-09T13:10:37","slug":"panales-huggies-flexi-confort-disney-jumbo-m","status":"publish","type":"product","link":"https:\/\/farmaciadagostino.com.ar\/sitio\/producto\/panales-huggies-flexi-confort-disney-jumbo-m\/","title":{"rendered":"Pa\u00f1ales Huggies Flexi Confort Disney Jumbo m"},"content":{"rendered":"<p>Pa\u00f1ales Huggies Flexi Comfort con absorci\u00f3n mejorada y cubierta externa suave. Tiene indicador de humedad y viene con personajes de Disney.<\/p>\n","protected":false},"excerpt":{"rendered":"<p>Pa\u00f1ales Huggies Flexi Comfort con absorci\u00f3n mejorada y cubierta externa suave<\/p>\n","protected":false},"featured_media":11774,"comment_status":"open","ping_status":"closed","template":"","meta":[],"product_brand":[],"product_cat":[177],"product_tag":[],"class_list":{"0":"post-16840","1":"product","2":"type-product","3":"status-publish","4":"has-post-thumbnail","6":"product_cat-bebe-maternidad","8":"first","9":"instock","10":"shipping-taxable","11":"purchasable","12":"product-type-simple"},"_links":{"self":[{"href":"https:\/\/farmaciadagostino.com.ar\/sitio\/wp-json\/wp\/v2\/product\/16840","targetHints":{"allow":["GET"]}}],"collection":[{"href":"https:\/\/farmaciadagostino.com.ar\/sitio\/wp-json\/wp\/v2\/product"}],"about":[{"href":"https:\/\/farmaciadagostino.com.ar\/sitio\/wp-json\/wp\/v2\/types\/product"}],"replies":[{"embeddable":true,"href":"https:\/\/farmaciadagostino.com.ar\/sitio\/wp-json\/wp\/v2\/comments?post=16840"}],"wp:featuredmedia":[{"embeddable":true,"href":"https:\/\/farmaciadagostino.com.ar\/sitio\/wp-json\/wp\/v2\/media\/11774"}],"wp:attachment":[{"href":"https:\/\/farmaciadagostino.com.ar\/sitio\/wp-json\/wp\/v2\/media?parent=16840"}],"wp:term":[{"taxonomy":"product_brand","embeddable":true,"href":"https:\/\/farmaciadagostino.com.ar\/sitio\/wp-json\/wp\/v2\/product_brand?post=16840"},{"taxonomy":"product_cat","embeddable":true,"href":"https:\/\/farmaciadagostino.com.ar\/sitio\/wp-json\/wp\/v2\/product_cat?post=16840"},{"taxonomy":"product_tag","embeddable":true,"href":"https:\/\/farmaciadagostino.com.ar\/sitio\/wp-json\/wp\/v2\/product_tag?post=16840"}],"curies":[{"name":"wp","href":"https:\/\/api.w.org\/{rel}","templated":true}]}}