{"id":16841,"date":"2024-07-01T23:33:18","date_gmt":"2024-07-02T02:33:18","guid":{"rendered":"https:\/\/farmaciadagostino.com.ar\/sitio\/producto\/panales-huggies-supreme-care-jumbo-xg\/"},"modified":"2026-03-09T10:18:46","modified_gmt":"2026-03-09T13:18:46","slug":"panales-huggies-supreme-care-jumbo-xg","status":"publish","type":"product","link":"https:\/\/farmaciadagostino.com.ar\/sitio\/producto\/panales-huggies-supreme-care-jumbo-xg\/","title":{"rendered":"Pa\u00f1ales Huggies Supreme Care Jumbo Xg"},"content":{"rendered":"<p>El nuevo Huggies\u00ae Supreme Care, Cuidado Natural para su delicada piel tiene la m\u00e1xima protecci\u00f3n de Huggies: hecho con fibras naturales, 0% fragancia y parabenos, ofreciendo m\u00e1xima sequedad y suavidad tipo algod\u00f3n.<\/p>\n","protected":false},"excerpt":{"rendered":"<p>El nuevo Huggies\u00ae Supreme Care, Cuidado Natural para su delicada piel tiene la m\u00e1xima protecci\u00f3n de Huggies: hecho con fibras naturales, 0% fragancia y parabenos, ofreciendo m\u00e1xima sequedad y suavidad tipo algod\u00f3n<\/p>\n","protected":false},"featured_media":11797,"comment_status":"open","ping_status":"closed","template":"","meta":[],"product_brand":[],"product_cat":[177],"product_tag":[],"class_list":{"0":"post-16841","1":"product","2":"type-product","3":"status-publish","4":"has-post-thumbnail","6":"product_cat-bebe-maternidad","8":"first","9":"instock","10":"shipping-taxable","11":"purchasable","12":"product-type-simple"},"_links":{"self":[{"href":"https:\/\/farmaciadagostino.com.ar\/sitio\/wp-json\/wp\/v2\/product\/16841","targetHints":{"allow":["GET"]}}],"collection":[{"href":"https:\/\/farmaciadagostino.com.ar\/sitio\/wp-json\/wp\/v2\/product"}],"about":[{"href":"https:\/\/farmaciadagostino.com.ar\/sitio\/wp-json\/wp\/v2\/types\/product"}],"replies":[{"embeddable":true,"href":"https:\/\/farmaciadagostino.com.ar\/sitio\/wp-json\/wp\/v2\/comments?post=16841"}],"wp:featuredmedia":[{"embeddable":true,"href":"https:\/\/farmaciadagostino.com.ar\/sitio\/wp-json\/wp\/v2\/media\/11797"}],"wp:attachment":[{"href":"https:\/\/farmaciadagostino.com.ar\/sitio\/wp-json\/wp\/v2\/media?parent=16841"}],"wp:term":[{"taxonomy":"product_brand","embeddable":true,"href":"https:\/\/farmaciadagostino.com.ar\/sitio\/wp-json\/wp\/v2\/product_brand?post=16841"},{"taxonomy":"product_cat","embeddable":true,"href":"https:\/\/farmaciadagostino.com.ar\/sitio\/wp-json\/wp\/v2\/product_cat?post=16841"},{"taxonomy":"product_tag","embeddable":true,"href":"https:\/\/farmaciadagostino.com.ar\/sitio\/wp-json\/wp\/v2\/product_tag?post=16841"}],"curies":[{"name":"wp","href":"https:\/\/api.w.org\/{rel}","templated":true}]}}