{"id":16858,"date":"2024-07-01T23:33:21","date_gmt":"2024-07-02T02:33:21","guid":{"rendered":"https:\/\/farmaciadagostino.com.ar\/sitio\/producto\/ena-suplemento-deportivo-whey-protein-double-rich-chocolate-453-gr\/"},"modified":"2026-03-09T10:10:37","modified_gmt":"2026-03-09T13:10:37","slug":"ena-suplemento-deportivo-whey-protein-double-rich-chocolate-453-gr","status":"publish","type":"product","link":"https:\/\/farmaciadagostino.com.ar\/sitio\/producto\/ena-suplemento-deportivo-whey-protein-double-rich-chocolate-453-gr\/","title":{"rendered":"Ena Suplemento Deportivo Whey Protein Double Rich Chocolate 453 gr"},"content":{"rendered":"<h5>Nombre<\/h5>\n<p>Suplemento Dietario Ena Whey Protein sabor chocolate x 453 gr<\/p>\n<h5>Descripci\u00f3n<\/h5>\n<p>Suplemento Dietario a base de prote\u00edna de suero de leche. Proporciona un gran apoyo en la nutrici\u00f3n de quienes quieren aumentar la masa muscular y mejorar la recuperaci\u00f3n. Gran apoyo en la nutrici\u00f3n del deportista. Prote\u00edna instant\u00e1nea de m\u00e1xima calidad. Nueva formula mejorada. Ideal para cuando est\u00e1s buscando aumentar m\u00fasculo, reponer nutrientes despu\u00e9s de una sesi\u00f3n de ejercicios y mejorar tu performance. Aporta los nueve amino\u00e1cidos esenciales para una mejor definici\u00f3n muscular. <\/p>\n<h5>Modo de Uso<\/h5>\n<p>Colocar una medida (scoop) en un shaker y agregar 200 cm3 de agua o leche (preferentemente descremada), agitar y consumir. Para lograr \u00f3ptimos resultados tomarlo con agua fr\u00eda. <\/p>\n","protected":false},"excerpt":{"rendered":"<p>NombreSuplemento Dietario Ena Whey Protein sabor chocolate x 453 grDescripci\u00f3nSuplemento Dietario a base de prote\u00edna de suero de leche<\/p>\n","protected":false},"featured_media":11271,"comment_status":"open","ping_status":"closed","template":"","meta":[],"product_brand":[],"product_cat":[241],"product_tag":[],"class_list":{"0":"post-16858","1":"product","2":"type-product","3":"status-publish","4":"has-post-thumbnail","6":"product_cat-deporte","8":"first","9":"instock","10":"shipping-taxable","11":"purchasable","12":"product-type-simple"},"_links":{"self":[{"href":"https:\/\/farmaciadagostino.com.ar\/sitio\/wp-json\/wp\/v2\/product\/16858","targetHints":{"allow":["GET"]}}],"collection":[{"href":"https:\/\/farmaciadagostino.com.ar\/sitio\/wp-json\/wp\/v2\/product"}],"about":[{"href":"https:\/\/farmaciadagostino.com.ar\/sitio\/wp-json\/wp\/v2\/types\/product"}],"replies":[{"embeddable":true,"href":"https:\/\/farmaciadagostino.com.ar\/sitio\/wp-json\/wp\/v2\/comments?post=16858"}],"wp:featuredmedia":[{"embeddable":true,"href":"https:\/\/farmaciadagostino.com.ar\/sitio\/wp-json\/wp\/v2\/media\/11271"}],"wp:attachment":[{"href":"https:\/\/farmaciadagostino.com.ar\/sitio\/wp-json\/wp\/v2\/media?parent=16858"}],"wp:term":[{"taxonomy":"product_brand","embeddable":true,"href":"https:\/\/farmaciadagostino.com.ar\/sitio\/wp-json\/wp\/v2\/product_brand?post=16858"},{"taxonomy":"product_cat","embeddable":true,"href":"https:\/\/farmaciadagostino.com.ar\/sitio\/wp-json\/wp\/v2\/product_cat?post=16858"},{"taxonomy":"product_tag","embeddable":true,"href":"https:\/\/farmaciadagostino.com.ar\/sitio\/wp-json\/wp\/v2\/product_tag?post=16858"}],"curies":[{"name":"wp","href":"https:\/\/api.w.org\/{rel}","templated":true}]}}