{"id":16880,"date":"2024-07-01T23:33:25","date_gmt":"2024-07-02T02:33:25","guid":{"rendered":"https:\/\/farmaciadagostino.com.ar\/sitio\/producto\/pampers-panales-deluxe-protection-rn-36-unidades\/"},"modified":"2026-03-09T10:18:46","modified_gmt":"2026-03-09T13:18:46","slug":"pampers-panales-deluxe-protection-rn-36-unidades","status":"publish","type":"product","link":"https:\/\/farmaciadagostino.com.ar\/sitio\/producto\/pampers-panales-deluxe-protection-rn-36-unidades\/","title":{"rendered":"Pampers Pa\u00f1ales Deluxe Protection Rn+ (36 Unidades)"},"content":{"rendered":"<p>Pampers Deluxe Protection Reci\u00e9n Nacido cuenta con la m\u00e1xima absorci\u00f3n y suavidad de Pampers para proteger delicadamente la piel de tu beb\u00e9 desde el primer d\u00eda. Adem\u00e1s cuenta con indicador de humedad para saber cuando es el momento del cambio, materiales ultra respirables para que la piel de tu beb\u00e9 se mantenga sequita, ayuda a prevenir irritaciones y son hipoalerg\u00e9nicos.<\/p>\n","protected":false},"excerpt":{"rendered":"<p>Pampers Deluxe Protection Reci\u00e9n Nacido cuenta con la m\u00e1xima absorci\u00f3n y suavidad de Pampers para proteger delicadamente la piel de tu beb\u00e9 desde el primer d\u00eda<\/p>\n","protected":false},"featured_media":9026,"comment_status":"open","ping_status":"closed","template":"","meta":[],"product_brand":[],"product_cat":[177],"product_tag":[],"class_list":{"0":"post-16880","1":"product","2":"type-product","3":"status-publish","4":"has-post-thumbnail","6":"product_cat-bebe-maternidad","8":"first","9":"instock","10":"shipping-taxable","11":"purchasable","12":"product-type-simple"},"_links":{"self":[{"href":"https:\/\/farmaciadagostino.com.ar\/sitio\/wp-json\/wp\/v2\/product\/16880","targetHints":{"allow":["GET"]}}],"collection":[{"href":"https:\/\/farmaciadagostino.com.ar\/sitio\/wp-json\/wp\/v2\/product"}],"about":[{"href":"https:\/\/farmaciadagostino.com.ar\/sitio\/wp-json\/wp\/v2\/types\/product"}],"replies":[{"embeddable":true,"href":"https:\/\/farmaciadagostino.com.ar\/sitio\/wp-json\/wp\/v2\/comments?post=16880"}],"wp:featuredmedia":[{"embeddable":true,"href":"https:\/\/farmaciadagostino.com.ar\/sitio\/wp-json\/wp\/v2\/media\/9026"}],"wp:attachment":[{"href":"https:\/\/farmaciadagostino.com.ar\/sitio\/wp-json\/wp\/v2\/media?parent=16880"}],"wp:term":[{"taxonomy":"product_brand","embeddable":true,"href":"https:\/\/farmaciadagostino.com.ar\/sitio\/wp-json\/wp\/v2\/product_brand?post=16880"},{"taxonomy":"product_cat","embeddable":true,"href":"https:\/\/farmaciadagostino.com.ar\/sitio\/wp-json\/wp\/v2\/product_cat?post=16880"},{"taxonomy":"product_tag","embeddable":true,"href":"https:\/\/farmaciadagostino.com.ar\/sitio\/wp-json\/wp\/v2\/product_tag?post=16880"}],"curies":[{"name":"wp","href":"https:\/\/api.w.org\/{rel}","templated":true}]}}