{"id":16894,"date":"2024-07-01T23:33:30","date_gmt":"2024-07-02T02:33:30","guid":{"rendered":"https:\/\/farmaciadagostino.com.ar\/sitio\/producto\/panales-pampers-baby-dry-hipoalergenico-hiperpack-g\/"},"modified":"2026-03-09T10:25:49","modified_gmt":"2026-03-09T13:25:49","slug":"panales-pampers-baby-dry-hipoalergenico-hiperpack-g","status":"publish","type":"product","link":"https:\/\/farmaciadagostino.com.ar\/sitio\/producto\/panales-pampers-baby-dry-hipoalergenico-hiperpack-g\/","title":{"rendered":"Pa\u00f1ales Pampers Baby Dry Hipoalerg\u00e9nico Hiperpack g"},"content":{"rendered":"<p>Los pa\u00f1ales Pampers Baby Dry para beb\u00e9s cuentan con un material absorbente para ayudar a mantener la humedad y el desorden lejos de la piel delicada. Ofrecen una parte trasera acolchada y cierres superpuestos suaves para ayudar a garantizar un ajuste c\u00f3modo.<\/p>\n","protected":false},"excerpt":{"rendered":"<p>Los pa\u00f1ales Pampers Baby Dry para beb\u00e9s cuentan con un material absorbente para ayudar a mantener la humedad y el desorden lejos de la piel delicada<\/p>\n","protected":false},"featured_media":8886,"comment_status":"open","ping_status":"closed","template":"","meta":[],"product_brand":[],"product_cat":[177],"product_tag":[],"class_list":{"0":"post-16894","1":"product","2":"type-product","3":"status-publish","4":"has-post-thumbnail","6":"product_cat-bebe-maternidad","8":"first","9":"instock","10":"shipping-taxable","11":"purchasable","12":"product-type-simple"},"_links":{"self":[{"href":"https:\/\/farmaciadagostino.com.ar\/sitio\/wp-json\/wp\/v2\/product\/16894","targetHints":{"allow":["GET"]}}],"collection":[{"href":"https:\/\/farmaciadagostino.com.ar\/sitio\/wp-json\/wp\/v2\/product"}],"about":[{"href":"https:\/\/farmaciadagostino.com.ar\/sitio\/wp-json\/wp\/v2\/types\/product"}],"replies":[{"embeddable":true,"href":"https:\/\/farmaciadagostino.com.ar\/sitio\/wp-json\/wp\/v2\/comments?post=16894"}],"wp:featuredmedia":[{"embeddable":true,"href":"https:\/\/farmaciadagostino.com.ar\/sitio\/wp-json\/wp\/v2\/media\/8886"}],"wp:attachment":[{"href":"https:\/\/farmaciadagostino.com.ar\/sitio\/wp-json\/wp\/v2\/media?parent=16894"}],"wp:term":[{"taxonomy":"product_brand","embeddable":true,"href":"https:\/\/farmaciadagostino.com.ar\/sitio\/wp-json\/wp\/v2\/product_brand?post=16894"},{"taxonomy":"product_cat","embeddable":true,"href":"https:\/\/farmaciadagostino.com.ar\/sitio\/wp-json\/wp\/v2\/product_cat?post=16894"},{"taxonomy":"product_tag","embeddable":true,"href":"https:\/\/farmaciadagostino.com.ar\/sitio\/wp-json\/wp\/v2\/product_tag?post=16894"}],"curies":[{"name":"wp","href":"https:\/\/api.w.org\/{rel}","templated":true}]}}