{"id":16905,"date":"2024-07-01T23:33:32","date_gmt":"2024-07-02T02:33:32","guid":{"rendered":"https:\/\/farmaciadagostino.com.ar\/sitio\/producto\/sumplemento-ampk-30-comprimidos\/"},"modified":"2026-03-09T10:10:40","modified_gmt":"2026-03-09T13:10:40","slug":"sumplemento-ampk-30-comprimidos","status":"publish","type":"product","link":"https:\/\/farmaciadagostino.com.ar\/sitio\/producto\/sumplemento-ampk-30-comprimidos\/","title":{"rendered":"Sumplemento Ampk 30 comprimidos"},"content":{"rendered":"<p>Suplemento dietario a base de dextro fenilalanina, selenio, calcio, magnesio, zinc, vitamina E y C en comprimidos. Es un complemento de la alimentaci\u00f3n elaborado en base a ingredientes naturales esenciales en la actividad metab\u00f3lica. La formulaci\u00f3n exclusiva de AMPK, fue desarrollada, especialmente luego de a\u00f1os de estudio e investigaci\u00f3n, para lograr complementar la alimentaci\u00f3n con nutrientes que act\u00faan estimulando diversas v\u00edas metab\u00f3licas. El exceso de peso es un factor de riego, que afecta la salud y calidad de vida. Sus causas son m\u00faltiples, siendo la disminuci\u00f3n de la actividad del metabolismo, uno de los responsables m\u00e1s relevantes. <\/p>\n<h5>Beneficios:<\/h5>\n<p> AMPK (Prote\u00edn Quinasa Activada por Monofosfato de Adenina), es un complejo enzim\u00e1tico regulador del balance energ\u00e9tico celular y del consumo de calor\u00edas. Es activada cuando los niveles de energ\u00eda est\u00e1n comprometidos, e inducen una cascada de eventos en las c\u00e9lulas. Su activaci\u00f3n tiene efectos en el metabolismo de glucosa y l\u00edpidos, expresi\u00f3n de genes y s\u00edntesis de prote\u00ednas. Pone fin a rutas anab\u00f3licas, como puede ser la s\u00edntesis de colesterol (mediante inhibici\u00f3n de HMG-CoA reductasa), prote\u00ednas, y l\u00edpidos, disminuyendo tambi\u00e9n la gluconeog\u00e9nesis. Estos eventos son iniciados r\u00e1pidamente y se los refiere como procesos de regulaci\u00f3n en el corto plazo, tambi\u00e9n regula la s\u00edntesis y secreci\u00f3n de insulina en las c\u00e9lulas beta del p\u00e1ncreas y modula funciones hipotal\u00e1micas involucradas en la regulaci\u00f3n de la saciedad, disminuyendo la se\u00f1al del hambre. <\/p>\n<h5>Advertencias<\/h5>\n<p>No utilizar en caso de embarazo, lactancia ni en ni\u00f1os salvo indicaci\u00f3n m\u00e9dica. Conserve en lugar fresco, seco y alejado de la luz natural. <\/p>\n<h5>Modo de uso<\/h5>\n<p>1 comprimido al d\u00eda en el desayuno o acompa\u00f1ando alguna de las comidas del d\u00eda. <\/p>\n","protected":false},"excerpt":{"rendered":"<p>Suplemento dietario a base de dextro fenilalanina, selenio, calcio, magnesio, zinc, vitamina E y C en comprimidos<\/p>\n","protected":false},"featured_media":12127,"comment_status":"open","ping_status":"closed","template":"","meta":[],"product_brand":[],"product_cat":[152,149],"product_tag":[],"class_list":{"0":"post-16905","1":"product","2":"type-product","3":"status-publish","4":"has-post-thumbnail","6":"product_cat-cuidado-personal","7":"product_cat-farmacia","9":"first","10":"instock","11":"shipping-taxable","12":"purchasable","13":"product-type-simple"},"_links":{"self":[{"href":"https:\/\/farmaciadagostino.com.ar\/sitio\/wp-json\/wp\/v2\/product\/16905","targetHints":{"allow":["GET"]}}],"collection":[{"href":"https:\/\/farmaciadagostino.com.ar\/sitio\/wp-json\/wp\/v2\/product"}],"about":[{"href":"https:\/\/farmaciadagostino.com.ar\/sitio\/wp-json\/wp\/v2\/types\/product"}],"replies":[{"embeddable":true,"href":"https:\/\/farmaciadagostino.com.ar\/sitio\/wp-json\/wp\/v2\/comments?post=16905"}],"wp:featuredmedia":[{"embeddable":true,"href":"https:\/\/farmaciadagostino.com.ar\/sitio\/wp-json\/wp\/v2\/media\/12127"}],"wp:attachment":[{"href":"https:\/\/farmaciadagostino.com.ar\/sitio\/wp-json\/wp\/v2\/media?parent=16905"}],"wp:term":[{"taxonomy":"product_brand","embeddable":true,"href":"https:\/\/farmaciadagostino.com.ar\/sitio\/wp-json\/wp\/v2\/product_brand?post=16905"},{"taxonomy":"product_cat","embeddable":true,"href":"https:\/\/farmaciadagostino.com.ar\/sitio\/wp-json\/wp\/v2\/product_cat?post=16905"},{"taxonomy":"product_tag","embeddable":true,"href":"https:\/\/farmaciadagostino.com.ar\/sitio\/wp-json\/wp\/v2\/product_tag?post=16905"}],"curies":[{"name":"wp","href":"https:\/\/api.w.org\/{rel}","templated":true}]}}