{"id":16927,"date":"2024-07-01T23:33:38","date_gmt":"2024-07-02T02:33:38","guid":{"rendered":"https:\/\/farmaciadagostino.com.ar\/sitio\/producto\/panales-pampers-premium-care-plus-hipoalergenico-m\/"},"modified":"2026-03-09T10:10:40","modified_gmt":"2026-03-09T13:10:40","slug":"panales-pampers-premium-care-plus-hipoalergenico-m","status":"publish","type":"product","link":"https:\/\/farmaciadagostino.com.ar\/sitio\/producto\/panales-pampers-premium-care-plus-hipoalergenico-m\/","title":{"rendered":"Pa\u00f1ales Pampers Premium Care Plus Hipoalerg\u00e9nico m"},"content":{"rendered":"<p>Pampers Premium Care Hipoalerg\u00e9nico Piel Delicada, para que la piel de su bebe \u00a1se quede siempre como piel de bebe! Cuenta con la m\u00e1xima absorci\u00f3n de Pampers y con una nueva loci\u00f3n hipoalerg\u00e9nica. Pampers Premium Care ayuda a prevenir irritaciones, es suave como algod\u00f3n y ultra respirable. Prob\u00e1 ya los nuevos Pampers Premium Care.No contiene fibras de algod\u00f3n. <\/p>\n<h5>Beneficios:<\/h5>\n<p>-M\u00e1xima absorci\u00f3n de Pampers. <\/p>\n<p>-Nueva Loci\u00f3n Hipoalerg\u00e9nica con ingrediente de origen natural. <\/p>\n<p>-Ultra respirable. <\/p>\n<p>-Suave como algod\u00f3n. <\/p>\n<p>-Ajuste como y flexible: se ajustan a los movimientos de tu bebe. <\/p>\n<p>-Barreras anti-derrames. <\/p>\n<p>-Delicados dise\u00f1os para el d\u00eda y para la noche. <\/p>\n<p>-No contiene fibras de algod\u00f3n. <\/p>\n<h5>Advertencia:<\/h5>\n<p>Los Pa\u00f1ales Desechables Pueden Incendiarse Si Son Expuestos Al Fuego, Para Seguridad De Sus Ni\u00f1os Mant\u00e9ngalos Siempre Alejados Del Fuego, Para Evitar Peligro De Sofocaci\u00f3n Y\/O Asfixia Mec\u00e1nica Mantenga La Bolsa De Pl\u00e1stico Alejada De Los Beb\u00e9s Y Ni\u00f1os, Descontinuar Su Uso En Caso De Irritaci\u00f3n Y Consultar Al M\u00e9dico, No Etiquetado Para Su Venta Individual, Colores Y Gr\u00e1ficos Mostrados En La Parte Externa Del Pa\u00f1al Y Empaque Son Referenciale. <\/p>\n<h5>Modo de uso:<\/h5>\n<p>Coloque El Beb\u00e9 Sobre El Pa\u00f1al, Despegue Las Cintas Y Tire De Ellas, Pegue Las Cintas Sobre La Banda Decorada. <\/p>\n<h5>Ingrediente:<\/h5>\n<p>Pol\u00edmero Superabsorbente, Polipropileno, Celulosa, Polietileno, Adhesivos, Poli\u00e9ster, El\u00e1sticos, Petrolatum, Stearyl Alcohol, Fragancia, Aloe Barbadensis Leaf Extract, Calendula Officinalis Flower Extract, Butyrospermum Parkii Buter.<\/p>\n<p>&lt;<\/p>\n<h5>Peso del Beb\u00e9:<\/h5>\n<p> M\u00e1s 14 k g.<\/p>\n<h5>Talle:<\/h5>\n<p>XXG.<\/p>\n","protected":false},"excerpt":{"rendered":"<p>Pampers Premium Care Hipoalerg\u00e9nico Piel Delicada, para que la piel de su bebe \u00a1se quede siempre como piel de bebe! Cuenta con la m\u00e1xima absorci\u00f3n de Pampers y con una nueva loci\u00f3n hipoalerg\u00e9nica<\/p>\n","protected":false},"featured_media":8816,"comment_status":"open","ping_status":"closed","template":"","meta":[],"product_brand":[],"product_cat":[177],"product_tag":[],"class_list":{"0":"post-16927","1":"product","2":"type-product","3":"status-publish","4":"has-post-thumbnail","6":"product_cat-bebe-maternidad","8":"first","9":"instock","10":"shipping-taxable","11":"purchasable","12":"product-type-simple"},"_links":{"self":[{"href":"https:\/\/farmaciadagostino.com.ar\/sitio\/wp-json\/wp\/v2\/product\/16927","targetHints":{"allow":["GET"]}}],"collection":[{"href":"https:\/\/farmaciadagostino.com.ar\/sitio\/wp-json\/wp\/v2\/product"}],"about":[{"href":"https:\/\/farmaciadagostino.com.ar\/sitio\/wp-json\/wp\/v2\/types\/product"}],"replies":[{"embeddable":true,"href":"https:\/\/farmaciadagostino.com.ar\/sitio\/wp-json\/wp\/v2\/comments?post=16927"}],"wp:featuredmedia":[{"embeddable":true,"href":"https:\/\/farmaciadagostino.com.ar\/sitio\/wp-json\/wp\/v2\/media\/8816"}],"wp:attachment":[{"href":"https:\/\/farmaciadagostino.com.ar\/sitio\/wp-json\/wp\/v2\/media?parent=16927"}],"wp:term":[{"taxonomy":"product_brand","embeddable":true,"href":"https:\/\/farmaciadagostino.com.ar\/sitio\/wp-json\/wp\/v2\/product_brand?post=16927"},{"taxonomy":"product_cat","embeddable":true,"href":"https:\/\/farmaciadagostino.com.ar\/sitio\/wp-json\/wp\/v2\/product_cat?post=16927"},{"taxonomy":"product_tag","embeddable":true,"href":"https:\/\/farmaciadagostino.com.ar\/sitio\/wp-json\/wp\/v2\/product_tag?post=16927"}],"curies":[{"name":"wp","href":"https:\/\/api.w.org\/{rel}","templated":true}]}}