{"id":16940,"date":"2024-07-01T23:33:40","date_gmt":"2024-07-02T02:33:40","guid":{"rendered":"https:\/\/farmaciadagostino.com.ar\/sitio\/producto\/natufarma-natulax-plus-cascara-sagrada-x-40-comp-sabor-sin-sabor\/"},"modified":"2026-03-09T10:25:49","modified_gmt":"2026-03-09T13:25:49","slug":"natufarma-natulax-plus-cascara-sagrada-x-40-comp-sabor-sin-sabor","status":"publish","type":"product","link":"https:\/\/farmaciadagostino.com.ar\/sitio\/producto\/natufarma-natulax-plus-cascara-sagrada-x-40-comp-sabor-sin-sabor\/","title":{"rendered":"Natufarma Natulax Plus C\u00e1scara Sagrada X 40 Comp. | Sabor Sin Sabor"},"content":{"rendered":"<h5><font color=\"#3984c6\"><b><span style=\"font-size: 14px\">NATULAX PLUS<\/span><br \/><\/b><span style=\"font-size: 14px;font-weight: normal\">CASCARA SAGRADA<\/span><\/font><\/h5>\n<div><span style=\"font-size: 14px\"><b><font color=\"#636363\">LAXANTE<\/font><\/b><\/span><\/div>\n<div><span style=\"font-size: 14px\"><b><font color=\"#636363\"><br \/><\/font><\/b><\/span><\/div>\n<p><span style=\"font-size: 14px\"><b><font color=\"#636363\">DESCRIPCI\u00d3N:<\/font><\/b><\/span><\/p>\n<\/p>\n<ul>\n<li><span style=\"font-size: 14px\"><font color=\"#636363\">La C\u00e1scara Sagrada se extrae de la corteza desecada de un \u00e1rbol peque\u00f1o (Rhamnus Purshiana), originario de la zona de Californa (EEUU).&nbsp;<\/font><\/span><\/li>\n<\/ul>\n<ul>\n<li><span style=\"font-size: 14px\"><font color=\"#636363\">Sus principios activos, son compuestos antraquin\u00f3nicos.<\/font><\/span><\/li>\n<\/ul>\n<p><font color=\"#636363\"><span style=\"font-size: 14px\"><br \/><\/span><span style=\"font-size: 14px\"><b>ACCI\u00d3NES Y USOS:<\/b><\/span><\/font><\/p>\n<\/p>\n<ul>\n<li><span style=\"font-size: 14px\"><font color=\"#636363\">Laxante en constipaciones, especialmente en caso de enfermedad cardiovascular, hemorroides, postquir\u00fargico, y por cortos per\u00edodos, s\u00f3lo cuando han fallado otros tratamientos como cambio en la dieta o el uso de laxantes tipo \u00abformadores de masa\u00bb (fibras).<\/font><\/span><\/li>\n<\/ul>\n<p><font color=\"#636363\"><span style=\"font-size: 14px\"><br \/><\/span><span style=\"font-size: 14px\"><b>F\u00d3RMULA:<\/b><\/span><\/font><\/p>\n<\/p>\n<ul>\n<li><span style=\"font-size: 14px\"><font color=\"#636363\">C\u00e1scara sagrada polvo (de c\u00e1scara de Rhamnus purshiana D.C. Rhamnaceae) 120 mg.<\/font><\/span><\/li>\n<\/ul>\n<ul>\n<li><span style=\"font-size: 14px\"><font color=\"#636363\">Picosulfato de sodio 3,5 mg.<\/font><\/span><\/li>\n<\/ul>\n<ul>\n<li><span style=\"font-size: 14px\"><font color=\"#636363\">Excipientes: lactosa coprocesada, alcohol polivin\u00edlico, di\u00f3xido de silicio, estearato de magnesio, amarillo quinolina laca, rojo allura laca, azul brillante laca.<\/font><\/span><\/li>\n<\/ul>\n<p><font color=\"#636363\"><span style=\"font-size: 14px\"><br \/><\/span><span style=\"font-size: 14px\"><b>PRESENTACI\u00d3N:<\/b><\/span><\/font><\/p>\n<\/p>\n<ul>\n<li><span style=\"font-size: 14px\"><font color=\"#636363\">40 comprimidos.<\/font><\/span><\/li>\n<\/ul>\n<p><font color=\"#636363\"><span style=\"font-size: 14px\"><br \/><\/span><span style=\"font-size: 14px\"><b>INGESTA RECOMENDADA:<\/b><\/span><\/font><\/p>\n<\/p>\n<ul>\n<li><span style=\"font-size: 14px\"><font color=\"#636363\">Uso oral. Dos a tres comprimidos por d\u00eda, por la noche antes de acostarse, ajustando la dosis seg\u00fan las necesidades del individuo.<\/font><\/span><\/li>\n<\/ul>\n<ul>\n<li><span style=\"font-size: 14px\"><font color=\"#636363\">Dosis m\u00e1xima: tres comprimidos por d\u00eda.<\/font><\/span><\/li>\n<\/ul>\n<ul>\n<li><span style=\"font-size: 14px\"><font color=\"#636363\">Ni\u00f1os menores de 12 a\u00f1os: no consumir.<\/font><\/span><\/li>\n<\/ul>\n<ul>\n<li><span style=\"font-size: 14px\"><font color=\"#636363\">Mujeres embarazadas o en per\u00edodo de amamantamiento: no consumir.<\/font><\/span><\/li>\n<\/ul>\n<p><font color=\"#636363\"><span style=\"font-size: 14px\"><br \/><\/span><span style=\"font-size: 14px\"><b>EFECTOS ADVERSOS:<\/b><\/span><\/font><\/p>\n<\/p>\n<ul>\n<li><span style=\"font-size: 14px\"><font color=\"#636363\">Su uso por per\u00edodos prolongados o en altas dosis puede dar lugar a la aparici\u00f3n de desbalances hidroelectrol\u00edticos (m\u00e1s frecuentemente p\u00e9rdida de potasio), albuminuria, hematuria, dep\u00f3sito de pigmentos en la mucosa intestinal (pseudomelanosis col\u00f3nica) y atan\u00eda col\u00f3nica.<\/font><\/span><\/li>\n<\/ul>\n<ul>\n<li><span style=\"font-size: 14px\"><font color=\"#636363\">Todas estas alteraciones regresan usualmente a la normalidad cuando la medicaci\u00f3n es suspendida. La p\u00e9rdida de potasio puede conducir a la anormalidad card\u00edaca y\/o musculares especialmente en pacientes que reciben concominantemente digit\u00e1licos, diur\u00e9ticos y\/o costicoesteroides.<\/font><\/span><\/li>\n<\/ul>\n","protected":false},"excerpt":{"rendered":"<p>NATULAX PLUSCASCARA SAGRADALAXANTEDESCRIPCI\u00d3N:La C\u00e1scara Sagrada se extrae de la corteza desecada de un \u00e1rbol peque\u00f1o (Rhamnus Purshiana), originario de la zona de Californa (EEUU)<\/p>\n","protected":false},"featured_media":12053,"comment_status":"open","ping_status":"closed","template":"","meta":[],"product_brand":[],"product_cat":[149],"product_tag":[],"class_list":{"0":"post-16940","1":"product","2":"type-product","3":"status-publish","4":"has-post-thumbnail","6":"product_cat-farmacia","8":"first","9":"instock","10":"shipping-taxable","11":"purchasable","12":"product-type-simple"},"_links":{"self":[{"href":"https:\/\/farmaciadagostino.com.ar\/sitio\/wp-json\/wp\/v2\/product\/16940","targetHints":{"allow":["GET"]}}],"collection":[{"href":"https:\/\/farmaciadagostino.com.ar\/sitio\/wp-json\/wp\/v2\/product"}],"about":[{"href":"https:\/\/farmaciadagostino.com.ar\/sitio\/wp-json\/wp\/v2\/types\/product"}],"replies":[{"embeddable":true,"href":"https:\/\/farmaciadagostino.com.ar\/sitio\/wp-json\/wp\/v2\/comments?post=16940"}],"wp:featuredmedia":[{"embeddable":true,"href":"https:\/\/farmaciadagostino.com.ar\/sitio\/wp-json\/wp\/v2\/media\/12053"}],"wp:attachment":[{"href":"https:\/\/farmaciadagostino.com.ar\/sitio\/wp-json\/wp\/v2\/media?parent=16940"}],"wp:term":[{"taxonomy":"product_brand","embeddable":true,"href":"https:\/\/farmaciadagostino.com.ar\/sitio\/wp-json\/wp\/v2\/product_brand?post=16940"},{"taxonomy":"product_cat","embeddable":true,"href":"https:\/\/farmaciadagostino.com.ar\/sitio\/wp-json\/wp\/v2\/product_cat?post=16940"},{"taxonomy":"product_tag","embeddable":true,"href":"https:\/\/farmaciadagostino.com.ar\/sitio\/wp-json\/wp\/v2\/product_tag?post=16940"}],"curies":[{"name":"wp","href":"https:\/\/api.w.org\/{rel}","templated":true}]}}