{"id":16942,"date":"2024-07-01T23:33:40","date_gmt":"2024-07-02T02:33:40","guid":{"rendered":"https:\/\/farmaciadagostino.com.ar\/sitio\/producto\/natufarma-suplemento-dietario-chia-30-capsulas\/"},"modified":"2026-03-09T10:18:46","modified_gmt":"2026-03-09T13:18:46","slug":"natufarma-suplemento-dietario-chia-30-capsulas","status":"publish","type":"product","link":"https:\/\/farmaciadagostino.com.ar\/sitio\/producto\/natufarma-suplemento-dietario-chia-30-capsulas\/","title":{"rendered":"Natufarma Suplemento Dietario Chia (30 Capsulas)"},"content":{"rendered":"<p>El Omega 3 del aceite de ch\u00eda contribuye a reducir los niveles de colesterol y triglic\u00e9ridos.<br \/>\n  Los \u00e1cidos grasos poliinsaturados constituyen una familia de \u00e1cidos que se caracterizan por no ser sintetizados por nuestro organismo y su falta produce efectos carenciales que desaparecen si se los agrega en la dieta, por eso se los denomina esenciales.<br \/>\n  Existen los de origen animal, de aceite de pescado y los de origen vegetal, entre los que se destaca la semilla de ch\u00eda.<br \/>\n  La semilla de ch\u00eda se distingue por su riqueza en \u00e1cidos grasos poliinsaturados donde el 60% de \u00e9stos es el \u00e1cido alfa linol\u00e9nico Omega 3 precursor del DHA y del EPA.<\/p>\n","protected":false},"excerpt":{"rendered":"<p>El Omega 3 del aceite de ch\u00eda contribuye a reducir los niveles de colesterol y triglic\u00e9ridos<\/p>\n","protected":false},"featured_media":12059,"comment_status":"open","ping_status":"closed","template":"","meta":[],"product_brand":[],"product_cat":[149],"product_tag":[],"class_list":{"0":"post-16942","1":"product","2":"type-product","3":"status-publish","4":"has-post-thumbnail","6":"product_cat-farmacia","8":"first","9":"instock","10":"shipping-taxable","11":"purchasable","12":"product-type-simple"},"_links":{"self":[{"href":"https:\/\/farmaciadagostino.com.ar\/sitio\/wp-json\/wp\/v2\/product\/16942","targetHints":{"allow":["GET"]}}],"collection":[{"href":"https:\/\/farmaciadagostino.com.ar\/sitio\/wp-json\/wp\/v2\/product"}],"about":[{"href":"https:\/\/farmaciadagostino.com.ar\/sitio\/wp-json\/wp\/v2\/types\/product"}],"replies":[{"embeddable":true,"href":"https:\/\/farmaciadagostino.com.ar\/sitio\/wp-json\/wp\/v2\/comments?post=16942"}],"wp:featuredmedia":[{"embeddable":true,"href":"https:\/\/farmaciadagostino.com.ar\/sitio\/wp-json\/wp\/v2\/media\/12059"}],"wp:attachment":[{"href":"https:\/\/farmaciadagostino.com.ar\/sitio\/wp-json\/wp\/v2\/media?parent=16942"}],"wp:term":[{"taxonomy":"product_brand","embeddable":true,"href":"https:\/\/farmaciadagostino.com.ar\/sitio\/wp-json\/wp\/v2\/product_brand?post=16942"},{"taxonomy":"product_cat","embeddable":true,"href":"https:\/\/farmaciadagostino.com.ar\/sitio\/wp-json\/wp\/v2\/product_cat?post=16942"},{"taxonomy":"product_tag","embeddable":true,"href":"https:\/\/farmaciadagostino.com.ar\/sitio\/wp-json\/wp\/v2\/product_tag?post=16942"}],"curies":[{"name":"wp","href":"https:\/\/api.w.org\/{rel}","templated":true}]}}