{"id":16944,"date":"2024-07-01T23:33:41","date_gmt":"2024-07-02T02:33:41","guid":{"rendered":"https:\/\/farmaciadagostino.com.ar\/sitio\/producto\/natufarma-suplemento-dietario-ginkgo-40-miligramos-60-comprimidos\/"},"modified":"2026-03-09T10:10:40","modified_gmt":"2026-03-09T13:10:40","slug":"natufarma-suplemento-dietario-ginkgo-40-miligramos-60-comprimidos","status":"publish","type":"product","link":"https:\/\/farmaciadagostino.com.ar\/sitio\/producto\/natufarma-suplemento-dietario-ginkgo-40-miligramos-60-comprimidos\/","title":{"rendered":"Natufarma Suplemento Dietario Ginkgo 40 miligramos (60 Comprimidos)"},"content":{"rendered":"<p>El ginkgo biloba es un \u00e1rbol originario de oriente. Se denomina biloba porque sus hojas presentan forma de dos l\u00f3bulos unidos, \u00e9stas contienen flavonoides y terpenos responsables de sus notables propiedades terap\u00e9uticas sobre todo en el sistema circulatorio, mejora la circulaci\u00f3n arterial, capilar y venosa, indicado para p\u00e9rdida o disminuci\u00f3n de memoria.<\/p>\n","protected":false},"excerpt":{"rendered":"<p>El ginkgo biloba es un \u00e1rbol originario de oriente<\/p>\n","protected":false},"featured_media":12052,"comment_status":"open","ping_status":"closed","template":"","meta":[],"product_brand":[],"product_cat":[149],"product_tag":[],"class_list":{"0":"post-16944","1":"product","2":"type-product","3":"status-publish","4":"has-post-thumbnail","6":"product_cat-farmacia","8":"first","9":"instock","10":"shipping-taxable","11":"purchasable","12":"product-type-simple"},"_links":{"self":[{"href":"https:\/\/farmaciadagostino.com.ar\/sitio\/wp-json\/wp\/v2\/product\/16944","targetHints":{"allow":["GET"]}}],"collection":[{"href":"https:\/\/farmaciadagostino.com.ar\/sitio\/wp-json\/wp\/v2\/product"}],"about":[{"href":"https:\/\/farmaciadagostino.com.ar\/sitio\/wp-json\/wp\/v2\/types\/product"}],"replies":[{"embeddable":true,"href":"https:\/\/farmaciadagostino.com.ar\/sitio\/wp-json\/wp\/v2\/comments?post=16944"}],"wp:featuredmedia":[{"embeddable":true,"href":"https:\/\/farmaciadagostino.com.ar\/sitio\/wp-json\/wp\/v2\/media\/12052"}],"wp:attachment":[{"href":"https:\/\/farmaciadagostino.com.ar\/sitio\/wp-json\/wp\/v2\/media?parent=16944"}],"wp:term":[{"taxonomy":"product_brand","embeddable":true,"href":"https:\/\/farmaciadagostino.com.ar\/sitio\/wp-json\/wp\/v2\/product_brand?post=16944"},{"taxonomy":"product_cat","embeddable":true,"href":"https:\/\/farmaciadagostino.com.ar\/sitio\/wp-json\/wp\/v2\/product_cat?post=16944"},{"taxonomy":"product_tag","embeddable":true,"href":"https:\/\/farmaciadagostino.com.ar\/sitio\/wp-json\/wp\/v2\/product_tag?post=16944"}],"curies":[{"name":"wp","href":"https:\/\/api.w.org\/{rel}","templated":true}]}}