{"id":16997,"date":"2024-07-01T23:33:48","date_gmt":"2024-07-02T02:33:48","guid":{"rendered":"https:\/\/farmaciadagostino.com.ar\/sitio\/producto\/vitamin-way-colageno-hidrolizado-30-capsulas\/"},"modified":"2026-03-09T10:10:42","modified_gmt":"2026-03-09T13:10:42","slug":"vitamin-way-colageno-hidrolizado-30-capsulas","status":"publish","type":"product","link":"https:\/\/farmaciadagostino.com.ar\/sitio\/producto\/vitamin-way-colageno-hidrolizado-30-capsulas\/","title":{"rendered":"Vitamin Way Colageno Hidrolizado (30 C\u00e1psulas)"},"content":{"rendered":"<p>Col\u00e1geno Hidrolizado Vitamin Way aporta tres tipos de col\u00e1geno hidrolizado, \u00e1cido hialur\u00f3nico y antioxidantes.<br \/>\nLos col\u00e1genos tipo I y III son claves para la belleza y salud de la piel, cabello y u\u00f1as mientras que el col\u00e1geno tipo II contribuye a mantener saludables las articulaciones.  <\/p>\n<p>Este suplemento brinda en una sola c\u00e1psula los saludables beneficios de los tres col\u00e1genos.<\/p>\n","protected":false},"excerpt":{"rendered":"<p>Col\u00e1geno Hidrolizado Vitamin Way aporta tres tipos de col\u00e1geno hidrolizado, \u00e1cido hialur\u00f3nico y antioxidantes<\/p>\n","protected":false},"featured_media":12210,"comment_status":"open","ping_status":"closed","template":"","meta":[],"product_brand":[],"product_cat":[149],"product_tag":[],"class_list":{"0":"post-16997","1":"product","2":"type-product","3":"status-publish","4":"has-post-thumbnail","6":"product_cat-farmacia","8":"first","9":"instock","10":"shipping-taxable","11":"purchasable","12":"product-type-simple"},"_links":{"self":[{"href":"https:\/\/farmaciadagostino.com.ar\/sitio\/wp-json\/wp\/v2\/product\/16997","targetHints":{"allow":["GET"]}}],"collection":[{"href":"https:\/\/farmaciadagostino.com.ar\/sitio\/wp-json\/wp\/v2\/product"}],"about":[{"href":"https:\/\/farmaciadagostino.com.ar\/sitio\/wp-json\/wp\/v2\/types\/product"}],"replies":[{"embeddable":true,"href":"https:\/\/farmaciadagostino.com.ar\/sitio\/wp-json\/wp\/v2\/comments?post=16997"}],"wp:featuredmedia":[{"embeddable":true,"href":"https:\/\/farmaciadagostino.com.ar\/sitio\/wp-json\/wp\/v2\/media\/12210"}],"wp:attachment":[{"href":"https:\/\/farmaciadagostino.com.ar\/sitio\/wp-json\/wp\/v2\/media?parent=16997"}],"wp:term":[{"taxonomy":"product_brand","embeddable":true,"href":"https:\/\/farmaciadagostino.com.ar\/sitio\/wp-json\/wp\/v2\/product_brand?post=16997"},{"taxonomy":"product_cat","embeddable":true,"href":"https:\/\/farmaciadagostino.com.ar\/sitio\/wp-json\/wp\/v2\/product_cat?post=16997"},{"taxonomy":"product_tag","embeddable":true,"href":"https:\/\/farmaciadagostino.com.ar\/sitio\/wp-json\/wp\/v2\/product_tag?post=16997"}],"curies":[{"name":"wp","href":"https:\/\/api.w.org\/{rel}","templated":true}]}}