{"id":16999,"date":"2024-07-01T23:33:48","date_gmt":"2024-07-02T02:33:48","guid":{"rendered":"https:\/\/farmaciadagostino.com.ar\/sitio\/producto\/vitamin-way-curcuma-y-jengibre-con-pimienta-30-capsulas\/"},"modified":"2026-03-09T10:25:51","modified_gmt":"2026-03-09T13:25:51","slug":"vitamin-way-curcuma-y-jengibre-con-pimienta-30-capsulas","status":"publish","type":"product","link":"https:\/\/farmaciadagostino.com.ar\/sitio\/producto\/vitamin-way-curcuma-y-jengibre-con-pimienta-30-capsulas\/","title":{"rendered":"Vitamin Way C\u00farcuma Y Jengibre Con Pimienta 30 capsulas"},"content":{"rendered":"<p>C\u00farcuma + Jengibre con Pimienta Vitamin Way es un suplemento a base de extractos vegetales reconocidos por su elevada actividad antioxidante y antiinflamatoria. Los ingredientes funcionales de esta novedosa f\u00f3rmula ayudan a disminuir las molestias articulares y contribuyen a mejorar la movilidad y la flexibilidad. La piperina de la pimienta negra juega un papel importante en el alivio del dolor y contribuye a la mejor absorci\u00f3n de la c\u00farcuma y el jengibre, colaborando sin\u00e9rgicamente en el bienestar articular.<\/p>\n<p>Beneficios:? <\/p>\n<p>Ayuda a mejorar la movilidad f\u00edsica y flexibilidad.<\/p>\n<p>-Con antioxidantes que ayudan a reducir la inflamaci\u00f3n articular.<\/p>\n<p>-Ayuda a proteger la estructura del cart\u00edlago.<\/p>\n<p>-Con pimienta negra que mejora la biodisponibilidad.<\/p>\n<p>-Ingesta sugerida: 1 c\u00e1psula diaria.                                                                                        \u00ab<\/p>\n","protected":false},"excerpt":{"rendered":"<p>C\u00farcuma + Jengibre con Pimienta Vitamin Way es un suplemento a base de extractos vegetales reconocidos por su elevada actividad antioxidante y antiinflamatoria<\/p>\n","protected":false},"featured_media":12199,"comment_status":"open","ping_status":"closed","template":"","meta":[],"product_brand":[],"product_cat":[149],"product_tag":[],"class_list":{"0":"post-16999","1":"product","2":"type-product","3":"status-publish","4":"has-post-thumbnail","6":"product_cat-farmacia","8":"first","9":"instock","10":"shipping-taxable","11":"purchasable","12":"product-type-simple"},"_links":{"self":[{"href":"https:\/\/farmaciadagostino.com.ar\/sitio\/wp-json\/wp\/v2\/product\/16999","targetHints":{"allow":["GET"]}}],"collection":[{"href":"https:\/\/farmaciadagostino.com.ar\/sitio\/wp-json\/wp\/v2\/product"}],"about":[{"href":"https:\/\/farmaciadagostino.com.ar\/sitio\/wp-json\/wp\/v2\/types\/product"}],"replies":[{"embeddable":true,"href":"https:\/\/farmaciadagostino.com.ar\/sitio\/wp-json\/wp\/v2\/comments?post=16999"}],"wp:featuredmedia":[{"embeddable":true,"href":"https:\/\/farmaciadagostino.com.ar\/sitio\/wp-json\/wp\/v2\/media\/12199"}],"wp:attachment":[{"href":"https:\/\/farmaciadagostino.com.ar\/sitio\/wp-json\/wp\/v2\/media?parent=16999"}],"wp:term":[{"taxonomy":"product_brand","embeddable":true,"href":"https:\/\/farmaciadagostino.com.ar\/sitio\/wp-json\/wp\/v2\/product_brand?post=16999"},{"taxonomy":"product_cat","embeddable":true,"href":"https:\/\/farmaciadagostino.com.ar\/sitio\/wp-json\/wp\/v2\/product_cat?post=16999"},{"taxonomy":"product_tag","embeddable":true,"href":"https:\/\/farmaciadagostino.com.ar\/sitio\/wp-json\/wp\/v2\/product_tag?post=16999"}],"curies":[{"name":"wp","href":"https:\/\/api.w.org\/{rel}","templated":true}]}}