{"id":17005,"date":"2024-07-01T23:33:49","date_gmt":"2024-07-02T02:33:49","guid":{"rendered":"https:\/\/farmaciadagostino.com.ar\/sitio\/producto\/vitamin-way-suplemento-dietario-acido-hialuronico-30-capsulas\/"},"modified":"2026-03-09T10:25:51","modified_gmt":"2026-03-09T13:25:51","slug":"vitamin-way-suplemento-dietario-acido-hialuronico-30-capsulas","status":"publish","type":"product","link":"https:\/\/farmaciadagostino.com.ar\/sitio\/producto\/vitamin-way-suplemento-dietario-acido-hialuronico-30-capsulas\/","title":{"rendered":"Vitamin Way Suplemento Dietario \u00c1cido Hialur\u00f3nico (30 C\u00e1psulas)"},"content":{"rendered":"<p>El \u00e1cido hialur\u00f3nico, conocido tambi\u00e9n como hyaluronan, es un polisac\u00e1rido que posee la capacidad de retener el agua en un porcentaje equivalente a miles de veces su peso. Es por ello que se emplea para hidrataci\u00f3n de la epidermis ya que ayuda a reconstituir las fibras que sostienen los tejidos de la piel. Se lo utiliza com\u00fanmente como un ingrediente en productos cosm\u00e9ticos debido a sus cualidades hidratantes, inclusive en caso de arrugas faciales. Este \u00e1cido es el principal componente de la piel, donde se encuentra concentrado el 50% del \u00e1cido hialur\u00f3nico total del organismo.<\/p>\n<h5>Modo de Uso:<\/h5>\n<p>1 c\u00e1psula diaria. Ingerir con abundante agua.<\/p>\n<h5>Advertencias:<\/h5>\n<p>Consulte a su m\u00e9dico antes de consumir este producto. No utilizar en caso de embarazo, lactancia ni en ni\u00f1os. Mantener fuera del alcance de los ni\u00f1os.<\/p>\n","protected":false},"excerpt":{"rendered":"<p>El \u00e1cido hialur\u00f3nico, conocido tambi\u00e9n como hyaluronan, es un polisac\u00e1rido que posee la capacidad de retener el agua en un porcentaje equivalente a miles de veces su peso<\/p>\n","protected":false},"featured_media":12161,"comment_status":"open","ping_status":"closed","template":"","meta":[],"product_brand":[],"product_cat":[149],"product_tag":[],"class_list":{"0":"post-17005","1":"product","2":"type-product","3":"status-publish","4":"has-post-thumbnail","6":"product_cat-farmacia","8":"first","9":"instock","10":"shipping-taxable","11":"purchasable","12":"product-type-simple"},"_links":{"self":[{"href":"https:\/\/farmaciadagostino.com.ar\/sitio\/wp-json\/wp\/v2\/product\/17005","targetHints":{"allow":["GET"]}}],"collection":[{"href":"https:\/\/farmaciadagostino.com.ar\/sitio\/wp-json\/wp\/v2\/product"}],"about":[{"href":"https:\/\/farmaciadagostino.com.ar\/sitio\/wp-json\/wp\/v2\/types\/product"}],"replies":[{"embeddable":true,"href":"https:\/\/farmaciadagostino.com.ar\/sitio\/wp-json\/wp\/v2\/comments?post=17005"}],"wp:featuredmedia":[{"embeddable":true,"href":"https:\/\/farmaciadagostino.com.ar\/sitio\/wp-json\/wp\/v2\/media\/12161"}],"wp:attachment":[{"href":"https:\/\/farmaciadagostino.com.ar\/sitio\/wp-json\/wp\/v2\/media?parent=17005"}],"wp:term":[{"taxonomy":"product_brand","embeddable":true,"href":"https:\/\/farmaciadagostino.com.ar\/sitio\/wp-json\/wp\/v2\/product_brand?post=17005"},{"taxonomy":"product_cat","embeddable":true,"href":"https:\/\/farmaciadagostino.com.ar\/sitio\/wp-json\/wp\/v2\/product_cat?post=17005"},{"taxonomy":"product_tag","embeddable":true,"href":"https:\/\/farmaciadagostino.com.ar\/sitio\/wp-json\/wp\/v2\/product_tag?post=17005"}],"curies":[{"name":"wp","href":"https:\/\/api.w.org\/{rel}","templated":true}]}}