{"id":17007,"date":"2024-07-01T23:33:49","date_gmt":"2024-07-02T02:33:49","guid":{"rendered":"https:\/\/farmaciadagostino.com.ar\/sitio\/producto\/vitamin-way-suplemento-dietario-arandano-ury-estuche-30-capsulas\/"},"modified":"2026-03-09T10:18:48","modified_gmt":"2026-03-09T13:18:48","slug":"vitamin-way-suplemento-dietario-arandano-ury-estuche-30-capsulas","status":"publish","type":"product","link":"https:\/\/farmaciadagostino.com.ar\/sitio\/producto\/vitamin-way-suplemento-dietario-arandano-ury-estuche-30-capsulas\/","title":{"rendered":"Vitamin Way Suplemento Dietario Ar\u00e1ndano Ury Estuche (30 C\u00e1psulas)"},"content":{"rendered":"<h5>Nombre<\/h5>\n<p>Suplemento dietario antioxidante Pharmamerican Ar\u00e1ndano Ury capsulas x 30 un<\/p>\n<h5>Descripci\u00f3n<\/h5>\n<p>Beneficia el sistema cardiovascular y al mantenimiento de una vida saludable son extracto ar\u00e1ndanos Rojo y Azul mas vitaminas C y E <\/p><\/p>\n","protected":false},"excerpt":{"rendered":"<p>NombreSuplemento dietario antioxidante Pharmamerican Ar\u00e1ndano Ury capsulas x 30 unDescripci\u00f3nBeneficia el sistema cardiovascular y al mantenimiento de una vida saludable son extracto ar\u00e1ndanos Rojo y Azul mas vitaminas C y E <\/p>\n","protected":false},"featured_media":12157,"comment_status":"open","ping_status":"closed","template":"","meta":[],"product_brand":[],"product_cat":[149],"product_tag":[],"class_list":{"0":"post-17007","1":"product","2":"type-product","3":"status-publish","4":"has-post-thumbnail","6":"product_cat-farmacia","8":"first","9":"instock","10":"shipping-taxable","11":"purchasable","12":"product-type-simple"},"_links":{"self":[{"href":"https:\/\/farmaciadagostino.com.ar\/sitio\/wp-json\/wp\/v2\/product\/17007","targetHints":{"allow":["GET"]}}],"collection":[{"href":"https:\/\/farmaciadagostino.com.ar\/sitio\/wp-json\/wp\/v2\/product"}],"about":[{"href":"https:\/\/farmaciadagostino.com.ar\/sitio\/wp-json\/wp\/v2\/types\/product"}],"replies":[{"embeddable":true,"href":"https:\/\/farmaciadagostino.com.ar\/sitio\/wp-json\/wp\/v2\/comments?post=17007"}],"wp:featuredmedia":[{"embeddable":true,"href":"https:\/\/farmaciadagostino.com.ar\/sitio\/wp-json\/wp\/v2\/media\/12157"}],"wp:attachment":[{"href":"https:\/\/farmaciadagostino.com.ar\/sitio\/wp-json\/wp\/v2\/media?parent=17007"}],"wp:term":[{"taxonomy":"product_brand","embeddable":true,"href":"https:\/\/farmaciadagostino.com.ar\/sitio\/wp-json\/wp\/v2\/product_brand?post=17007"},{"taxonomy":"product_cat","embeddable":true,"href":"https:\/\/farmaciadagostino.com.ar\/sitio\/wp-json\/wp\/v2\/product_cat?post=17007"},{"taxonomy":"product_tag","embeddable":true,"href":"https:\/\/farmaciadagostino.com.ar\/sitio\/wp-json\/wp\/v2\/product_tag?post=17007"}],"curies":[{"name":"wp","href":"https:\/\/api.w.org\/{rel}","templated":true}]}}