{"id":17012,"date":"2024-07-01T23:33:49","date_gmt":"2024-07-02T02:33:49","guid":{"rendered":"https:\/\/farmaciadagostino.com.ar\/sitio\/producto\/falic-gel-intimo-lubricante-pomo-50-gr\/"},"modified":"2026-03-09T10:10:43","modified_gmt":"2026-03-09T13:10:43","slug":"falic-gel-intimo-lubricante-pomo-50-gr","status":"publish","type":"product","link":"https:\/\/farmaciadagostino.com.ar\/sitio\/producto\/falic-gel-intimo-lubricante-pomo-50-gr\/","title":{"rendered":"Falic Gel \u00cdntimo Lubricante Pomo 50 gr"},"content":{"rendered":"<h5>Nombre<\/h5>\n<p>Lubricante en Gel Falic puro placer x 50 gr<\/p>\n<h5>Descripci\u00f3n<\/h5>\n<p>Falic\u00ae Gel lubricante est\u00e1 formulado con el objeto de proveer una adecuada lubricaci\u00f3n genital, y puede ser utilizado para lubricar preservativos. Adem\u00e1s su suavidad y durabilidad, tiene una base acuosa lo que permite su aplicaci\u00f3n reiterada sin necesidad de ser removido.<\/p>\n","protected":false},"excerpt":{"rendered":"<p>NombreLubricante en Gel Falic puro placer x 50 grDescripci\u00f3nFalic\u00ae Gel lubricante est\u00e1 formulado con el objeto de proveer una adecuada lubricaci\u00f3n genital, y puede ser utilizado para lubricar preservativos<\/p>\n","protected":false},"featured_media":12050,"comment_status":"open","ping_status":"closed","template":"","meta":[],"product_brand":[],"product_cat":[239],"product_tag":[],"class_list":{"0":"post-17012","1":"product","2":"type-product","3":"status-publish","4":"has-post-thumbnail","6":"product_cat-intimo","8":"first","9":"instock","10":"shipping-taxable","11":"purchasable","12":"product-type-simple"},"_links":{"self":[{"href":"https:\/\/farmaciadagostino.com.ar\/sitio\/wp-json\/wp\/v2\/product\/17012","targetHints":{"allow":["GET"]}}],"collection":[{"href":"https:\/\/farmaciadagostino.com.ar\/sitio\/wp-json\/wp\/v2\/product"}],"about":[{"href":"https:\/\/farmaciadagostino.com.ar\/sitio\/wp-json\/wp\/v2\/types\/product"}],"replies":[{"embeddable":true,"href":"https:\/\/farmaciadagostino.com.ar\/sitio\/wp-json\/wp\/v2\/comments?post=17012"}],"wp:featuredmedia":[{"embeddable":true,"href":"https:\/\/farmaciadagostino.com.ar\/sitio\/wp-json\/wp\/v2\/media\/12050"}],"wp:attachment":[{"href":"https:\/\/farmaciadagostino.com.ar\/sitio\/wp-json\/wp\/v2\/media?parent=17012"}],"wp:term":[{"taxonomy":"product_brand","embeddable":true,"href":"https:\/\/farmaciadagostino.com.ar\/sitio\/wp-json\/wp\/v2\/product_brand?post=17012"},{"taxonomy":"product_cat","embeddable":true,"href":"https:\/\/farmaciadagostino.com.ar\/sitio\/wp-json\/wp\/v2\/product_cat?post=17012"},{"taxonomy":"product_tag","embeddable":true,"href":"https:\/\/farmaciadagostino.com.ar\/sitio\/wp-json\/wp\/v2\/product_tag?post=17012"}],"curies":[{"name":"wp","href":"https:\/\/api.w.org\/{rel}","templated":true}]}}