{"id":17016,"date":"2024-07-01T23:33:50","date_gmt":"2024-07-02T02:33:50","guid":{"rendered":"https:\/\/farmaciadagostino.com.ar\/sitio\/producto\/prime-gel-lubricante-sensual-natural-22-gr\/"},"modified":"2026-03-09T10:10:43","modified_gmt":"2026-03-09T13:10:43","slug":"prime-gel-lubricante-sensual-natural-22-gr","status":"publish","type":"product","link":"https:\/\/farmaciadagostino.com.ar\/sitio\/producto\/prime-gel-lubricante-sensual-natural-22-gr\/","title":{"rendered":"Prime Gel Lubricante Sensual Natural 22 gr"},"content":{"rendered":"<h5>Nombre<\/h5>\n<p> Gel Prime Sensual Natural x 22 gr<\/p>\n<h5>Descripci\u00f3n<\/h5>\n<p>Disfrut\u00e1 de una experiencia natural a base de agua y formulado con Aloe Vera y Cal\u00e9ndula. Este gel \u00edntimo provee una lubricaci\u00f3n superior. Permite una hidrataci\u00f3n inmediata y prolongada haciendo de tu encuentro una experiencia m\u00e1s suave y placentera. No afecta el l\u00e1tex. No mancha.<\/p>\n","protected":false},"excerpt":{"rendered":"<p>Nombre Gel Prime Sensual Natural x 22 grDescripci\u00f3nDisfrut\u00e1 de una experiencia natural a base de agua y formulado con Aloe Vera y Cal\u00e9ndula<\/p>\n","protected":false},"featured_media":10860,"comment_status":"open","ping_status":"closed","template":"","meta":[],"product_brand":[],"product_cat":[239],"product_tag":[],"class_list":{"0":"post-17016","1":"product","2":"type-product","3":"status-publish","4":"has-post-thumbnail","6":"product_cat-intimo","8":"first","9":"instock","10":"shipping-taxable","11":"purchasable","12":"product-type-simple"},"_links":{"self":[{"href":"https:\/\/farmaciadagostino.com.ar\/sitio\/wp-json\/wp\/v2\/product\/17016","targetHints":{"allow":["GET"]}}],"collection":[{"href":"https:\/\/farmaciadagostino.com.ar\/sitio\/wp-json\/wp\/v2\/product"}],"about":[{"href":"https:\/\/farmaciadagostino.com.ar\/sitio\/wp-json\/wp\/v2\/types\/product"}],"replies":[{"embeddable":true,"href":"https:\/\/farmaciadagostino.com.ar\/sitio\/wp-json\/wp\/v2\/comments?post=17016"}],"wp:featuredmedia":[{"embeddable":true,"href":"https:\/\/farmaciadagostino.com.ar\/sitio\/wp-json\/wp\/v2\/media\/10860"}],"wp:attachment":[{"href":"https:\/\/farmaciadagostino.com.ar\/sitio\/wp-json\/wp\/v2\/media?parent=17016"}],"wp:term":[{"taxonomy":"product_brand","embeddable":true,"href":"https:\/\/farmaciadagostino.com.ar\/sitio\/wp-json\/wp\/v2\/product_brand?post=17016"},{"taxonomy":"product_cat","embeddable":true,"href":"https:\/\/farmaciadagostino.com.ar\/sitio\/wp-json\/wp\/v2\/product_cat?post=17016"},{"taxonomy":"product_tag","embeddable":true,"href":"https:\/\/farmaciadagostino.com.ar\/sitio\/wp-json\/wp\/v2\/product_tag?post=17016"}],"curies":[{"name":"wp","href":"https:\/\/api.w.org\/{rel}","templated":true}]}}