{"id":17022,"date":"2024-07-01T23:33:53","date_gmt":"2024-07-02T02:33:53","guid":{"rendered":"https:\/\/farmaciadagostino.com.ar\/sitio\/producto\/juguete-eroticotulipan-vibrador\/"},"modified":"2026-03-09T10:18:48","modified_gmt":"2026-03-09T13:18:48","slug":"juguete-eroticotulipan-vibrador","status":"publish","type":"product","link":"https:\/\/farmaciadagostino.com.ar\/sitio\/producto\/juguete-eroticotulipan-vibrador\/","title":{"rendered":"Juguete Er\u00f3ticotulip\u00e1n Vibrador"},"content":{"rendered":"<p>Ideal para conocer y explorar el propio cuerpo, experimentando sensaciones nuevas de placer.<\/p>\n<h5>Beneficios:<\/h5>\n<p>-Ayuda a conseguir y prolongar los orgasmos, en especial, cuando se usa para estimular las zonas \u00edntimas. <\/p>\n<p>-Facilita la obtenci\u00f3n de orgasmos y, con el tiempo, los intensifica y prolonga. <\/p>\n<p>-Hecho de silicona. <\/p>\n<p>-Dise\u00f1ado con curvas en relieve para una estimulaci\u00f3n m\u00e1s intensa y placentera. <\/p>\n<p>-Sensaciones estimulantes con 3 velocidades de vibraci\u00f3n. <\/p>\n<p>&#8211; Contribuye a alcanzar mayores niveles de excitaci\u00f3n sexual. <\/p>\n","protected":false},"excerpt":{"rendered":"<p>Ideal para conocer y explorar el propio cuerpo, experimentando sensaciones nuevas de placer<\/p>\n","protected":false},"featured_media":10322,"comment_status":"open","ping_status":"closed","template":"","meta":[],"product_brand":[],"product_cat":[239],"product_tag":[],"class_list":{"0":"post-17022","1":"product","2":"type-product","3":"status-publish","4":"has-post-thumbnail","6":"product_cat-intimo","8":"first","9":"instock","10":"shipping-taxable","11":"purchasable","12":"product-type-simple"},"_links":{"self":[{"href":"https:\/\/farmaciadagostino.com.ar\/sitio\/wp-json\/wp\/v2\/product\/17022","targetHints":{"allow":["GET"]}}],"collection":[{"href":"https:\/\/farmaciadagostino.com.ar\/sitio\/wp-json\/wp\/v2\/product"}],"about":[{"href":"https:\/\/farmaciadagostino.com.ar\/sitio\/wp-json\/wp\/v2\/types\/product"}],"replies":[{"embeddable":true,"href":"https:\/\/farmaciadagostino.com.ar\/sitio\/wp-json\/wp\/v2\/comments?post=17022"}],"wp:featuredmedia":[{"embeddable":true,"href":"https:\/\/farmaciadagostino.com.ar\/sitio\/wp-json\/wp\/v2\/media\/10322"}],"wp:attachment":[{"href":"https:\/\/farmaciadagostino.com.ar\/sitio\/wp-json\/wp\/v2\/media?parent=17022"}],"wp:term":[{"taxonomy":"product_brand","embeddable":true,"href":"https:\/\/farmaciadagostino.com.ar\/sitio\/wp-json\/wp\/v2\/product_brand?post=17022"},{"taxonomy":"product_cat","embeddable":true,"href":"https:\/\/farmaciadagostino.com.ar\/sitio\/wp-json\/wp\/v2\/product_cat?post=17022"},{"taxonomy":"product_tag","embeddable":true,"href":"https:\/\/farmaciadagostino.com.ar\/sitio\/wp-json\/wp\/v2\/product_tag?post=17022"}],"curies":[{"name":"wp","href":"https:\/\/api.w.org\/{rel}","templated":true}]}}