{"id":17027,"date":"2024-07-01T23:33:55","date_gmt":"2024-07-02T02:33:55","guid":{"rendered":"https:\/\/farmaciadagostino.com.ar\/sitio\/producto\/tulipan-lubricante-en-gel-uso-intimo-calor-x-30-ml\/"},"modified":"2026-03-09T10:25:51","modified_gmt":"2026-03-09T13:25:51","slug":"tulipan-lubricante-en-gel-uso-intimo-calor-x-30-ml","status":"publish","type":"product","link":"https:\/\/farmaciadagostino.com.ar\/sitio\/producto\/tulipan-lubricante-en-gel-uso-intimo-calor-x-30-ml\/","title":{"rendered":"Tulip\u00e1n Lubricante en Gel Uso \u00cdntimo Calor x 30 ml"},"content":{"rendered":"<h5>Nombre<\/h5>\n<p>Lubricante en Gel Tulip\u00e1n para uso \u00edntimo calor x 30  ml<\/p>\n<h5>Descripci\u00f3n<\/h5>\n<p>El gel lubricante Excitante Calor de Tulipan maximiza el placer de las relaciones, ya que al aplicarlo sobre las zonas genitales de la pareja genera un leve aumento de la temperatura en las zonas intimas durante la relaci\u00f3n sexual.<\/p>\n<h5>Modo de Uso<\/h5>\n<p>Se aplica directamente sobre las zonas genitales. En la mujer se aplica sobre la vagina y en el hombre sobre el pene o sobre el preservativo en el caso que este usando este m\u00e9todo de protecci\u00f3n.<\/p>\n","protected":false},"excerpt":{"rendered":"<p>NombreLubricante en Gel Tulip\u00e1n para uso \u00edntimo calor x 30  mlDescripci\u00f3nEl gel lubricante Excitante Calor de Tulipan maximiza el placer de las relaciones, ya que al aplicarlo sobre las zonas genitales de la pareja genera un leve aumento de la temperatura en las zonas intimas durante la relaci\u00f3n sexual<\/p>\n","protected":false},"featured_media":10313,"comment_status":"open","ping_status":"closed","template":"","meta":[],"product_brand":[],"product_cat":[239],"product_tag":[],"class_list":{"0":"post-17027","1":"product","2":"type-product","3":"status-publish","4":"has-post-thumbnail","6":"product_cat-intimo","8":"first","9":"instock","10":"shipping-taxable","11":"purchasable","12":"product-type-simple"},"_links":{"self":[{"href":"https:\/\/farmaciadagostino.com.ar\/sitio\/wp-json\/wp\/v2\/product\/17027","targetHints":{"allow":["GET"]}}],"collection":[{"href":"https:\/\/farmaciadagostino.com.ar\/sitio\/wp-json\/wp\/v2\/product"}],"about":[{"href":"https:\/\/farmaciadagostino.com.ar\/sitio\/wp-json\/wp\/v2\/types\/product"}],"replies":[{"embeddable":true,"href":"https:\/\/farmaciadagostino.com.ar\/sitio\/wp-json\/wp\/v2\/comments?post=17027"}],"wp:featuredmedia":[{"embeddable":true,"href":"https:\/\/farmaciadagostino.com.ar\/sitio\/wp-json\/wp\/v2\/media\/10313"}],"wp:attachment":[{"href":"https:\/\/farmaciadagostino.com.ar\/sitio\/wp-json\/wp\/v2\/media?parent=17027"}],"wp:term":[{"taxonomy":"product_brand","embeddable":true,"href":"https:\/\/farmaciadagostino.com.ar\/sitio\/wp-json\/wp\/v2\/product_brand?post=17027"},{"taxonomy":"product_cat","embeddable":true,"href":"https:\/\/farmaciadagostino.com.ar\/sitio\/wp-json\/wp\/v2\/product_cat?post=17027"},{"taxonomy":"product_tag","embeddable":true,"href":"https:\/\/farmaciadagostino.com.ar\/sitio\/wp-json\/wp\/v2\/product_tag?post=17027"}],"curies":[{"name":"wp","href":"https:\/\/api.w.org\/{rel}","templated":true}]}}