{"id":17032,"date":"2024-07-01T23:33:57","date_gmt":"2024-07-02T02:33:57","guid":{"rendered":"https:\/\/farmaciadagostino.com.ar\/sitio\/producto\/vitamin-way-suplemento-dietario-hialuronico-anti-arrugas-30-capsulas\/"},"modified":"2026-03-09T10:25:51","modified_gmt":"2026-03-09T13:25:51","slug":"vitamin-way-suplemento-dietario-hialuronico-anti-arrugas-30-capsulas","status":"publish","type":"product","link":"https:\/\/farmaciadagostino.com.ar\/sitio\/producto\/vitamin-way-suplemento-dietario-hialuronico-anti-arrugas-30-capsulas\/","title":{"rendered":"Vitamin Way Suplemento Dietario Hialur\u00f3nico Anti Arrugas (30 C\u00e1psulas)"},"content":{"rendered":"<p>Suplemento Dietario Pharmamerican \u00c1cido Hialur\u00f3nico Antiarrugas x 30 c\u00e1psulas. Posee Zinc y Co-Q10. Contiene ingredientes que ayudan a mantener la firmeza, elasticidad y estructura de la piel. L\u00edneas de expresi\u00f3n y arrugas.<\/p>\n<h5>Modo de Uso:<\/h5>\n<p>Ingesta recomendada: 1 c\u00e1psula diaria. Consulte a su m\u00e9dico antes de consumir este producto. No utilizar en caso de embarazo, lactancia ni en ni\u00f1os. Mantener fuera del alcance de los ni\u00f1os. Conservar en lugar seco a temperatura ambiente.<\/p>\n","protected":false},"excerpt":{"rendered":"<p>Suplemento Dietario Pharmamerican \u00c1cido Hialur\u00f3nico Antiarrugas x 30 c\u00e1psulas<\/p>\n","protected":false},"featured_media":12173,"comment_status":"open","ping_status":"closed","template":"","meta":[],"product_brand":[],"product_cat":[149],"product_tag":[],"class_list":{"0":"post-17032","1":"product","2":"type-product","3":"status-publish","4":"has-post-thumbnail","6":"product_cat-farmacia","8":"first","9":"instock","10":"shipping-taxable","11":"purchasable","12":"product-type-simple"},"_links":{"self":[{"href":"https:\/\/farmaciadagostino.com.ar\/sitio\/wp-json\/wp\/v2\/product\/17032","targetHints":{"allow":["GET"]}}],"collection":[{"href":"https:\/\/farmaciadagostino.com.ar\/sitio\/wp-json\/wp\/v2\/product"}],"about":[{"href":"https:\/\/farmaciadagostino.com.ar\/sitio\/wp-json\/wp\/v2\/types\/product"}],"replies":[{"embeddable":true,"href":"https:\/\/farmaciadagostino.com.ar\/sitio\/wp-json\/wp\/v2\/comments?post=17032"}],"wp:featuredmedia":[{"embeddable":true,"href":"https:\/\/farmaciadagostino.com.ar\/sitio\/wp-json\/wp\/v2\/media\/12173"}],"wp:attachment":[{"href":"https:\/\/farmaciadagostino.com.ar\/sitio\/wp-json\/wp\/v2\/media?parent=17032"}],"wp:term":[{"taxonomy":"product_brand","embeddable":true,"href":"https:\/\/farmaciadagostino.com.ar\/sitio\/wp-json\/wp\/v2\/product_brand?post=17032"},{"taxonomy":"product_cat","embeddable":true,"href":"https:\/\/farmaciadagostino.com.ar\/sitio\/wp-json\/wp\/v2\/product_cat?post=17032"},{"taxonomy":"product_tag","embeddable":true,"href":"https:\/\/farmaciadagostino.com.ar\/sitio\/wp-json\/wp\/v2\/product_tag?post=17032"}],"curies":[{"name":"wp","href":"https:\/\/api.w.org\/{rel}","templated":true}]}}